{"id":546,"date":"2023-02-01T12:32:23","date_gmt":"2023-02-01T12:32:23","guid":{"rendered":"https:\/\/www.jolivelo.com\/widerrufsbelehrung\/"},"modified":"2023-02-01T16:10:21","modified_gmt":"2023-02-01T16:10:21","slug":"%e3%82%ad%e3%83%a3%e3%83%b3%e3%82%bb%e3%83%ab%e3%83%9d%e3%83%aa%e3%82%b7%e3%83%bc","status":"publish","type":"page","link":"https:\/\/www.jolivelo.com\/ja\/%e3%82%ad%e3%83%a3%e3%83%b3%e3%82%bb%e3%83%ab%e3%83%9d%e3%83%aa%e3%82%b7%e3%83%bc\/","title":{"rendered":"\u30ad\u30e3\u30f3\u30bb\u30eb\u30dd\u30ea\u30b7\u30fc"},"content":{"rendered":"<div data-elementor-type=\"wp-page\" data-elementor-id=\"546\" class=\"elementor elementor-546\" data-elementor-post-type=\"page\">\n\t\t\t\t\t\t<section class=\"elementor-section elementor-top-section elementor-element elementor-element-809a92f elementor-section-boxed elementor-section-height-default elementor-section-height-default\" data-id=\"809a92f\" data-element_type=\"section\" data-e-type=\"section\">\n\t\t\t\t\t\t<div class=\"elementor-container elementor-column-gap-default\">\n\t\t\t\t\t<div class=\"elementor-column elementor-col-100 elementor-top-column elementor-element elementor-element-7c019fa\" data-id=\"7c019fa\" data-element_type=\"column\" data-e-type=\"column\">\n\t\t\t<div class=\"elementor-widget-wrap elementor-element-populated\">\n\t\t\t\t\t\t<div class=\"elementor-element elementor-element-5a86996 elementor-widget elementor-widget-heading\" data-id=\"5a86996\" data-element_type=\"widget\" data-e-type=\"widget\" data-widget_type=\"heading.default\">\n\t\t\t\t<div class=\"elementor-widget-container\">\n\t\t\t\t\t<h2 class=\"elementor-heading-title elementor-size-default\">\u30ad\u30e3\u30f3\u30bb\u30eb\u30dd\u30ea\u30b7\u30fc<\/h2>\t\t\t\t<\/div>\n\t\t\t\t<\/div>\n\t\t\t\t<div class=\"elementor-element elementor-element-a7c8f71 elementor-widget elementor-widget-text-editor\" data-id=\"a7c8f71\" data-element_type=\"widget\" data-e-type=\"widget\" data-widget_type=\"text-editor.default\">\n\t\t\t\t<div class=\"elementor-widget-container\">\n\t\t\t\t\t\t\t\t\t<h3 id=\"widerrufsrecht\">\u89e3\u7d04\u6a29<\/h3><p>\u304a\u5ba2\u69d8\u306f\u300114\u65e5\u4ee5\u5185\u3067\u3042\u308c\u3070\u3001\u7406\u7531\u3092\u8ff0\u3079\u308b\u3053\u3068\u306a\u304f\u672c\u5951\u7d04\u3092\u89e3\u7d04\u3059\u308b\u6a29\u5229\u3092\u6709\u3057\u307e\u3059\u3002\u00a0<a title=\"\u5951\u7d04\" href=\"https:\/\/www.juraforum.de\/rechtsberatung\/einen-vertrag-pruefen.html\" target=\"_blank\" rel=\"noopener\">\u5951\u7d04<\/a>\u00a0\u3092\u53d6\u308a\u6d88\u3059\u3002<\/p><p>\u30ad\u30e3\u30f3\u30bb\u30eb\u306e\u671f\u9593\u306f\u3001\u305d\u306e\u65e5\u304b\u308914\u65e5\u9593\u3067\u3059\u3002<\/p><p>\u30ad\u30e3\u30f3\u30bb\u30eb\u306e\u6a29\u5229\u3092\u884c\u4f7f\u3059\u308b\u305f\u3081\u306b\u306f\u3001\u660e\u78ba\u306a\u65b9\u6cd5\u3067\u5f53\u793e\u306b\u901a\u77e5\u3059\u308b\u5fc5\u8981\u304c\u3042\u308a\u307e\u3059\u3002\u00a0<a title=\"\u8aac\u660e\" href=\"https:\/\/www.juraforum.de\/lexikon\/erklaerung\" target=\"_blank\" rel=\"noopener\">\u8aac\u660e<\/a> (\u672c\u5951\u7d04\u3092\u89e3\u7d04\u3059\u308b\u3053\u3068\u3092\u6c7a\u5b9a\u3057\u305f\u5834\u5408\u3001\u305d\u306e\u65e8\u3092\u66f8\u9762\uff08\u90f5\u9001\u307e\u305f\u306fE\u30e1\u30fc\u30eb\u306a\u3069\uff09\u3067\u901a\u77e5\u3057\u3066\u304f\u3060\u3055\u3044\u3002\u6dfb\u4ed8\u306e\u30ad\u30e3\u30f3\u30bb\u30eb\u30d5\u30a9\u30fc\u30e0\u306e\u30b5\u30f3\u30d7\u30eb\u3092\u4f7f\u7528\u3059\u308b\u3053\u3068\u3082\u3067\u304d\u307e\u3059\u304c\u3001\u3053\u308c\u306f\u5fc5\u9808\u3067\u306f\u3042\u308a\u307e\u305b\u3093\u3002<\/p><p>\u89e3\u7d04\u671f\u9650\u306b\u9593\u306b\u5408\u308f\u305b\u308b\u306b\u306f\u3001\u89e3\u7d04\u671f\u9593\u6e80\u4e86\u524d\u306b\u89e3\u7d04\u6a29\u884c\u4f7f\u306e\u901a\u77e5\u3092\u9001\u4ed8\u3059\u308c\u3070\u5341\u5206\u3067\u3059\u3002<\/p><h3 id=\"folgen-des-widerrufs\">\u30ad\u30e3\u30f3\u30bb\u30eb\u306e\u7d50\u679c<\/h3><p>\u304a\u5ba2\u69d8\u304c\u672c\u5951\u7d04\u3092\u89e3\u9664\u3055\u308c\u305f\u5834\u5408\u3001\u5f53\u793e\u306f\u3001\u304a\u5ba2\u69d8\u304b\u3089\u53d7\u9818\u3057\u305f\u5168\u3066\u306e\u4ee3\u91d1\uff08\u914d\u9001\u6599\u3092\u542b\u3080\uff09\u3092\u8fd4\u91d1\u3044\u305f\u3057\u307e\u3059\uff08\u305f\u3060\u3057\u3001\u672c\u5951\u7d04\u89e3\u9664\u306b\u4f34\u3046\u8ffd\u52a0\u9001\u6599\u306f\u9664\u304d\u307e\u3059\uff09\u3002\u00a0<a title=\"\u8cbb\u7528\" href=\"https:\/\/www.juraforum.de\/lexikon\/kosten\" target=\"_blank\" rel=\"noopener\">\u8cbb\u7528<\/a>\u3092\u4f7f\u7528\u3057\u3066\u3044\u308b\u3053\u3068\u306b\u8d77\u56e0\u3059\u308b\u3002\u00a0<a title=\"\u914d\u9054\" href=\"https:\/\/www.juraforum.de\/lexikon\/lieferung\" target=\"_blank\" rel=\"noopener\">\u914d\u9054<\/a>\u00a0\u3053\u306e\u5834\u5408\u3001\u5f53\u793e\u306f\u3001\u304a\u5ba2\u69d8\u304b\u3089\u672c\u5951\u7d04\u306e\u89e3\u7d04\u306e\u901a\u77e5\u3092\u53d7\u9818\u3057\u305f\u65e5\u304b\u3089\u76f4\u3061\u306b\u3001\u9045\u304f\u3068\u308214\u65e5\u4ee5\u5185\u306b\u3001\uff08\u5f53\u793e\u304c\u63d0\u4f9b\u3059\u308b\u6700\u3082\u6709\u5229\u306a\u6a19\u6e96\u914d\u9001\u3088\u308a\u3082\uff09\u8fd4\u91d1\u3059\u308b\u3082\u306e\u3068\u3057\u307e\u3059\u3002\u3053\u306e\u8fd4\u6e08\u306b\u306f\u3001\u304a\u5ba2\u69d8\u3068\u660e\u793a\u7684\u306b\u5225\u6bb5\u306e\u5408\u610f\u304c\u306a\u3044\u9650\u308a\u3001\u304a\u5ba2\u69d8\u304c\u6700\u521d\u306e\u53d6\u5f15\u306b\u4f7f\u7528\u3057\u305f\u306e\u3068\u540c\u3058\u652f\u6255\u624b\u6bb5\u3092\u4f7f\u7528\u3057\u307e\u3059\u3002<\/p>\t\t\t\t\t\t\t\t<\/div>\n\t\t\t\t<\/div>\n\t\t\t\t\t<\/div>\n\t\t<\/div>\n\t\t\t\t\t<\/div>\n\t\t<\/section>\n\t\t\t\t<\/div>","protected":false},"excerpt":{"rendered":"<p>Widerrufsrecht Sie haben das Recht, binnen vierzehn Tagen ohne Angabe von Gr\u00fcnden diesen\u00a0Vertrag\u00a0zu widerrufen. Die Widerrufsfrist betr\u00e4gt vierzehn Tage ab dem Tag. Um Ihr Widerrufsrecht auszu\u00fcben, m\u00fcssen Sie uns\u00a0mittels einer eindeutigen\u00a0Erkl\u00e4rung (z.B. ein mit der Post versandter Brief oder eine E-Mail) \u00fcber Ihren Entschluss, diesen Vertrag zu widerrufen, informieren. Sie k\u00f6nnen daf\u00fcr das beigef\u00fcgte Muster-Widerrufsformular verwenden, das jedoch nicht vorgeschrieben ist. Zur Wahrung der Widerrufsfrist reicht es aus, dass Sie die Mitteilung \u00fcber die Aus\u00fcbung des Widerrufsrechts vor Ablauf der Widerrufsfrist absenden. Folgen des Widerrufs Wenn Sie diesen Vertrag widerrufen, haben wir Ihnen alle Zahlungen, die wir von Ihnen erhalten haben, einschlie\u00dflich der Lieferkosten (mit Ausnahme der zus\u00e4tzlichen\u00a0Kosten, die sich [&hellip;]<\/p>\n","protected":false},"author":1,"featured_media":0,"parent":0,"menu_order":0,"comment_status":"closed","ping_status":"closed","template":"elementor_header_footer","meta":{"_seopress_robots_primary_cat":"","_seopress_titles_title":"","_seopress_titles_desc":"","_seopress_robots_index":"","_monsterinsights_skip_tracking":false,"_monsterinsights_sitenote_active":false,"_monsterinsights_sitenote_note":"","_monsterinsights_sitenote_category":0,"footnotes":""},"class_list":["post-546","page","type-page","status-publish","hentry"],"blocksy_meta":{"styles_descriptor":{"styles":{"desktop":"","tablet":"","mobile":""},"google_fonts":[],"version":6}},"_links":{"self":[{"href":"https:\/\/www.jolivelo.com\/ja\/wp-json\/wp\/v2\/pages\/546","targetHints":{"allow":["GET"]}}],"collection":[{"href":"https:\/\/www.jolivelo.com\/ja\/wp-json\/wp\/v2\/pages"}],"about":[{"href":"https:\/\/www.jolivelo.com\/ja\/wp-json\/wp\/v2\/types\/page"}],"author":[{"embeddable":true,"href":"https:\/\/www.jolivelo.com\/ja\/wp-json\/wp\/v2\/users\/1"}],"replies":[{"embeddable":true,"href":"https:\/\/www.jolivelo.com\/ja\/wp-json\/wp\/v2\/comments?post=546"}],"version-history":[{"count":0,"href":"https:\/\/www.jolivelo.com\/ja\/wp-json\/wp\/v2\/pages\/546\/revisions"}],"wp:attachment":[{"href":"https:\/\/www.jolivelo.com\/ja\/wp-json\/wp\/v2\/media?parent=546"}],"curies":[{"name":"wp","href":"https:\/\/api.w.org\/{rel}","templated":true}]}}