{"id":4413,"date":"2025-03-20T10:05:03","date_gmt":"2025-03-20T10:05:03","guid":{"rendered":"https:\/\/www.jolivelo.com\/?page_id=4413"},"modified":"2025-03-20T10:06:43","modified_gmt":"2025-03-20T10:06:43","slug":"%e5%be%a9%e5%b8%b0%e6%a8%a9","status":"publish","type":"page","link":"https:\/\/www.jolivelo.com\/ja\/%e5%be%a9%e5%b8%b0%e6%a8%a9\/","title":{"rendered":"\u5e30\u56fd\u6a29"},"content":{"rendered":"<div data-elementor-type=\"wp-page\" data-elementor-id=\"4413\" class=\"elementor elementor-4413\" data-elementor-post-type=\"page\">\n\t\t\t\t\t\t<section class=\"elementor-section elementor-top-section elementor-element elementor-element-772c471 elementor-section-boxed elementor-section-height-default elementor-section-height-default\" data-id=\"772c471\" data-element_type=\"section\" data-e-type=\"section\">\n\t\t\t\t\t\t<div class=\"elementor-container elementor-column-gap-default\">\n\t\t\t\t\t<div class=\"elementor-column elementor-col-100 elementor-top-column elementor-element elementor-element-8d15cf1\" data-id=\"8d15cf1\" data-element_type=\"column\" data-e-type=\"column\">\n\t\t\t<div class=\"elementor-widget-wrap elementor-element-populated\">\n\t\t\t\t\t\t<div class=\"elementor-element elementor-element-f28713e elementor-widget elementor-widget-text-editor\" data-id=\"f28713e\" data-element_type=\"widget\" data-e-type=\"widget\" data-widget_type=\"text-editor.default\">\n\t\t\t\t<div class=\"elementor-widget-container\">\n\t\t\t\t\t\t\t\t\t<h1>\u8fd4\u54c1\u30fb\u4ea4\u63db\u306b\u3064\u3044\u3066<\/h1><h2><br \/>\u30aa\u30f3\u30e9\u30a4\u30f3\u8cfc\u5165<\/h2><p>\u3054\u8cfc\u5165\u3044\u305f\u3060\u3044\u305f\u30d0\u30a4\u30af\u306b\u3054\u6e80\u8db3\u3044\u305f\u3060\u3051\u306a\u3044\u5834\u5408\u306f\u3001\u4ee5\u4e0b\u306e\u6761\u4ef6\u3067\u8fd4\u54c1\u30fb\u4ea4\u63db\u3092\u627f\u308a\u307e\u3059\uff1a<\/p><p>\u81ea\u8ee2\u8eca <strong>\u7d0d\u54c1\u65e5\u3088\u308a14\u65e5\u4ee5\u5185\u306b\u304a\u53d7\u3051\u53d6\u308a\u304f\u3060\u3055\u3044\u3002<\/strong> \u8fd4\u3055\u308c\u308b\u3002<br \/>\u672a\u4f7f\u7528\u306e\u72b6\u614b\u3067\u3001\u30bf\u30a4\u30e4\u3001\u30c1\u30a7\u30fc\u30f3\u3001\u30d6\u30ec\u30fc\u30ad\u30d1\u30c3\u30c9\u306b\u6469\u8017\u304c\u898b\u3089\u308c\u306a\u3044\u3053\u3068\u3002<br \/><strong>\u81ea\u8ee2\u8eca\u3092\u30ab\u30b9\u30bf\u30de\u30a4\u30ba\u3057\u3066\u306f\u306a\u3089\u306a\u3044\u3002<\/strong><br \/>\u30ad\u30e3\u30f3\u30bb\u30eb\u671f\u9593\u5185\u306b\u8cfc\u5165\u3092\u30ad\u30e3\u30f3\u30bb\u30eb\u3059\u308b\u5834\u5408\u306f\u3001EU\u6d88\u8cbb\u8005\u6a29\u5229\u6307\u4ee4\uff082011\/83\/EU\uff09\u306b\u5f93\u3044\u3001\u81ea\u8ee2\u8eca\u304c\u5143\u306e\u72b6\u614b\u3067\u3042\u308b\u3053\u3068\u3092\u78ba\u8a8d\u306e\u4e0a\u3001\u5546\u54c1\u5230\u7740\u5f8c14\u65e5\u4ee5\u5185\u306b\u8fd4\u54c1\u3059\u308b\u5fc5\u8981\u304c\u3042\u308a\u307e\u3059\u3002<\/p><p>\u8fd4\u54c1\u3055\u308c\u308b\u81ea\u8ee2\u8eca\u306f\u3001\u5143\u306e\u68b1\u5305\u72b6\u614b\u3067\u306a\u3051\u308c\u3070\u306a\u308a\u307e\u305b\u3093\u3002 <strong>\u9001\u6599\u306e\u6255\u3044\u623b\u3057\u306f\u3067\u304d\u307e\u305b\u3093\u306e\u3067\u3054\u4e86\u627f\u304f\u3060\u3055\u3044\u3002<\/strong>.\u307e\u305f\u3001EU\u6d88\u8cbb\u8005\u6a29\u5229\u6307\u4ee4\u306b\u57fa\u3065\u304d\u3001\u30ab\u30b9\u30bf\u30de\u30a4\u30ba\u3055\u308c\u305f\u5546\u54c1\u306e\u8fd4\u54c1\u306f\u3067\u304d\u307e\u305b\u3093\u3002<\/p><p>\u8fd4\u91d1\u306f\u3001\u8cfc\u5165\u6642\u306b\u4f7f\u7528\u3055\u308c\u305fPayPal\u30a2\u30ab\u30a6\u30f3\u30c8\u3001\u9280\u884c\u53e3\u5ea7\u3001\u307e\u305f\u306f\u30af\u30ec\u30b8\u30c3\u30c8\u30ab\u30fc\u30c9\/\u30c7\u30d3\u30c3\u30c8\u30ab\u30fc\u30c9\u306b\u884c\u308f\u308c\u307e\u3059\u3002<\/p><p><strong>\u8fd4\u9001\u5148\u4f4f\u6240<\/strong><br \/>\u30af\u30ea\u30b9\u30c8\u30d5\u30a1\u30fc\u30fb\u30e9\u30ea\u30a2\u30c3\u30c8<br \/>\u30af\u30e9\u30a4\u30b9\u30c8\u30b7\u30e5\u30c8\u30e9\u30fc\u30bb25<br \/>24105 \u30ad\u30fc\u30eb<br \/>\u30c9\u30a4\u30c4<\/p><p>\u00a0<\/p><h2>\u5e97\u8217\/\u5009\u5eab\u3067\u306e\u8cfc\u5165<\/h2><p>\u30b7\u30e7\u30c3\u30d7\u3067\u8cfc\u5165\u3057\u305f\u81ea\u8ee2\u8eca\u3068\u30d1\u30fc\u30c4 <strong>\u4ea4\u63db\u306e\u307f<\/strong> (\u30aa\u30f3\u30e9\u30a4\u30f3\u8cfc\u5165\u3068\u540c\u3058\u6761\u4ef6\u3067\uff09\u3002\u4ea4\u63db\u306f\u3001\u5f53\u30b7\u30e7\u30c3\u30d7\u306e\u30af\u30fc\u30dd\u30f3\u5238\u306e\u5f62\u3067\u884c\u308f\u308c\u307e\u3059\u3002 <strong>\u6255\u3044\u623b\u3057\u306f\u3067\u304d\u306a\u3044\u3002<\/strong><\/p>\t\t\t\t\t\t\t\t<\/div>\n\t\t\t\t<\/div>\n\t\t\t\t\t<\/div>\n\t\t<\/div>\n\t\t\t\t\t<\/div>\n\t\t<\/section>\n\t\t\t\t<\/div>","protected":false},"excerpt":{"rendered":"<p>R\u00fcckgabe- und Umtauschbestimmungen Online-K\u00e4ufe Wenn Sie mit Ihrem Fahrrad nicht zufrieden sind, k\u00f6nnen Sie es unter den folgenden Bedingungen zur\u00fcckgeben und erhalten eine volle R\u00fcckerstattung oder einen Umtausch: Das Fahrrad muss innerhalb von 14 Tagen nach dem Lieferdatum zur\u00fcckgegeben werden.Es muss sich in unbenutztem Zustand befinden und darf keine Anzeichen von Abnutzung an Reifen, Kette oder Bremsbel\u00e4gen aufweisen.Das Fahrrad darf nicht individualisiert sein.Um Ihren Kauf innerhalb der Widerrufsfrist zu stornieren, m\u00fcssen Sie das Fahrrad innerhalb von 14 Tagen nach der Lieferung zur\u00fccksenden und dabei sicherstellen, dass es sich in seinem urspr\u00fcnglichen Zustand befindet, wie in der EU-Richtlinie \u00fcber Verbraucherrechte (2011\/83\/EU) vorgesehen. Alle zur\u00fcckgesendeten Fahrr\u00e4der m\u00fcssen in der Originalverpackung sein. Bitte [&hellip;]<\/p>\n","protected":false},"author":1,"featured_media":0,"parent":0,"menu_order":0,"comment_status":"closed","ping_status":"closed","template":"elementor_header_footer","meta":{"_seopress_robots_primary_cat":"","_seopress_titles_title":"","_seopress_titles_desc":"","_seopress_robots_index":"","_monsterinsights_skip_tracking":false,"_monsterinsights_sitenote_active":false,"_monsterinsights_sitenote_note":"","_monsterinsights_sitenote_category":0,"footnotes":""},"class_list":["post-4413","page","type-page","status-publish","hentry"],"blocksy_meta":[],"_links":{"self":[{"href":"https:\/\/www.jolivelo.com\/ja\/wp-json\/wp\/v2\/pages\/4413","targetHints":{"allow":["GET"]}}],"collection":[{"href":"https:\/\/www.jolivelo.com\/ja\/wp-json\/wp\/v2\/pages"}],"about":[{"href":"https:\/\/www.jolivelo.com\/ja\/wp-json\/wp\/v2\/types\/page"}],"author":[{"embeddable":true,"href":"https:\/\/www.jolivelo.com\/ja\/wp-json\/wp\/v2\/users\/1"}],"replies":[{"embeddable":true,"href":"https:\/\/www.jolivelo.com\/ja\/wp-json\/wp\/v2\/comments?post=4413"}],"version-history":[{"count":0,"href":"https:\/\/www.jolivelo.com\/ja\/wp-json\/wp\/v2\/pages\/4413\/revisions"}],"wp:attachment":[{"href":"https:\/\/www.jolivelo.com\/ja\/wp-json\/wp\/v2\/media?parent=4413"}],"curies":[{"name":"wp","href":"https:\/\/api.w.org\/{rel}","templated":true}]}}