{"id":8922,"date":"2026-05-16T17:46:47","date_gmt":"2026-05-16T17:46:47","guid":{"rendered":"https:\/\/www.jolivelo.com\/?post_type=product&#038;p=8922"},"modified":"2026-05-16T19:07:20","modified_gmt":"2026-05-16T19:07:20","slug":"vintage-rennrad-eroica-mercier-garantie-service-des-courses-rosa-55cm","status":"publish","type":"product","link":"https:\/\/www.jolivelo.com\/fr\/produit\/vintage-rennrad-eroica-mercier-garantie-service-des-courses-rosa-55cm\/","title":{"rendered":"V\u00e9lo de course vintage Eroica Mercier \u201eGarantie service des courses\u201c - rose - 55cm"},"content":{"rendered":"<p>Retro Rennrad \/ Vintage f\u00fcr Eroica &#8211; Mercier &#8222;Garanti Service des Courses&#8220;<\/p>\n<p>Rahmenh\u00f6he: 55cm (\u2195\ufe0f 165cm \u2013 175cm)<br \/>\nVitesses : 10 (2 x 5)<\/p>\n<p>Dieses Rennrad von Mercier pr\u00e4sentiert sich in der ikonischen Farbe der Marke, die in den 1960er Jahren bei Rennen wie der Tour de France popul\u00e4r wurde.<br \/>\nEin perfektes Exemplar f\u00fcr die Teilnahme an Vintage-Radsportveranstaltungen wie der Eroica.<\/p>\n<p>Le v\u00e9lo est en bon \u00e9tat et enti\u00e8rement d'origine.<br \/>\nLe cadre a quelques rayures, mais les autocollants sont intacts.<br \/>\nLe v\u00e9lo de course a \u00e9t\u00e9 restaur\u00e9 et fonctionne parfaitement.<\/p>\n<p>\u2699\ufe0f Composants :<\/p>\n<p>- Circuit : Simplex (2 x 5)<br \/>\n- Freins : CLB<br \/>\n- Jantes : Mavic<br \/>\n- Jeu de manivelles : Nervar<br \/>\n- Guidon : Belleri<br \/>\n- Potence : Belleri<br \/>\n- Leviers de frein : Mafac<br \/>\n\u2013 Steuersatz: Stronglight &#8211; Spidel<br \/>\n\u2013 Sattel: San Marco &#8222;Mercier Sport&#8220;<br \/>\n- Pneus : Michelin Dynamic Classic 700 x 25<br \/>\n\u2013 Pedale: Maillard 700<\/p>\n<p>\u261d\ufe0fWas a \u00e9t\u00e9 fait sur ce v\u00e9lo ?<\/p>\n<p>\u2714\ufe0fKomplett nettoy\u00e9 et poli<br \/>\n\u2714\ufe0fReifen nouveau<br \/>\n\u2714\ufe0f Nouvelle cha\u00eene<br \/>\n\u2714\ufe0fLuftschl\u00e4uche nouveau<br \/>\n\u2714\ufe0fNeue C\u00e2bles de frein<br \/>\n\u2714\ufe0fNeue Enveloppes de circuits<br \/>\n\u2714\ufe0fNeue C\u00e2bles de commande<br \/>\n\u2714\ufe0f Patins de frein neufs<br \/>\n\u2714\ufe0f Tous les roulements ont \u00e9t\u00e9 nettoy\u00e9s et graiss\u00e9s \u00e0 nouveau<\/p>\n<p>\u2708\ufe0f Envoi possible dans le monde entier<\/p>\n<p>\u26a1\ufe0fRegelm\u00e4\u00dfig propose des v\u00e9los vintage neufs !<\/p>\n<p>\u270c\ufe0fWas est Joli V\u00e9lo ?<br \/>\nDerri\u00e8re la petite entreprise Joli V\u00e9lo se cache un Fran\u00e7ais qui est tomb\u00e9 amoureux des v\u00e9los vintage...<\/p>","protected":false},"excerpt":{"rendered":"<p>Rahmenh\u00f6he: 55cm (\u2195\ufe0f 165cm \u2013 175cm)<br \/>\nVitesses : 10 (2 x 5)<\/p>\n<p>Dieses Rennrad von Mercier pr\u00e4sentiert sich in der ikonischen Farbe der Marke, die in den 1960er Jahren bei Rennen wie der Tour de France popul\u00e4r wurde.<br \/>\nEin perfektes Exemplar f\u00fcr die Teilnahme an Vintage-Radsportveranstaltungen wie der Eroica.<\/p>\n<p>Le v\u00e9lo est en bon \u00e9tat et enti\u00e8rement d'origine.<br \/>\nLe cadre a quelques rayures, mais les autocollants sont intacts.<br \/>\nLe v\u00e9lo de course a \u00e9t\u00e9 restaur\u00e9 et fonctionne parfaitement.<\/p>","protected":false},"featured_media":8965,"comment_status":"open","ping_status":"closed","template":"","meta":{"_seopress_robots_primary_cat":"none","_seopress_titles_title":"","_seopress_titles_desc":"","_seopress_robots_index":""},"product_brand":[],"product_cat":[45,88,95],"product_tag":[],"marke":[19],"groesse":[33],"fahrrad-typ":[],"class_list":{"0":"post-8922","1":"product","2":"type-product","3":"status-publish","4":"has-post-thumbnail","6":"product_cat-vintage-rennraeder","7":"product_cat-vintage-fahrraeder","8":"product_cat-vintage-rennraeder-fuer-eroica","9":"marke-mercier","10":"groesse-55-56cm","12":"first","13":"instock","14":"shipping-taxable","15":"purchasable","16":"product-type-simple"},"_links":{"self":[{"href":"https:\/\/www.jolivelo.com\/fr\/wp-json\/wp\/v2\/product\/8922","targetHints":{"allow":["GET"]}}],"collection":[{"href":"https:\/\/www.jolivelo.com\/fr\/wp-json\/wp\/v2\/product"}],"about":[{"href":"https:\/\/www.jolivelo.com\/fr\/wp-json\/wp\/v2\/types\/product"}],"replies":[{"embeddable":true,"href":"https:\/\/www.jolivelo.com\/fr\/wp-json\/wp\/v2\/comments?post=8922"}],"wp:featuredmedia":[{"embeddable":true,"href":"https:\/\/www.jolivelo.com\/fr\/wp-json\/wp\/v2\/media\/8965"}],"wp:attachment":[{"href":"https:\/\/www.jolivelo.com\/fr\/wp-json\/wp\/v2\/media?parent=8922"}],"wp:term":[{"taxonomy":"product_brand","embeddable":true,"href":"https:\/\/www.jolivelo.com\/fr\/wp-json\/wp\/v2\/product_brand?post=8922"},{"taxonomy":"product_cat","embeddable":true,"href":"https:\/\/www.jolivelo.com\/fr\/wp-json\/wp\/v2\/product_cat?post=8922"},{"taxonomy":"product_tag","embeddable":true,"href":"https:\/\/www.jolivelo.com\/fr\/wp-json\/wp\/v2\/product_tag?post=8922"},{"taxonomy":"marke","embeddable":true,"href":"https:\/\/www.jolivelo.com\/fr\/wp-json\/wp\/v2\/marke?post=8922"},{"taxonomy":"groesse","embeddable":true,"href":"https:\/\/www.jolivelo.com\/fr\/wp-json\/wp\/v2\/groesse?post=8922"},{"taxonomy":"fahrrad-typ","embeddable":true,"href":"https:\/\/www.jolivelo.com\/fr\/wp-json\/wp\/v2\/fahrrad-typ?post=8922"}],"curies":[{"name":"wp","href":"https:\/\/api.w.org\/{rel}","templated":true}]}}