{"id":8067,"date":"2026-02-20T20:44:44","date_gmt":"2026-02-20T20:44:44","guid":{"rendered":"https:\/\/www.jolivelo.com\/?post_type=product&#038;p=8067"},"modified":"2026-04-15T18:25:33","modified_gmt":"2026-04-15T18:25:33","slug":"velo-de-course-vintage-monaco-1977-or-56cm","status":"publish","type":"product","link":"https:\/\/www.jolivelo.com\/fr\/produit\/velo-de-course-vintage-monaco-1977-or-56cm\/","title":{"rendered":"V\u00e9lo de course vintage Monaco 1977 - or - 56cm"},"content":{"rendered":"<p>V\u00e9lo de course r\u00e9tro \/ vintage Monaco<\/p>\n<p>Hauteur du cadre : 56cm (\u2195\ufe0f 167cm - 180cm)<br \/>\nVitesses : 10 (2\u00d76)<\/p>\n<p>Le v\u00e9lo de course est en tr\u00e8s bon \u00e9tat et d'origine.<br \/>\nLe cadre n'a pas de rayures et les autocollants sont intacts.<br \/>\nLe v\u00e9lo de course a \u00e9t\u00e9 enti\u00e8rement restaur\u00e9 et fonctionne parfaitement.<\/p>\n<p>\u2699\ufe0f Composants :<\/p>\n<p>- Circuit : Simplex (2 x 5)<br \/>\n- Freins : Weinmann<br \/>\n- Leviers de frein : Mafac<br \/>\n- Potence : Belleri France<br \/>\n- Jantes : Mavic<br \/>\n- Les moyeux de roue : Exceltoo Super Competition<br \/>\n- Jeu de manivelles : Stronglight<br \/>\n- Selle : San Marco<br \/>\n- Pneus : Michelin Dynamic Classic 700 x 25<\/p>\n<p>\u261d\ufe0fWas a \u00e9t\u00e9 fait sur ce v\u00e9lo ?<\/p>\n<p>\u2714\ufe0f Enti\u00e8rement nettoy\u00e9 et poli<br \/>\n\u2714\ufe0f Pneus neufs<br \/>\n\u2714\ufe0f Tuyaux d'air neufs<br \/>\n\u2714\ufe0f Nouveaux c\u00e2bles de frein<br \/>\n\u2714\ufe0f Nouvelles enveloppes de frein<br \/>\n\u2714\ufe0f Nouvelles enveloppes de circuit<br \/>\n\u2714\ufe0f Nouveaux c\u00e2bles de commande<br \/>\n\u2714\ufe0f Bande de guidon neuve<br \/>\n\u2714\ufe0f Patins de frein neufs<br \/>\n\u2714\ufe0f Tous les roulements ont \u00e9t\u00e9 nettoy\u00e9s et graiss\u00e9s \u00e0 nouveau<\/p>\n<p>\u2708\ufe0f Envoi possible dans le monde entier<\/p>\n<p>\u26a1\ufe0fRegelm\u00e4\u00dfig propose des v\u00e9los vintage neufs !<\/p>\n<p>\u270c\ufe0fWas est Joli V\u00e9lo ?<br \/>\nDerri\u00e8re la petite entreprise Joli V\u00e9lo se cache un Fran\u00e7ais qui est tomb\u00e9 amoureux des v\u00e9los vintage...<\/p>\n<p>Je vis \u00e0 Kiel depuis quelques ann\u00e9es et je vais souvent en France pour chasser les beaux v\u00e9los !<\/p>","protected":false},"excerpt":{"rendered":"<p>Hauteur du cadre : 56cm (\u2195\ufe0f 167cm - 180cm)<br \/>\nVitesses : 10 (2\u00d76)<\/p>\n<p>Le v\u00e9lo de course est en tr\u00e8s bon \u00e9tat et d'origine.<br \/>\nLe cadre n'a pas de rayures et les autocollants sont intacts.<br \/>\nLe v\u00e9lo de course a \u00e9t\u00e9 enti\u00e8rement restaur\u00e9 et fonctionne parfaitement.<\/p>","protected":false},"featured_media":8020,"comment_status":"open","ping_status":"closed","template":"","meta":{"_seopress_robots_primary_cat":"","_seopress_titles_title":"","_seopress_titles_desc":"","_seopress_robots_index":"","_monsterinsights_skip_tracking":false,"_monsterinsights_sitenote_active":false,"_monsterinsights_sitenote_note":"","_monsterinsights_sitenote_category":0},"product_brand":[],"product_cat":[45,88],"product_tag":[],"marke":[],"groesse":[33],"fahrrad-typ":[],"class_list":{"0":"post-8067","1":"product","2":"type-product","3":"status-publish","4":"has-post-thumbnail","6":"product_cat-vintage-rennraeder","7":"product_cat-vintage-fahrraeder","8":"groesse-55-56cm","10":"first","11":"instock","12":"shipping-taxable","13":"purchasable","14":"product-type-simple"},"_links":{"self":[{"href":"https:\/\/www.jolivelo.com\/fr\/wp-json\/wp\/v2\/product\/8067","targetHints":{"allow":["GET"]}}],"collection":[{"href":"https:\/\/www.jolivelo.com\/fr\/wp-json\/wp\/v2\/product"}],"about":[{"href":"https:\/\/www.jolivelo.com\/fr\/wp-json\/wp\/v2\/types\/product"}],"replies":[{"embeddable":true,"href":"https:\/\/www.jolivelo.com\/fr\/wp-json\/wp\/v2\/comments?post=8067"}],"wp:featuredmedia":[{"embeddable":true,"href":"https:\/\/www.jolivelo.com\/fr\/wp-json\/wp\/v2\/media\/8020"}],"wp:attachment":[{"href":"https:\/\/www.jolivelo.com\/fr\/wp-json\/wp\/v2\/media?parent=8067"}],"wp:term":[{"taxonomy":"product_brand","embeddable":true,"href":"https:\/\/www.jolivelo.com\/fr\/wp-json\/wp\/v2\/product_brand?post=8067"},{"taxonomy":"product_cat","embeddable":true,"href":"https:\/\/www.jolivelo.com\/fr\/wp-json\/wp\/v2\/product_cat?post=8067"},{"taxonomy":"product_tag","embeddable":true,"href":"https:\/\/www.jolivelo.com\/fr\/wp-json\/wp\/v2\/product_tag?post=8067"},{"taxonomy":"marke","embeddable":true,"href":"https:\/\/www.jolivelo.com\/fr\/wp-json\/wp\/v2\/marke?post=8067"},{"taxonomy":"groesse","embeddable":true,"href":"https:\/\/www.jolivelo.com\/fr\/wp-json\/wp\/v2\/groesse?post=8067"},{"taxonomy":"fahrrad-typ","embeddable":true,"href":"https:\/\/www.jolivelo.com\/fr\/wp-json\/wp\/v2\/fahrrad-typ?post=8067"}],"curies":[{"name":"wp","href":"https:\/\/api.w.org\/{rel}","templated":true}]}}