{"id":7738,"date":"2026-01-18T18:14:31","date_gmt":"2026-01-18T18:14:31","guid":{"rendered":"https:\/\/www.jolivelo.com\/?post_type=product&#038;p=7738"},"modified":"2026-01-20T15:04:12","modified_gmt":"2026-01-20T15:04:12","slug":"velo-femme-vintage-gitane-evry-or-52cm","status":"publish","type":"product","link":"https:\/\/www.jolivelo.com\/fr\/produit\/velo-femme-vintage-gitane-evry-or-52cm\/","title":{"rendered":"V\u00e9lo femme vintage Gitane Evry - or - 52cm"},"content":{"rendered":"<p>V\u00e9lo r\u00e9tro \/ vintage \/ voiture ancienne Gitane Evry des ann\u00e9es 70<\/p>\n<p>Hauteur du cadre : 52cm (\u2195\ufe0f 154cm - 168cm)<br \/>\nVitesses : 10 (2\u00d75)<\/p>\n<p>Le v\u00e9lo est en tr\u00e8s bon \u00e9tat et d'origine.<br \/>\nLe cadre a quelques rayures, mais les autocollants sont intacts.<br \/>\nLe v\u00e9lo a \u00e9t\u00e9 restaur\u00e9 et fonctionne parfaitement.<\/p>\n<p>El\u00e9gant v\u00e9lo de sport pour dames en tr\u00e8s bon \u00e9tat, dont les porte-bagages avant et arri\u00e8re ont d\u00fb \u00eatre retir\u00e9s en raison d'une forte formation de rouille.<br \/>\nLe v\u00e9lo est \u00e9quip\u00e9 de plaquettes de frein de haute qualit\u00e9 de la marque Kool Stop.<\/p>\n<p>\u2699\ufe0f Composants :<\/p>\n<p>- Circuit : Huret Svelto<br \/>\n- Freins : Mafac Racer<br \/>\n- Moyeux de roues : Atom<br \/>\n- Potence : Pivo<br \/>\n- Jantes : Mavic<br \/>\n- Jeu de manivelles : SR Apex<br \/>\n- P\u00e9dales : Lyotard<br \/>\n- Pneus : Michelin Dynamic Classic 700 x 25<\/p>\n<p>\u00c9clairage fonctionnel par dynamo<\/p>\n<p>\u261d\ufe0fWas a \u00e9t\u00e9 fait sur ce v\u00e9lo ?<\/p>\n<p>\u2714\ufe0f Enti\u00e8rement nettoy\u00e9 et poli<br \/>\n\u2714\ufe0f Pneus neufs<br \/>\n\u2714\ufe0f Tuyaux d'air neufs<br \/>\n\u2714\ufe0f Nouveaux patins de frein (Kool Stop Mafac)<br \/>\n\u2714\ufe0f Nouveaux c\u00e2bles de frein<br \/>\n\u2714\ufe0f Nouvelles enveloppes de frein<br \/>\n\u2714\ufe0f Nouvelles enveloppes de circuit<br \/>\n\u2714\ufe0f Nouveaux c\u00e2bles de commande<br \/>\n\u2714\ufe0f Patins de frein neufs<br \/>\n\u2714\ufe0f Tous les roulements ont \u00e9t\u00e9 nettoy\u00e9s et graiss\u00e9s \u00e0 nouveau<\/p>\n<p>\u2708\ufe0f Envoi possible dans le monde entier<\/p>\n<p>\u26a1\ufe0fRegelm\u00e4\u00dfig propose des v\u00e9los vintage neufs !<\/p>\n<p>\u270c\ufe0fWas est Joli V\u00e9lo ?<br \/>\nDerri\u00e8re la petite entreprise Joli V\u00e9lo se cache un Fran\u00e7ais qui est tomb\u00e9 amoureux des v\u00e9los vintage...<\/p>\n<p>Je vis \u00e0 Kiel depuis quelques ann\u00e9es et je vais souvent en France pour chasser les beaux v\u00e9los !<\/p>","protected":false},"excerpt":{"rendered":"<p>Hauteur du cadre : 52cm (\u2195\ufe0f 154cm - 168cm)<br \/>\nVitesses : 10 (2\u00d75)<\/p>\n<p>Le v\u00e9lo de course est en parfait \u00e9tat et d'origine.<br \/>\nLe cadre n'a pas une seule rayure et les autocollants sont intacts.<br \/>\nLe v\u00e9lo de course a \u00e9t\u00e9 restaur\u00e9 et fonctionne parfaitement.<\/p>\n<p>El\u00e9gant v\u00e9lo de sport pour dames en tr\u00e8s bon \u00e9tat, dont les porte-bagages avant et arri\u00e8re ont d\u00fb \u00eatre retir\u00e9s en raison d'une forte formation de rouille.<br \/>\nLe v\u00e9lo est \u00e9quip\u00e9 de plaquettes de frein de haute qualit\u00e9 de la marque Kool Stop.<\/p>","protected":false},"featured_media":7694,"comment_status":"open","ping_status":"closed","template":"","meta":{"_seopress_robots_primary_cat":"none","_seopress_titles_title":"","_seopress_titles_desc":"","_seopress_robots_index":"","_monsterinsights_skip_tracking":false,"_monsterinsights_sitenote_active":false,"_monsterinsights_sitenote_note":"","_monsterinsights_sitenote_category":0},"product_brand":[],"product_cat":[47,88],"product_tag":[],"marke":[18],"groesse":[31],"fahrrad-typ":[],"class_list":{"0":"post-7738","1":"product","2":"type-product","3":"status-publish","4":"has-post-thumbnail","6":"product_cat-mixte-damenrad","7":"product_cat-vintage-fahrraeder","8":"marke-gitane","9":"groesse-53cm","11":"first","12":"instock","13":"shipping-taxable","14":"purchasable","15":"product-type-simple"},"_links":{"self":[{"href":"https:\/\/www.jolivelo.com\/fr\/wp-json\/wp\/v2\/product\/7738","targetHints":{"allow":["GET"]}}],"collection":[{"href":"https:\/\/www.jolivelo.com\/fr\/wp-json\/wp\/v2\/product"}],"about":[{"href":"https:\/\/www.jolivelo.com\/fr\/wp-json\/wp\/v2\/types\/product"}],"replies":[{"embeddable":true,"href":"https:\/\/www.jolivelo.com\/fr\/wp-json\/wp\/v2\/comments?post=7738"}],"wp:featuredmedia":[{"embeddable":true,"href":"https:\/\/www.jolivelo.com\/fr\/wp-json\/wp\/v2\/media\/7694"}],"wp:attachment":[{"href":"https:\/\/www.jolivelo.com\/fr\/wp-json\/wp\/v2\/media?parent=7738"}],"wp:term":[{"taxonomy":"product_brand","embeddable":true,"href":"https:\/\/www.jolivelo.com\/fr\/wp-json\/wp\/v2\/product_brand?post=7738"},{"taxonomy":"product_cat","embeddable":true,"href":"https:\/\/www.jolivelo.com\/fr\/wp-json\/wp\/v2\/product_cat?post=7738"},{"taxonomy":"product_tag","embeddable":true,"href":"https:\/\/www.jolivelo.com\/fr\/wp-json\/wp\/v2\/product_tag?post=7738"},{"taxonomy":"marke","embeddable":true,"href":"https:\/\/www.jolivelo.com\/fr\/wp-json\/wp\/v2\/marke?post=7738"},{"taxonomy":"groesse","embeddable":true,"href":"https:\/\/www.jolivelo.com\/fr\/wp-json\/wp\/v2\/groesse?post=7738"},{"taxonomy":"fahrrad-typ","embeddable":true,"href":"https:\/\/www.jolivelo.com\/fr\/wp-json\/wp\/v2\/fahrrad-typ?post=7738"}],"curies":[{"name":"wp","href":"https:\/\/api.w.org\/{rel}","templated":true}]}}