{"id":6893,"date":"2025-09-25T17:45:47","date_gmt":"2025-09-25T17:45:47","guid":{"rendered":"https:\/\/www.jolivelo.com\/?post_type=product&#038;p=6893"},"modified":"2025-10-09T15:56:27","modified_gmt":"2025-10-09T15:56:27","slug":"velo-de-course-vintage-eroica-hygina-reynolds-531-63cm-xxl","status":"publish","type":"product","link":"https:\/\/www.jolivelo.com\/fr\/produit\/velo-de-course-vintage-eroica-hygina-reynolds-531-63cm-xxl\/","title":{"rendered":"V\u00e9lo de course vintage Eroica Hygina - Reynolds 531 - 63cm XXL"},"content":{"rendered":"<p>V\u00e9lo de course r\u00e9tro \/ Oldtimer \/ Eroica Hygina - RH 63<\/p>\n<p>Hauteur de cadre : 54cm (\u2195\ufe0f 186cm - 205cm)<br \/>\nVitesses : 15 (3 x 5)<\/p>\n<p>Ce magnifique v\u00e9lo de la marque Hygina, fabriqu\u00e9 \u00e0 Auxerre (Bourgogne), est tr\u00e8s l\u00e9ger et tr\u00e8s bien \u00e9quip\u00e9, pr\u00eat \u00e0 parcourir \u00e0 nouveau de nombreux kilom\u00e8tres.<\/p>\n<p>Ce beau v\u00e9lo de course est en bon \u00e9tat et d'origine.<br \/>\nLe cadre a quelques rayures, mais les autocollants sont intacts.<br \/>\nLe v\u00e9lo de course a \u00e9t\u00e9 enti\u00e8rement restaur\u00e9 et fonctionne parfaitement.<\/p>\n<p>\u2699\ufe0f Composants :<\/p>\n<p>- Cadre de la voiture : Reynolds 531<br \/>\n- Circuit : Huret (3 x 5)<br \/>\n- Freins : Mafac Racer<br \/>\n- moyeux de roue : Sunshine Giro Master<br \/>\n- Jantes : en aluminium<br \/>\n- P\u00e9dales : MKS<br \/>\n- Guidon : Belleri<br \/>\n- Potence : Belleri<br \/>\n- Jeu de manivelles : SR Apex<br \/>\n- Pneus : Michelin Dynamic Classic 700 x 25<\/p>\n<p>\u261d\ufe0fWas a \u00e9t\u00e9 fait sur ce v\u00e9lo ?<\/p>\n<p>\u2714\ufe0fKomplett nettoy\u00e9 et poli<br \/>\n\u2714\ufe0fLuftschl\u00e4uche nouveau<br \/>\n\u2714\ufe0f Pneus neufs<br \/>\n\u2714\ufe0f Bande de guidon neuve<br \/>\n\u2714\ufe0f Nouveaux patins de frein (Kool Stop)<br \/>\n\u2714\ufe0fNeue C\u00e2bles de frein<br \/>\n\u2714\ufe0fNeue Cassette<br \/>\n\u2714\ufe0fNeue Enveloppes de circuits<br \/>\n\u2714\ufe0fNeue C\u00e2bles de commande<br \/>\n\u2714\ufe0f Cha\u00eene neuve<br \/>\n\u2714\ufe0f Tous les roulements ont \u00e9t\u00e9 nettoy\u00e9s et graiss\u00e9s \u00e0 nouveau<\/p>\n<p>\u2708\ufe0f Envoi possible dans le monde entier<\/p>\n<p>\u26a1\ufe0fRegelm\u00e4\u00dfig propose des v\u00e9los vintage neufs !<\/p>\n<p>\u270c\ufe0fWas est Joli V\u00e9lo ?<br \/>\nDerri\u00e8re la petite entreprise Joli V\u00e9lo se cache un Fran\u00e7ais qui est tomb\u00e9 amoureux des v\u00e9los vintage...<\/p>","protected":false},"excerpt":{"rendered":"<p>Hauteur du cadre : 63cm (\u2195\ufe0f 186cm - 205cm)<br \/>\nVitesses : 15 (3 x 5)<\/p>\n<p>Ce magnifique v\u00e9lo de la marque Hygina, fabriqu\u00e9 \u00e0 Auxerre (Bourgogne), est tr\u00e8s l\u00e9ger et tr\u00e8s bien \u00e9quip\u00e9, pr\u00eat \u00e0 parcourir \u00e0 nouveau de nombreux kilom\u00e8tres.<\/p>\n<p>Ce beau v\u00e9lo de course est en bon \u00e9tat et d'origine.<br \/>\nLe cadre a quelques rayures, mais les autocollants sont intacts.<br \/>\nLe v\u00e9lo de course a \u00e9t\u00e9 enti\u00e8rement restaur\u00e9 et fonctionne parfaitement.<\/p>","protected":false},"featured_media":6900,"comment_status":"open","ping_status":"closed","template":"","meta":{"_seopress_robots_primary_cat":"none","_seopress_titles_title":"","_seopress_titles_desc":"","_seopress_robots_index":"","_monsterinsights_skip_tracking":false,"_monsterinsights_sitenote_active":false,"_monsterinsights_sitenote_note":"","_monsterinsights_sitenote_category":0},"product_brand":[],"product_cat":[45,88,95],"product_tag":[],"marke":[106],"groesse":[37],"fahrrad-typ":[],"class_list":{"0":"post-6893","1":"product","2":"type-product","3":"status-publish","4":"has-post-thumbnail","6":"product_cat-vintage-rennraeder","7":"product_cat-vintage-fahrraeder","8":"product_cat-vintage-rennraeder-fuer-eroica","9":"marke-hygina","10":"groesse-62cm","12":"first","13":"instock","14":"shipping-taxable","15":"purchasable","16":"product-type-simple"},"_links":{"self":[{"href":"https:\/\/www.jolivelo.com\/fr\/wp-json\/wp\/v2\/product\/6893","targetHints":{"allow":["GET"]}}],"collection":[{"href":"https:\/\/www.jolivelo.com\/fr\/wp-json\/wp\/v2\/product"}],"about":[{"href":"https:\/\/www.jolivelo.com\/fr\/wp-json\/wp\/v2\/types\/product"}],"replies":[{"embeddable":true,"href":"https:\/\/www.jolivelo.com\/fr\/wp-json\/wp\/v2\/comments?post=6893"}],"wp:featuredmedia":[{"embeddable":true,"href":"https:\/\/www.jolivelo.com\/fr\/wp-json\/wp\/v2\/media\/6900"}],"wp:attachment":[{"href":"https:\/\/www.jolivelo.com\/fr\/wp-json\/wp\/v2\/media?parent=6893"}],"wp:term":[{"taxonomy":"product_brand","embeddable":true,"href":"https:\/\/www.jolivelo.com\/fr\/wp-json\/wp\/v2\/product_brand?post=6893"},{"taxonomy":"product_cat","embeddable":true,"href":"https:\/\/www.jolivelo.com\/fr\/wp-json\/wp\/v2\/product_cat?post=6893"},{"taxonomy":"product_tag","embeddable":true,"href":"https:\/\/www.jolivelo.com\/fr\/wp-json\/wp\/v2\/product_tag?post=6893"},{"taxonomy":"marke","embeddable":true,"href":"https:\/\/www.jolivelo.com\/fr\/wp-json\/wp\/v2\/marke?post=6893"},{"taxonomy":"groesse","embeddable":true,"href":"https:\/\/www.jolivelo.com\/fr\/wp-json\/wp\/v2\/groesse?post=6893"},{"taxonomy":"fahrrad-typ","embeddable":true,"href":"https:\/\/www.jolivelo.com\/fr\/wp-json\/wp\/v2\/fahrrad-typ?post=6893"}],"curies":[{"name":"wp","href":"https:\/\/api.w.org\/{rel}","templated":true}]}}