{"id":6162,"date":"2025-08-23T13:21:32","date_gmt":"2025-08-23T13:21:32","guid":{"rendered":"https:\/\/www.jolivelo.com\/?post_type=product&#038;p=6162"},"modified":"2026-04-03T17:39:54","modified_gmt":"2026-04-03T17:39:54","slug":"velo-de-course-vintage-mercier-columbus-rouge-53cm","status":"publish","type":"product","link":"https:\/\/www.jolivelo.com\/fr\/produit\/velo-de-course-vintage-mercier-columbus-rouge-53cm\/","title":{"rendered":"V\u00e9lo de course vintage Mercier Columbus - rouge - 53cm"},"content":{"rendered":"<p>Retro Rennrad Mercier<\/p>\n<p>Hauteur du cadre : 53cm (\u2195\ufe0f 160cm - 172cm)<br \/>\nVitesses : 12 (2 x 6)<\/p>\n<p>Ce beau v\u00e9lo de course est en bon \u00e9tat et d'origine.<br \/>\nLe cadre a quelques rayures, mais les autocollants sont intacts.<br \/>\nLe v\u00e9lo de course a \u00e9t\u00e9 inspect\u00e9 et fonctionne parfaitement.<\/p>\n<p>Paiement en plusieurs fois possible (pour plus d'informations, contactez-moi).<\/p>\n<p>\u2757\u26a0\ufe0fSUCHST TU AS UN AUTRE V\u00c9LO DE COURSE ? J'AI 25 AUTRES V\u00c9LOS DE COURSE \u00c0 PR\u00c9PARER ! !! \u2193\u2193<\/p>\n<p>\u270c\ufe0fFrag se fera un plaisir de te donner rendez-vous pour les voir. Tu te d\u00e9cides pour un v\u00e9lo qui n'est pas encore pr\u00eat ? Je le r\u00e9viserai en priorit\u00e9 !<\/p>\n<p>\u2699\ufe0f Composants :<\/p>\n<p>- Cadre de travail : Columbus Aelle<br \/>\n- Circuit : Simplex (2 x 6)<br \/>\n- Freins : CLB<br \/>\n- Jantes : Mavic \/ Wolber<br \/>\n- Jeu de manivelles : Solida<br \/>\n- Pneus : Michelin Dynamic Classic 700 x 23<br \/>\n- Selle : San Marco Mercier Sport<\/p>\n<p>\u261d\ufe0fWas a \u00e9t\u00e9 fait sur ce v\u00e9lo ?<\/p>\n<p>\u2714\ufe0fKomplett nettoy\u00e9 et poli<br \/>\n\u2714\ufe0fReifen nouveau<br \/>\n\u2714\ufe0fLuftschl\u00e4uche nouveau<br \/>\n\u2714\ufe0fNeue C\u00e2bles de frein<br \/>\n\u2714\ufe0fNeue Enveloppes de circuits<br \/>\n\u2714\ufe0fNeue C\u00e2bles de commande<br \/>\n\u2714\ufe0f Patins de frein neufs<br \/>\n\u2714\ufe0f Tous les roulements ont \u00e9t\u00e9 nettoy\u00e9s et graiss\u00e9s \u00e0 nouveau<\/p>\n<p>\u2611\ufe0fZahlung en esp\u00e8ces, par carte, Paypal, ou Klarna par paiement imm\u00e9diat ou en plusieurs fois possible !<\/p>\n<p>\u2708\ufe0f Envoi possible dans le monde entier<\/p>\n<p>\u26a1\ufe0fRegelm\u00e4\u00dfig propose des v\u00e9los vintage neufs !<\/p>\n<p>\u2764\ufe0f\u200dFolgen Retrouvez Joli V\u00e9lo sur Instagram ( joli.velo ) et sur www.jolivelo.com<\/p>\n<p>\u2753 Vous avez une question sur l'un des v\u00e9los ou vous souhaitez prendre rendez-vous ? N'h\u00e9sitez pas \u00e0 me contacter !<\/p>\n<p>\u270c\ufe0fWas est Joli V\u00e9lo ?<br \/>\nDerri\u00e8re la petite entreprise Joli V\u00e9lo se cache un Fran\u00e7ais qui est tomb\u00e9 amoureux des v\u00e9los vintage...<\/p>","protected":false},"excerpt":{"rendered":"<p>Hauteur du cadre : 53cm (\u2195\ufe0f 160cm - 172cm)<br \/>\nVitesses : 12 (2 x 6)<\/p>\n<p>Ce beau v\u00e9lo de course est en bon \u00e9tat et d'origine.<br \/>\nLe cadre a quelques rayures, mais les autocollants sont intacts.<br \/>\nLe v\u00e9lo de course a \u00e9t\u00e9 inspect\u00e9 et fonctionne parfaitement.<\/p>","protected":false},"featured_media":6155,"comment_status":"open","ping_status":"closed","template":"","meta":{"_seopress_robots_primary_cat":"none","_seopress_titles_title":"","_seopress_titles_desc":"","_seopress_robots_index":"","_monsterinsights_skip_tracking":false,"_monsterinsights_sitenote_active":false,"_monsterinsights_sitenote_note":"","_monsterinsights_sitenote_category":0},"product_brand":[],"product_cat":[45,84,88,95],"product_tag":[],"marke":[19],"groesse":[32],"fahrrad-typ":[],"class_list":{"0":"post-6162","1":"product","2":"type-product","3":"status-publish","4":"has-post-thumbnail","6":"product_cat-vintage-rennraeder","7":"product_cat-schon-verkauft","8":"product_cat-vintage-fahrraeder","9":"product_cat-vintage-rennraeder-fuer-eroica","10":"product_shipping_class-fahrrad","11":"marke-mercier","12":"groesse-53-54cm","14":"first","15":"outofstock","16":"shipping-taxable","17":"product-type-simple"},"_links":{"self":[{"href":"https:\/\/www.jolivelo.com\/fr\/wp-json\/wp\/v2\/product\/6162","targetHints":{"allow":["GET"]}}],"collection":[{"href":"https:\/\/www.jolivelo.com\/fr\/wp-json\/wp\/v2\/product"}],"about":[{"href":"https:\/\/www.jolivelo.com\/fr\/wp-json\/wp\/v2\/types\/product"}],"replies":[{"embeddable":true,"href":"https:\/\/www.jolivelo.com\/fr\/wp-json\/wp\/v2\/comments?post=6162"}],"wp:featuredmedia":[{"embeddable":true,"href":"https:\/\/www.jolivelo.com\/fr\/wp-json\/wp\/v2\/media\/6155"}],"wp:attachment":[{"href":"https:\/\/www.jolivelo.com\/fr\/wp-json\/wp\/v2\/media?parent=6162"}],"wp:term":[{"taxonomy":"product_brand","embeddable":true,"href":"https:\/\/www.jolivelo.com\/fr\/wp-json\/wp\/v2\/product_brand?post=6162"},{"taxonomy":"product_cat","embeddable":true,"href":"https:\/\/www.jolivelo.com\/fr\/wp-json\/wp\/v2\/product_cat?post=6162"},{"taxonomy":"product_tag","embeddable":true,"href":"https:\/\/www.jolivelo.com\/fr\/wp-json\/wp\/v2\/product_tag?post=6162"},{"taxonomy":"marke","embeddable":true,"href":"https:\/\/www.jolivelo.com\/fr\/wp-json\/wp\/v2\/marke?post=6162"},{"taxonomy":"groesse","embeddable":true,"href":"https:\/\/www.jolivelo.com\/fr\/wp-json\/wp\/v2\/groesse?post=6162"},{"taxonomy":"fahrrad-typ","embeddable":true,"href":"https:\/\/www.jolivelo.com\/fr\/wp-json\/wp\/v2\/fahrrad-typ?post=6162"}],"curies":[{"name":"wp","href":"https:\/\/api.w.org\/{rel}","templated":true}]}}