{"id":5464,"date":"2025-06-19T17:35:44","date_gmt":"2025-06-19T17:35:44","guid":{"rendered":"https:\/\/www.jolivelo.com\/?post_type=product&#038;p=5464"},"modified":"2026-05-11T10:50:53","modified_gmt":"2026-05-11T10:50:53","slug":"velo-femme-mbk-leader-racing-hpf-48cm","status":"publish","type":"product","link":"https:\/\/www.jolivelo.com\/fr\/produit\/velo-femme-mbk-leader-racing-hpf-48cm\/","title":{"rendered":"V\u00e9lo femme MBK Leader Racing HPF - 48cm"},"content":{"rendered":"<p>Hauteur du cadre : 48cm (\u2195\ufe0f 150cm - 166cm)<br \/>\nVitesses : 12 (2 x 6)<\/p>\n<p>Ce beau v\u00e9lo pour femme est en bon \u00e9tat et d'origine.<br \/>\nLe cadre a quelques rayures, mais les autocollants sont intacts.<br \/>\nLe v\u00e9lo a \u00e9t\u00e9 inspect\u00e9 et fonctionne parfaitement.<\/p>\n<p>\u2699\ufe0f Composants :<\/p>\n<p>- Cadre : CrMo Inexternal Omegatube<br \/>\n- Transmission : Sachs Classic 2500 (2 x 6)<br \/>\n- Freins : Sachs<br \/>\n- guidon : ITM<br \/>\n- les moyeux de roue : Sachs-Maillard<br \/>\n- Jantes : Rigida<br \/>\n- Pneus : Michelin Dynamic Sport 700 x 23<\/p>\n<p>\u261d\ufe0fWas a \u00e9t\u00e9 fait sur ce v\u00e9lo ?<\/p>\n<p>\u2714\ufe0fKomplett nettoy\u00e9 et poli<br \/>\n\u2714\ufe0fReifen nouveau<br \/>\n\u2714\ufe0fLuftschl\u00e4uche nouveau<br \/>\n\u2714\ufe0fNeue C\u00e2bles de frein<br \/>\n\u2714\ufe0fNeue Enveloppes de frein<br \/>\n\u2714\ufe0fNeue Enveloppes de circuits<br \/>\n\u2714\ufe0fNeue C\u00e2bles de commande<br \/>\n\u2714\ufe0f Nouveau ruban de guidon<br \/>\n\u2714\ufe0f Nouvelles p\u00e9dales<\/p>\n<p>\u2708\ufe0f Envoi possible dans le monde entier<\/p>\n<p>\u26a1\ufe0fRegelm\u00e4\u00dfig propose des v\u00e9los vintage neufs !<\/p>\n<p>\u270c\ufe0fWas est Joli V\u00e9lo ?<br \/>\nDerri\u00e8re la petite entreprise Joli V\u00e9lo se cache un Fran\u00e7ais qui est tomb\u00e9 amoureux des v\u00e9los vintage...<\/p>","protected":false},"excerpt":{"rendered":"<p>Hauteur du cadre : 48cm (\u2195\ufe0f 150cm - 166cm)<br \/>\nVitesses : 12 (2 x 6)<\/p>\n<p>Ce beau v\u00e9lo pour femme est en bon \u00e9tat et d'origine.<br \/>\nLe cadre a quelques rayures, mais les autocollants sont intacts.<br \/>\nLe v\u00e9lo a \u00e9t\u00e9 inspect\u00e9 et fonctionne parfaitement.<\/p>","protected":false},"featured_media":5469,"comment_status":"open","ping_status":"closed","template":"","meta":{"_seopress_robots_primary_cat":"none","_seopress_titles_title":"","_seopress_titles_desc":"","_seopress_robots_index":"","_monsterinsights_skip_tracking":false,"_monsterinsights_sitenote_active":false,"_monsterinsights_sitenote_note":"","_monsterinsights_sitenote_category":0},"product_brand":[],"product_cat":[45,47,84,88],"product_tag":[],"marke":[17],"groesse":[31],"fahrrad-typ":[],"class_list":{"0":"post-5464","1":"product","2":"type-product","3":"status-publish","4":"has-post-thumbnail","6":"product_cat-vintage-rennraeder","7":"product_cat-mixte-damenrad","8":"product_cat-schon-verkauft","9":"product_cat-vintage-fahrraeder","10":"product_shipping_class-fahrrad","11":"marke-motobecane-mbk","12":"groesse-53cm","14":"first","15":"outofstock","16":"shipping-taxable","17":"product-type-simple"},"_links":{"self":[{"href":"https:\/\/www.jolivelo.com\/fr\/wp-json\/wp\/v2\/product\/5464","targetHints":{"allow":["GET"]}}],"collection":[{"href":"https:\/\/www.jolivelo.com\/fr\/wp-json\/wp\/v2\/product"}],"about":[{"href":"https:\/\/www.jolivelo.com\/fr\/wp-json\/wp\/v2\/types\/product"}],"replies":[{"embeddable":true,"href":"https:\/\/www.jolivelo.com\/fr\/wp-json\/wp\/v2\/comments?post=5464"}],"wp:featuredmedia":[{"embeddable":true,"href":"https:\/\/www.jolivelo.com\/fr\/wp-json\/wp\/v2\/media\/5469"}],"wp:attachment":[{"href":"https:\/\/www.jolivelo.com\/fr\/wp-json\/wp\/v2\/media?parent=5464"}],"wp:term":[{"taxonomy":"product_brand","embeddable":true,"href":"https:\/\/www.jolivelo.com\/fr\/wp-json\/wp\/v2\/product_brand?post=5464"},{"taxonomy":"product_cat","embeddable":true,"href":"https:\/\/www.jolivelo.com\/fr\/wp-json\/wp\/v2\/product_cat?post=5464"},{"taxonomy":"product_tag","embeddable":true,"href":"https:\/\/www.jolivelo.com\/fr\/wp-json\/wp\/v2\/product_tag?post=5464"},{"taxonomy":"marke","embeddable":true,"href":"https:\/\/www.jolivelo.com\/fr\/wp-json\/wp\/v2\/marke?post=5464"},{"taxonomy":"groesse","embeddable":true,"href":"https:\/\/www.jolivelo.com\/fr\/wp-json\/wp\/v2\/groesse?post=5464"},{"taxonomy":"fahrrad-typ","embeddable":true,"href":"https:\/\/www.jolivelo.com\/fr\/wp-json\/wp\/v2\/fahrrad-typ?post=5464"}],"curies":[{"name":"wp","href":"https:\/\/api.w.org\/{rel}","templated":true}]}}