{"id":4615,"date":"2025-04-15T08:19:11","date_gmt":"2025-04-15T08:19:11","guid":{"rendered":"https:\/\/www.jolivelo.com\/?post_type=product&#038;p=4615"},"modified":"2026-04-03T11:54:05","modified_gmt":"2026-04-03T11:54:05","slug":"velo-de-course-giant-speeder-56cm","status":"publish","type":"product","link":"https:\/\/www.jolivelo.com\/fr\/produit\/velo-de-course-giant-speeder-56cm\/","title":{"rendered":"V\u00e9lo de course GIANT Speeder - 56cm"},"content":{"rendered":"<p>Retro Fahrrad Giant Speeder<\/p>\n<p>Hauteur du cadre : 56cm (\u2195\ufe0f 168cm - 181cm)<br \/>\nVitesses : 14 (2 x 7)<\/p>\n<p>Ce beau v\u00e9lo de course est en bon \u00e9tat.<br \/>\nLe cadre n'a pas une seule rayure et les autocollants sont intacts.<br \/>\nLe v\u00e9lo de course a \u00e9t\u00e9 inspect\u00e9 et fonctionne parfaitement.<\/p>\n<p>\u2699\ufe0f Composants :<\/p>\n<p>- Cadre de travail : CRMO 4130<br \/>\n- d\u00e9railleur : Shimano Exage 300 EX<br \/>\n- Jantes : Araya en aluminium<br \/>\n- P\u00e9dalier : Shimano Exage 300 EX<br \/>\n- Leviers de frein : Exage<br \/>\n- Guidon : Champion<br \/>\n- Freins : Exage Action<br \/>\n- Pneus : Michelin Dynamic Sport 700 x 25<\/p>\n<p>\u261d\ufe0fWas a \u00e9t\u00e9 fait sur ce v\u00e9lo ?<\/p>\n<p>\u2714\ufe0f C\u00e2bles de frein neufs<br \/>\n\u2714\ufe0f Pneus neufs<br \/>\n\u2714\ufe0f Tuyaux d'air neufs<br \/>\n\u2714\ufe0f Bande de guidon neuve<br \/>\n\u2714\ufe0f Cha\u00eene neuve<br \/>\n\u2714\ufe0f Nouveaux c\u00e2bles de commande<br \/>\n\u2714\ufe0f Inspect\u00e9<br \/>\n\u2714\ufe0f Nettoy\u00e9 compl\u00e8tement<\/p>\n<p>\u2708\ufe0f Envoi possible dans le monde entier<\/p>\n<p>\u26a1\ufe0fRegelm\u00e4\u00dfig propose des v\u00e9los vintage neufs !<\/p>","protected":false},"excerpt":{"rendered":"<p>Hauteur du cadre : 56cm (\u2195\ufe0f 168cm - 181cm)<br \/>\nVitesses : 14 (2 x 7)<\/p>\n<p>Ce beau v\u00e9lo de course est en bon \u00e9tat.<br \/>\nLe cadre n'a pas une seule rayure et les autocollants sont intacts.<br \/>\nLe v\u00e9lo de course a \u00e9t\u00e9 inspect\u00e9 et fonctionne parfaitement.<\/p>","protected":false},"featured_media":4620,"comment_status":"open","ping_status":"closed","template":"","meta":{"_seopress_robots_primary_cat":"none","_seopress_titles_title":"","_seopress_titles_desc":"","_seopress_robots_index":"","_monsterinsights_skip_tracking":false,"_monsterinsights_sitenote_active":false,"_monsterinsights_sitenote_note":"","_monsterinsights_sitenote_category":0},"product_brand":[],"product_cat":[45,88],"product_tag":[],"marke":[97],"groesse":[33],"fahrrad-typ":[],"class_list":{"0":"post-4615","1":"product","2":"type-product","3":"status-publish","4":"has-post-thumbnail","6":"product_cat-vintage-rennraeder","7":"product_cat-vintage-fahrraeder","8":"product_shipping_class-fahrrad","9":"marke-giant","10":"groesse-55-56cm","12":"first","13":"instock","14":"shipping-taxable","15":"purchasable","16":"product-type-simple"},"_links":{"self":[{"href":"https:\/\/www.jolivelo.com\/fr\/wp-json\/wp\/v2\/product\/4615","targetHints":{"allow":["GET"]}}],"collection":[{"href":"https:\/\/www.jolivelo.com\/fr\/wp-json\/wp\/v2\/product"}],"about":[{"href":"https:\/\/www.jolivelo.com\/fr\/wp-json\/wp\/v2\/types\/product"}],"replies":[{"embeddable":true,"href":"https:\/\/www.jolivelo.com\/fr\/wp-json\/wp\/v2\/comments?post=4615"}],"wp:featuredmedia":[{"embeddable":true,"href":"https:\/\/www.jolivelo.com\/fr\/wp-json\/wp\/v2\/media\/4620"}],"wp:attachment":[{"href":"https:\/\/www.jolivelo.com\/fr\/wp-json\/wp\/v2\/media?parent=4615"}],"wp:term":[{"taxonomy":"product_brand","embeddable":true,"href":"https:\/\/www.jolivelo.com\/fr\/wp-json\/wp\/v2\/product_brand?post=4615"},{"taxonomy":"product_cat","embeddable":true,"href":"https:\/\/www.jolivelo.com\/fr\/wp-json\/wp\/v2\/product_cat?post=4615"},{"taxonomy":"product_tag","embeddable":true,"href":"https:\/\/www.jolivelo.com\/fr\/wp-json\/wp\/v2\/product_tag?post=4615"},{"taxonomy":"marke","embeddable":true,"href":"https:\/\/www.jolivelo.com\/fr\/wp-json\/wp\/v2\/marke?post=4615"},{"taxonomy":"groesse","embeddable":true,"href":"https:\/\/www.jolivelo.com\/fr\/wp-json\/wp\/v2\/groesse?post=4615"},{"taxonomy":"fahrrad-typ","embeddable":true,"href":"https:\/\/www.jolivelo.com\/fr\/wp-json\/wp\/v2\/fahrrad-typ?post=4615"}],"curies":[{"name":"wp","href":"https:\/\/api.w.org\/{rel}","templated":true}]}}