{"id":3132,"date":"2024-09-26T14:18:15","date_gmt":"2024-09-26T14:18:15","guid":{"rendered":"https:\/\/www.jolivelo.com\/?post_type=product&#038;p=3132"},"modified":"2026-01-27T20:45:27","modified_gmt":"2026-01-27T20:45:27","slug":"velo-de-course-racer-rh-55cm","status":"publish","type":"product","link":"https:\/\/www.jolivelo.com\/fr\/produit\/velo-de-course-racer-rh-55cm\/","title":{"rendered":"V\u00e9lo de course RACER Shimano - 55cm"},"content":{"rendered":"","protected":false},"excerpt":{"rendered":"<p>Hauteur de cadre : 55cm (\u2195\ufe0f 165cm - 177cm)<br \/>\nVitesses : 14 (2 x 7)<\/p>\n<p>Ce beau v\u00e9lo de course est en bon \u00e9tat et d'origine.<br \/>\nLe cadre a quelques rayures, mais les autocollants sont intacts.<br \/>\nLe v\u00e9lo de course a \u00e9t\u00e9 inspect\u00e9 et fonctionne parfaitement.<\/p>","protected":false},"featured_media":3135,"comment_status":"open","ping_status":"closed","template":"","meta":{"_seopress_robots_primary_cat":"none","_seopress_titles_title":"","_seopress_titles_desc":"","_seopress_robots_index":"","_monsterinsights_skip_tracking":false,"_monsterinsights_sitenote_active":false,"_monsterinsights_sitenote_note":"","_monsterinsights_sitenote_category":0},"product_brand":[],"product_cat":[45,88],"product_tag":[],"marke":[],"groesse":[33],"fahrrad-typ":[],"class_list":{"0":"post-3132","1":"product","2":"type-product","3":"status-publish","4":"has-post-thumbnail","6":"product_cat-vintage-rennraeder","7":"product_cat-vintage-fahrraeder","8":"product_shipping_class-fahrrad","9":"groesse-55-56cm","11":"first","12":"instock","13":"shipping-taxable","14":"purchasable","15":"product-type-simple"},"_links":{"self":[{"href":"https:\/\/www.jolivelo.com\/fr\/wp-json\/wp\/v2\/product\/3132","targetHints":{"allow":["GET"]}}],"collection":[{"href":"https:\/\/www.jolivelo.com\/fr\/wp-json\/wp\/v2\/product"}],"about":[{"href":"https:\/\/www.jolivelo.com\/fr\/wp-json\/wp\/v2\/types\/product"}],"replies":[{"embeddable":true,"href":"https:\/\/www.jolivelo.com\/fr\/wp-json\/wp\/v2\/comments?post=3132"}],"wp:featuredmedia":[{"embeddable":true,"href":"https:\/\/www.jolivelo.com\/fr\/wp-json\/wp\/v2\/media\/3135"}],"wp:attachment":[{"href":"https:\/\/www.jolivelo.com\/fr\/wp-json\/wp\/v2\/media?parent=3132"}],"wp:term":[{"taxonomy":"product_brand","embeddable":true,"href":"https:\/\/www.jolivelo.com\/fr\/wp-json\/wp\/v2\/product_brand?post=3132"},{"taxonomy":"product_cat","embeddable":true,"href":"https:\/\/www.jolivelo.com\/fr\/wp-json\/wp\/v2\/product_cat?post=3132"},{"taxonomy":"product_tag","embeddable":true,"href":"https:\/\/www.jolivelo.com\/fr\/wp-json\/wp\/v2\/product_tag?post=3132"},{"taxonomy":"marke","embeddable":true,"href":"https:\/\/www.jolivelo.com\/fr\/wp-json\/wp\/v2\/marke?post=3132"},{"taxonomy":"groesse","embeddable":true,"href":"https:\/\/www.jolivelo.com\/fr\/wp-json\/wp\/v2\/groesse?post=3132"},{"taxonomy":"fahrrad-typ","embeddable":true,"href":"https:\/\/www.jolivelo.com\/fr\/wp-json\/wp\/v2\/fahrrad-typ?post=3132"}],"curies":[{"name":"wp","href":"https:\/\/api.w.org\/{rel}","templated":true}]}}