{"id":2774,"date":"2024-07-04T12:37:58","date_gmt":"2024-07-04T12:37:58","guid":{"rendered":"https:\/\/www.jolivelo.com\/?post_type=product&#038;p=2774"},"modified":"2026-05-10T19:00:19","modified_gmt":"2026-05-10T19:00:19","slug":"velo-de-course-mbk-super-mirage-rh-63cm","status":"publish","type":"product","link":"https:\/\/www.jolivelo.com\/fr\/produit\/velo-de-course-mbk-super-mirage-rh-63cm\/","title":{"rendered":"V\u00e9lo de course MBK Super Mirage - 63cm"},"content":{"rendered":"<p>V\u00e9lo de route vintage MBK Super Mirage<br \/>\nHauteur du cadre : 63cm (\u2195\ufe0f 190cm - 205cm)<br \/>\nGears : 12 (2 x 6)<\/p>\n<p>Ce beau v\u00e9lo de course est en tr\u00e8s bon \u00e9tat et d'origine.<br \/>\nLe cadre n'a pas de rayures et les autocollants ne sont pas d\u00e9grad\u00e9s.<br \/>\nLe v\u00e9lo a \u00e9t\u00e9 inspect\u00e9 et fonctionne parfaitement.<\/p>\n<p>\u2699\ufe0f Components :<\/p>\n<p>- Cadre : Columbus Tretubi Cromor<br \/>\n- Gears : Sachs-Huret<br \/>\n- Freins : Weinmann 570 Top<br \/>\n- Jantes : aluminium<br \/>\n- Barres de poign\u00e9es : Motobecane<br \/>\n- Pignons de roues : Maillard<br \/>\n- Crankset : Nervar<br \/>\n- Pneus : Michelin Dynamic Classic 700 x 25<\/p>\n<p>\u261d\ufe0f Qu'est-ce qui a \u00e9t\u00e9 fait sur ce v\u00e9lo ?<\/p>\n<p>\u2714\ufe0f Brake cables new<br \/>\n\u2714\ufe0f Tyres new<br \/>\n\u2714\ufe0f New inner tubes<br \/>\n\u2714\ufe0f New handlebar tape<br \/>\n\u2714\ufe0f New gear cables<br \/>\n\u2714\ufe0f Inspect\u00e9<br \/>\n\u2714\ufe0f Compl\u00e8tement nettoy\u00e9<\/p>\n<p>\u2708\ufe0f Exp\u00e9dition possible dans le monde entier<\/p>\n<p>\u26a1\ufe0f De nouveaux v\u00e9los vintage sont r\u00e9guli\u00e8rement propos\u00e9s !<\/p>\n<p>\u270c\ufe0f Qu'est-ce que Joli V\u00e9lo ?<br \/>\nDerri\u00e8re la petite entreprise Joli V\u00e9lo est un Fran\u00e7ais qui est tomb\u00e9 amoureux des v\u00e9los vintage...<\/p>","protected":false},"excerpt":{"rendered":"<p>Hauteur du cadre : 63cm (\u2195\ufe0f 190cm - 205cm)<br \/>\nVitesses : 12 (2 x 6)<\/p>\n<p>Ce beau v\u00e9lo de course est en tr\u00e8s bon \u00e9tat et d'origine.<br \/>\nLe cadre n'a pas de rayures et les autocollants sont intacts.<br \/>\nLe v\u00e9lo de course a \u00e9t\u00e9 inspect\u00e9 et fonctionne parfaitement.<\/p>","protected":false},"featured_media":2651,"comment_status":"open","ping_status":"closed","template":"","meta":{"_seopress_robots_primary_cat":"none","_seopress_titles_title":"","_seopress_titles_desc":"","_seopress_robots_index":"","_monsterinsights_skip_tracking":false,"_monsterinsights_sitenote_active":false,"_monsterinsights_sitenote_note":"","_monsterinsights_sitenote_category":0},"product_brand":[],"product_cat":[45,88],"product_tag":[],"marke":[17],"groesse":[37],"fahrrad-typ":[],"class_list":{"0":"post-2774","1":"product","2":"type-product","3":"status-publish","4":"has-post-thumbnail","6":"product_cat-vintage-rennraeder","7":"product_cat-vintage-fahrraeder","8":"product_shipping_class-fahrrad","9":"marke-motobecane-mbk","10":"groesse-62cm","12":"first","13":"instock","14":"shipping-taxable","15":"purchasable","16":"product-type-simple"},"_links":{"self":[{"href":"https:\/\/www.jolivelo.com\/fr\/wp-json\/wp\/v2\/product\/2774","targetHints":{"allow":["GET"]}}],"collection":[{"href":"https:\/\/www.jolivelo.com\/fr\/wp-json\/wp\/v2\/product"}],"about":[{"href":"https:\/\/www.jolivelo.com\/fr\/wp-json\/wp\/v2\/types\/product"}],"replies":[{"embeddable":true,"href":"https:\/\/www.jolivelo.com\/fr\/wp-json\/wp\/v2\/comments?post=2774"}],"wp:featuredmedia":[{"embeddable":true,"href":"https:\/\/www.jolivelo.com\/fr\/wp-json\/wp\/v2\/media\/2651"}],"wp:attachment":[{"href":"https:\/\/www.jolivelo.com\/fr\/wp-json\/wp\/v2\/media?parent=2774"}],"wp:term":[{"taxonomy":"product_brand","embeddable":true,"href":"https:\/\/www.jolivelo.com\/fr\/wp-json\/wp\/v2\/product_brand?post=2774"},{"taxonomy":"product_cat","embeddable":true,"href":"https:\/\/www.jolivelo.com\/fr\/wp-json\/wp\/v2\/product_cat?post=2774"},{"taxonomy":"product_tag","embeddable":true,"href":"https:\/\/www.jolivelo.com\/fr\/wp-json\/wp\/v2\/product_tag?post=2774"},{"taxonomy":"marke","embeddable":true,"href":"https:\/\/www.jolivelo.com\/fr\/wp-json\/wp\/v2\/marke?post=2774"},{"taxonomy":"groesse","embeddable":true,"href":"https:\/\/www.jolivelo.com\/fr\/wp-json\/wp\/v2\/groesse?post=2774"},{"taxonomy":"fahrrad-typ","embeddable":true,"href":"https:\/\/www.jolivelo.com\/fr\/wp-json\/wp\/v2\/fahrrad-typ?post=2774"}],"curies":[{"name":"wp","href":"https:\/\/api.w.org\/{rel}","templated":true}]}}