{"id":548,"date":"2023-02-01T12:32:23","date_gmt":"2023-02-01T12:32:23","guid":{"rendered":"https:\/\/www.jolivelo.com\/bezahlmoeglichkeiten\/"},"modified":"2023-02-01T12:32:23","modified_gmt":"2023-02-01T12:32:23","slug":"moyens-de-paiement","status":"publish","type":"page","link":"https:\/\/www.jolivelo.com\/fr\/moyens-de-paiement\/","title":{"rendered":"Modes de paiement"},"content":{"rendered":"<div class=\"woocommerce woocommerce-gzd\">\n\t<ul class=\"payment_methods methods\">\n\t\t\t\t\t<li class=\"payment_method_bacs\">\n\t\t\t\t<label>Virement bancaire<\/label>\n\t\t\t\t\t\t\t\t\t<div class=\"payment_box payment_method_bacs\">\n\t\t\t\t\t\t<p>Effectuez le paiement directement depuis votre compte bancaire. Veuillez utiliser l'ID de votre commande comme r\u00e9f\u00e9rence de paiement. Votre commande ne sera exp\u00e9di\u00e9e qu'une fois l'argent re\u00e7u.\r\nLes informations relatives au compte bancaire pour le virement seront affich\u00e9es sur la page suivante, d\u00e8s que votre commande aura \u00e9t\u00e9 confirm\u00e9e.<\/p>\n\t\t\t\t\t<\/div>\n\t\t\t\t\t\t\t<\/li>\n\t\t\t\t\t<li class=\"payment_method_mollie_wc_gateway_creditcard\">\n\t\t\t\t<label>Carte de cr\u00e9dit<img src='https:\/\/www.jolivelo.com\/wp-content\/plugins\/mollie-payments-for-woocommerce\/public\/images\/creditcards.svg' alt='creditcard icon' class='mollie-gateway-icon' \/><\/label>\n\t\t\t\t\t\t\t\t\t<div class=\"payment_box payment_method_mollie_wc_gateway_creditcard\">\n\t\t\t\t\t\t<p><p class=\"mollie-gateway-fee\"> + 0.8% fee might apply<\/p><\/p>\n\t\t\t\t\t<\/div>\n\t\t\t\t\t\t\t<\/li>\n\t\t\t\t\t<li class=\"payment_method_mollie_wc_gateway_klarnasliceit\">\n\t\t\t\t<label>Achat \u00e0 temp\u00e9rament Klarna<img src='https:\/\/www.jolivelo.com\/wp-content\/plugins\/mollie-payments-for-woocommerce\/public\/images\/klarnasliceit.svg' alt='ic\u00f4ne de klarnasliceit' class='mollie-gateway-icon' \/><\/label>\n\t\t\t\t\t\t\t\t\t<div class=\"payment_box payment_method_mollie_wc_gateway_klarnasliceit\">\n\t\t\t\t\t\t<p><p class=\"mollie-gateway-fee\"> + 1.5% fee might apply<\/p><\/p>\n\t\t\t\t\t<\/div>\n\t\t\t\t\t\t\t<\/li>\n\t\t\t\t\t<li class=\"payment_method_mollie_wc_gateway_klarnapaynow\">\n\t\t\t\t<label>Klarna Pay Now<img src='https:\/\/www.jolivelo.com\/wp-content\/plugins\/mollie-payments-for-woocommerce\/public\/images\/klarnapaynow.svg' alt='klarnapaynow ic\u00f4ne' class='mollie-gateway-icon' \/><\/label>\n\t\t\t\t\t\t\t\t\t<div class=\"payment_box payment_method_mollie_wc_gateway_klarnapaynow\">\n\t\t\t\t\t\t<p><p class=\"mollie-gateway-fee\"> + 1.5% fee might apply<\/p><\/p>\n\t\t\t\t\t<\/div>\n\t\t\t\t\t\t\t<\/li>\n\t\t\t\t\t<li class=\"payment_method_mollie_wc_gateway_klarnapaylater\">\n\t\t\t\t<label>Klarna Pay later<img src='https:\/\/www.jolivelo.com\/wp-content\/plugins\/mollie-payments-for-woocommerce\/public\/images\/klarnapaylater.svg' alt='ic\u00f4ne de klarnapaylater' class='mollie-gateway-icon' \/><\/label>\n\t\t\t\t\t\t\t\t\t<div class=\"payment_box payment_method_mollie_wc_gateway_klarnapaylater\">\n\t\t\t\t\t\t<p><p class=\"mollie-gateway-fee\"> + 1.5% fee might apply<\/p><\/p>\n\t\t\t\t\t<\/div>\n\t\t\t\t\t\t\t<\/li>\n\t\t\t\t\t<li class=\"payment_method_mollie_wc_gateway_paypal\">\n\t\t\t\t<label>PayPal<img src='https:\/\/www.jolivelo.com\/wp-content\/plugins\/mollie-payments-for-woocommerce\/public\/images\/paypal.svg' alt='paypal icon' class='mollie-gateway-icon' \/><\/label>\n\t\t\t\t\t\t\t\t\t<div class=\"payment_box payment_method_mollie_wc_gateway_paypal\">\n\t\t\t\t\t\t<p><p class=\"mollie-gateway-fee\"> + 1.5% fee might apply<\/p><\/p>\n\t\t\t\t\t<\/div>\n\t\t\t\t\t\t\t<\/li>\n\t\t\t\t\t<li class=\"payment_method_mollie_wc_gateway_applepay\">\n\t\t\t\t<label>Apple Pay<img src='https:\/\/www.jolivelo.com\/wp-content\/plugins\/mollie-payments-for-woocommerce\/public\/images\/applepay.svg' alt='applepay ic\u00f4ne' class='mollie-gateway-icon' \/><\/label>\n\t\t\t\t\t\t\t<\/li>\n\t\t\t\t\t<li class=\"payment_method_mollie_wc_gateway_klarna\">\n\t\t\t\t<label>Payer avec Klarna<img src='https:\/\/www.jolivelo.com\/wp-content\/plugins\/mollie-payments-for-woocommerce\/public\/images\/klarna.svg' alt='klarna icon' class='mollie-gateway-icon' \/><\/label>\n\t\t\t\t\t\t\t\t\t<div class=\"payment_box payment_method_mollie_wc_gateway_klarna\">\n\t\t\t\t\t\t<p><p class=\"mollie-gateway-fee\"> + 1.5% fee might apply<\/p><\/p>\n\t\t\t\t\t<\/div>\n\t\t\t\t\t\t\t<\/li>\n\t\t\t<\/ul>\n<\/div>","protected":false},"excerpt":{"rendered":"","protected":false},"author":1,"featured_media":0,"parent":0,"menu_order":0,"comment_status":"closed","ping_status":"closed","template":"","meta":{"_seopress_robots_primary_cat":"","_seopress_titles_title":"","_seopress_titles_desc":"","_seopress_robots_index":"","_monsterinsights_skip_tracking":false,"_monsterinsights_sitenote_active":false,"_monsterinsights_sitenote_note":"","_monsterinsights_sitenote_category":0,"footnotes":""},"class_list":["post-548","page","type-page","status-publish","hentry"],"blocksy_meta":{"styles_descriptor":{"styles":{"desktop":"","tablet":"","mobile":""},"google_fonts":[],"version":6}},"_links":{"self":[{"href":"https:\/\/www.jolivelo.com\/fr\/wp-json\/wp\/v2\/pages\/548","targetHints":{"allow":["GET"]}}],"collection":[{"href":"https:\/\/www.jolivelo.com\/fr\/wp-json\/wp\/v2\/pages"}],"about":[{"href":"https:\/\/www.jolivelo.com\/fr\/wp-json\/wp\/v2\/types\/page"}],"author":[{"embeddable":true,"href":"https:\/\/www.jolivelo.com\/fr\/wp-json\/wp\/v2\/users\/1"}],"replies":[{"embeddable":true,"href":"https:\/\/www.jolivelo.com\/fr\/wp-json\/wp\/v2\/comments?post=548"}],"version-history":[{"count":0,"href":"https:\/\/www.jolivelo.com\/fr\/wp-json\/wp\/v2\/pages\/548\/revisions"}],"wp:attachment":[{"href":"https:\/\/www.jolivelo.com\/fr\/wp-json\/wp\/v2\/media?parent=548"}],"curies":[{"name":"wp","href":"https:\/\/api.w.org\/{rel}","templated":true}]}}