{"id":546,"date":"2023-02-01T12:32:23","date_gmt":"2023-02-01T12:32:23","guid":{"rendered":"https:\/\/www.jolivelo.com\/widerrufsbelehrung\/"},"modified":"2023-02-01T16:10:21","modified_gmt":"2023-02-01T16:10:21","slug":"information-sur-le-droit-de-retractation","status":"publish","type":"page","link":"https:\/\/www.jolivelo.com\/fr\/information-sur-le-droit-de-retractation\/","title":{"rendered":"Information sur le droit de r\u00e9tractation"},"content":{"rendered":"<div data-elementor-type=\"wp-page\" data-elementor-id=\"546\" class=\"elementor elementor-546\" data-elementor-post-type=\"page\">\n\t\t\t\t\t\t<section class=\"elementor-section elementor-top-section elementor-element elementor-element-809a92f elementor-section-boxed elementor-section-height-default elementor-section-height-default\" data-id=\"809a92f\" data-element_type=\"section\" data-e-type=\"section\">\n\t\t\t\t\t\t<div class=\"elementor-container elementor-column-gap-default\">\n\t\t\t\t\t<div class=\"elementor-column elementor-col-100 elementor-top-column elementor-element elementor-element-7c019fa\" data-id=\"7c019fa\" data-element_type=\"column\" data-e-type=\"column\">\n\t\t\t<div class=\"elementor-widget-wrap elementor-element-populated\">\n\t\t\t\t\t\t<div class=\"elementor-element elementor-element-5a86996 elementor-widget elementor-widget-heading\" data-id=\"5a86996\" data-element_type=\"widget\" data-e-type=\"widget\" data-widget_type=\"heading.default\">\n\t\t\t\t<div class=\"elementor-widget-container\">\n\t\t\t\t\t<h2 class=\"elementor-heading-title elementor-size-default\">Information sur le droit de r\u00e9tractation<\/h2>\t\t\t\t<\/div>\n\t\t\t\t<\/div>\n\t\t\t\t<div class=\"elementor-element elementor-element-a7c8f71 elementor-widget elementor-widget-text-editor\" data-id=\"a7c8f71\" data-element_type=\"widget\" data-e-type=\"widget\" data-widget_type=\"text-editor.default\">\n\t\t\t\t<div class=\"elementor-widget-container\">\n\t\t\t\t\t\t\t\t\t<h3 id=\"widerrufsrecht\">Droit de r\u00e9tractation<\/h3><p>Vous avez le droit de r\u00e9silier le pr\u00e9sent contrat dans un d\u00e9lai de quatorze jours sans indication de motifs.\u00a0<a title=\"Contrat\" href=\"https:\/\/www.juraforum.de\/rechtsberatung\/einen-vertrag-pruefen.html\" target=\"_blank\" rel=\"noopener\">Contrat<\/a>\u00a0de se r\u00e9tracter.<\/p><p>Le d\u00e9lai de r\u00e9tractation est de quatorze jours \u00e0 compter de la date.<\/p><p>Pour exercer votre droit de r\u00e9tractation, vous devez nous contacter au moyen d'un message \u00e9lectronique clair.\u00a0<a title=\"Explication\" href=\"https:\/\/www.juraforum.de\/lexikon\/erklaerung\" target=\"_blank\" rel=\"noopener\">Explication<\/a> (par exemple, une lettre envoy\u00e9e par la poste ou un e-mail) de votre d\u00e9cision de vous r\u00e9tracter du pr\u00e9sent contrat. Vous pouvez utiliser \u00e0 cet effet le mod\u00e8le de formulaire de r\u00e9tractation ci-joint, qui n'est toutefois pas obligatoire.<\/p><p>Pour que le d\u00e9lai de r\u00e9tractation soit respect\u00e9, il suffit que vous envoyiez la communication relative \u00e0 l'exercice du droit de r\u00e9tractation avant l'expiration du d\u00e9lai de r\u00e9tractation.<\/p><h3 id=\"folgen-des-widerrufs\">Cons\u00e9quences de la r\u00e9vocation<\/h3><p>Si vous annulez le pr\u00e9sent contrat, nous vous rembourserons tous les paiements que nous avons re\u00e7us de votre part, y compris les frais de livraison (\u00e0 l'exception des frais suppl\u00e9mentaires).\u00a0<a title=\"Co\u00fbts\" href=\"https:\/\/www.juraforum.de\/lexikon\/kosten\" target=\"_blank\" rel=\"noopener\">Co\u00fbts<\/a>Les probl\u00e8mes li\u00e9s \u00e0 l'utilisation d'une autre forme de\u00a0<a title=\"Livraison\" href=\"https:\/\/www.juraforum.de\/lexikon\/lieferung\" target=\"_blank\" rel=\"noopener\">Livraison<\/a>\u00a0) sans d\u00e9lai et au plus tard dans les quatorze jours \u00e0 compter de la date \u00e0 laquelle nous avons re\u00e7u la communication de votre r\u00e9tractation du pr\u00e9sent contrat. Pour ce remboursement, nous utilisons le m\u00eame moyen de paiement que celui que vous avez utilis\u00e9 pour la transaction initiale, \u00e0 moins qu'il n'en ait \u00e9t\u00e9 express\u00e9ment convenu autrement avec vous ; en aucun cas, des frais ne vous seront factur\u00e9s pour ce remboursement.<\/p>\t\t\t\t\t\t\t\t<\/div>\n\t\t\t\t<\/div>\n\t\t\t\t\t<\/div>\n\t\t<\/div>\n\t\t\t\t\t<\/div>\n\t\t<\/section>\n\t\t\t\t<\/div>","protected":false},"excerpt":{"rendered":"<p>Widerrufsrecht Sie haben das Recht, binnen vierzehn Tagen ohne Angabe von Gr\u00fcnden diesen\u00a0Vertrag\u00a0zu widerrufen. Die Widerrufsfrist betr\u00e4gt vierzehn Tage ab dem Tag. Um Ihr Widerrufsrecht auszu\u00fcben, m\u00fcssen Sie uns\u00a0mittels einer eindeutigen\u00a0Erkl\u00e4rung (z.B. ein mit der Post versandter Brief oder eine E-Mail) \u00fcber Ihren Entschluss, diesen Vertrag zu widerrufen, informieren. Sie k\u00f6nnen daf\u00fcr das beigef\u00fcgte Muster-Widerrufsformular [&hellip;]<\/p>\n","protected":false},"author":1,"featured_media":0,"parent":0,"menu_order":0,"comment_status":"closed","ping_status":"closed","template":"elementor_header_footer","meta":{"_seopress_robots_primary_cat":"","_seopress_titles_title":"","_seopress_titles_desc":"","_seopress_robots_index":"","_monsterinsights_skip_tracking":false,"_monsterinsights_sitenote_active":false,"_monsterinsights_sitenote_note":"","_monsterinsights_sitenote_category":0,"footnotes":""},"class_list":["post-546","page","type-page","status-publish","hentry"],"blocksy_meta":{"styles_descriptor":{"styles":{"desktop":"","tablet":"","mobile":""},"google_fonts":[],"version":6}},"_links":{"self":[{"href":"https:\/\/www.jolivelo.com\/fr\/wp-json\/wp\/v2\/pages\/546","targetHints":{"allow":["GET"]}}],"collection":[{"href":"https:\/\/www.jolivelo.com\/fr\/wp-json\/wp\/v2\/pages"}],"about":[{"href":"https:\/\/www.jolivelo.com\/fr\/wp-json\/wp\/v2\/types\/page"}],"author":[{"embeddable":true,"href":"https:\/\/www.jolivelo.com\/fr\/wp-json\/wp\/v2\/users\/1"}],"replies":[{"embeddable":true,"href":"https:\/\/www.jolivelo.com\/fr\/wp-json\/wp\/v2\/comments?post=546"}],"version-history":[{"count":0,"href":"https:\/\/www.jolivelo.com\/fr\/wp-json\/wp\/v2\/pages\/546\/revisions"}],"wp:attachment":[{"href":"https:\/\/www.jolivelo.com\/fr\/wp-json\/wp\/v2\/media?parent=546"}],"curies":[{"name":"wp","href":"https:\/\/api.w.org\/{rel}","templated":true}]}}