{"id":52,"date":"2022-11-08T15:23:17","date_gmt":"2022-11-08T15:23:17","guid":{"rendered":"https:\/\/www.jolivelo.com\/?page_id=52"},"modified":"2024-10-11T08:56:15","modified_gmt":"2024-10-11T08:56:15","slug":"protection-des-donnees","status":"publish","type":"page","link":"https:\/\/www.jolivelo.com\/fr\/protection-des-donnees\/","title":{"rendered":"Protection des donn\u00e9es"},"content":{"rendered":"<div data-elementor-type=\"wp-page\" data-elementor-id=\"52\" class=\"elementor elementor-52\" data-elementor-post-type=\"page\">\n\t\t\t\t\t\t<section class=\"elementor-section elementor-top-section elementor-element elementor-element-c104d11 elementor-section-boxed elementor-section-height-default elementor-section-height-default\" data-id=\"c104d11\" data-element_type=\"section\" data-e-type=\"section\">\n\t\t\t\t\t\t<div class=\"elementor-container elementor-column-gap-default\">\n\t\t\t\t\t<div class=\"elementor-column elementor-col-100 elementor-top-column elementor-element elementor-element-7873523\" data-id=\"7873523\" data-element_type=\"column\" data-e-type=\"column\">\n\t\t\t<div class=\"elementor-widget-wrap elementor-element-populated\">\n\t\t\t\t\t\t<div class=\"elementor-element elementor-element-fb7b42b elementor-widget elementor-widget-heading\" data-id=\"fb7b42b\" data-element_type=\"widget\" data-e-type=\"widget\" data-widget_type=\"heading.default\">\n\t\t\t\t<div class=\"elementor-widget-container\">\n\t\t\t\t\t<h2 class=\"elementor-heading-title elementor-size-default\">D\u00e9claration de confidentialit\u00e9<\/h2>\t\t\t\t<\/div>\n\t\t\t\t<\/div>\n\t\t\t\t<div class=\"elementor-element elementor-element-79efeef elementor-widget elementor-widget-text-editor\" data-id=\"79efeef\" data-element_type=\"widget\" data-e-type=\"widget\" data-widget_type=\"text-editor.default\">\n\t\t\t\t<div class=\"elementor-widget-container\">\n\t\t\t\t\t\t\t\t\t<div class=\"s3-t s3-t0\"><p><strong>Remarque g\u00e9n\u00e9rale et informations obligatoires<\/strong><\/p><p><strong>D\u00e9signation de l'organisme responsable<\/strong><\/p><p>Le responsable du traitement des donn\u00e9es sur ce site est :<\/p><p><span id=\"s3-t-firma\">Joli V\u00e9lo<\/span><br \/><span id=\"s3-t-ansprechpartner\">Christopher Laliat<\/span><br \/><span id=\"s3-t-strasse\">Rue Kleist, 25<\/span><br \/><span id=\"s3-t-plz\">24105<\/span>\u00a0<span id=\"s3-t-ort\">Schleswig-Holstein - Kiel<\/span><\/p><p>Le responsable d\u00e9cide, seul ou conjointement avec d'autres, des finalit\u00e9s et des moyens du traitement des donn\u00e9es \u00e0 caract\u00e8re personnel (p. ex. noms, coordonn\u00e9es ou autres).<\/p><p><strong>R\u00e9vocation de votre consentement au traitement des donn\u00e9es<\/strong><\/p><p>Certaines op\u00e9rations de traitement des donn\u00e9es ne sont possibles qu'avec votre consentement explicite. Il est possible de r\u00e9voquer \u00e0 tout moment le consentement que vous avez d\u00e9j\u00e0 donn\u00e9. Pour la r\u00e9vocation, il suffit d'envoyer un message informel par e-mail. La l\u00e9galit\u00e9 du traitement des donn\u00e9es effectu\u00e9 jusqu'\u00e0 la r\u00e9vocation n'est pas affect\u00e9e par la r\u00e9vocation.<\/p><p><strong>Droit de recours aupr\u00e8s de l'autorit\u00e9 de surveillance comp\u00e9tente<\/strong><\/p><p>En tant que personne concern\u00e9e, vous disposez d'un droit de recours aupr\u00e8s de l'autorit\u00e9 de surveillance comp\u00e9tente en cas d'infraction au droit de la protection des donn\u00e9es. L'autorit\u00e9 de surveillance comp\u00e9tente pour les questions relatives \u00e0 la protection des donn\u00e9es est le d\u00e9l\u00e9gu\u00e9 \u00e0 la protection des donn\u00e9es du Land dans lequel se trouve le si\u00e8ge de notre entreprise. Le lien suivant fournit une liste des responsables de la protection des donn\u00e9es ainsi que leurs coordonn\u00e9es :\u00a0<a href=\"https:\/\/www.bfdi.bund.de\/DE\/Infothek\/Anschriften_Links\/anschriften_links-node.html\" target=\"_blank\" rel=\"noopener\">https:\/\/www.bfdi.bund.de\/DE\/Infothek\/Anschriften_Links\/anschriften_links-node.html<\/a>.<\/p><p><strong>Droit \u00e0 la portabilit\u00e9 des donn\u00e9es<\/strong><\/p><p>Vous avez le droit de vous faire remettre ou de faire remettre \u00e0 un tiers les donn\u00e9es que nous traitons de mani\u00e8re automatis\u00e9e sur la base de votre consentement ou en ex\u00e9cution d'un contrat. La mise \u00e0 disposition se fait dans un format lisible par machine. Si vous demandez la transmission directe des donn\u00e9es \u00e0 un autre responsable, cela ne se fera que dans la mesure o\u00f9 cela est techniquement faisable.<\/p><p><strong>Droit d'acc\u00e8s, de rectification, de blocage et d'effacement<\/strong><\/p><p>Dans le cadre des dispositions l\u00e9gales en vigueur, vous avez \u00e0 tout moment le droit d'obtenir gratuitement des informations sur vos donn\u00e9es personnelles enregistr\u00e9es, l'origine des donn\u00e9es, leurs destinataires et la finalit\u00e9 du traitement des donn\u00e9es et, le cas \u00e9ch\u00e9ant, un droit de rectification, de blocage ou de suppression de ces donn\u00e9es. \u00c0 ce sujet et pour toute autre question relative aux donn\u00e9es personnelles, vous pouvez nous contacter \u00e0 tout moment en utilisant les coordonn\u00e9es indiqu\u00e9es dans les mentions l\u00e9gales.<\/p><p><strong>Chiffrement SSL ou TLS<\/strong><\/p><p>Pour des raisons de s\u00e9curit\u00e9 et pour prot\u00e9ger la transmission de contenus confidentiels que vous nous envoyez en tant qu'exploitant du site, notre site Internet utilise un cryptage SSL ou TLS. Ainsi, les donn\u00e9es que vous transmettez via ce site web ne sont pas lisibles par des tiers. Vous reconnaissez une connexion crypt\u00e9e \u00e0 la ligne d'adresse \"https:\/\/\" de votre navigateur et au symbole du cadenas dans la ligne du navigateur.<\/p><\/div><div class=\"s3-t s3-t2\"><p><strong>Fichiers journaux du serveur<\/strong><\/p><p>Dans les fichiers journaux du serveur, le fournisseur du site web collecte et enregistre automatiquement les informations que votre navigateur nous transmet automatiquement. Il s'agit de<\/p><ul><li>Page visit\u00e9e sur notre domaine<\/li><li>date et heure de la demande du serveur<\/li><li>Type et version du navigateur<\/li><li>Syst\u00e8me d'exploitation utilis\u00e9<\/li><li>URL de r\u00e9f\u00e9rence<\/li><li>nom d'h\u00f4te de l'ordinateur qui acc\u00e8de au site<\/li><li>Adresse IP<\/li><\/ul><p>Ces donn\u00e9es ne sont pas recoup\u00e9es avec d'autres sources de donn\u00e9es. Le traitement des donn\u00e9es se fonde sur l'article 6, paragraphe 1, point b), du RGPD, qui autorise le traitement des donn\u00e9es pour l'ex\u00e9cution d'un contrat ou de mesures pr\u00e9contractuelles.<\/p><\/div><div class=\"s3-t s3-t3\"><p><strong>Transmission de donn\u00e9es lors de la conclusion d'un contrat pour l'achat et l'envoi de marchandises<\/strong><\/p><p>Les donn\u00e9es personnelles ne sont transmises \u00e0 des tiers que si cela s'av\u00e8re n\u00e9cessaire dans le cadre de l'ex\u00e9cution du contrat. Les tiers peuvent \u00eatre par exemple des prestataires de services de paiement ou des entreprises de logistique. Une transmission plus \u00e9tendue des donn\u00e9es n'a pas lieu ou seulement si vous l'avez express\u00e9ment autoris\u00e9e.<\/p><p>Le traitement des donn\u00e9es se fonde sur l'article 6, paragraphe 1, point b), du RGPD, qui autorise le traitement des donn\u00e9es pour l'ex\u00e9cution d'un contrat ou de mesures pr\u00e9contractuelles.<\/p><\/div><div class=\"s3-t s3-t5\"><p><strong>Formulaire de contact<\/strong><\/p><p>Les donn\u00e9es transmises par le biais du formulaire de contact sont enregistr\u00e9es, y compris vos coordonn\u00e9es, afin de pouvoir traiter votre demande ou de r\u00e9pondre \u00e0 des questions de suivi. Ces donn\u00e9es ne seront pas transmises sans votre accord.<\/p><p>Le traitement des donn\u00e9es saisies dans le formulaire de contact s'effectue exclusivement sur la base de votre consentement (article 6, paragraphe 1, point a) du RGPD). Une r\u00e9vocation de votre consentement d\u00e9j\u00e0 donn\u00e9 est possible \u00e0 tout moment. Pour la r\u00e9vocation, il suffit d'envoyer un message informel par e-mail. La l\u00e9galit\u00e9 des op\u00e9rations de traitement des donn\u00e9es effectu\u00e9es jusqu'\u00e0 la r\u00e9vocation n'est pas affect\u00e9e par la r\u00e9vocation.<\/p><p>Les donn\u00e9es transmises par le biais du formulaire de contact restent chez nous jusqu'\u00e0 ce que vous nous demandiez de les supprimer, que vous r\u00e9voquiez votre consentement \u00e0 leur enregistrement ou que leur enregistrement ne soit plus n\u00e9cessaire. Les dispositions l\u00e9gales contraignantes - en particulier les d\u00e9lais de conservation - ne sont pas affect\u00e9es.<\/p><\/div><div class=\"s3-t s3-t13\"><p><strong>Google Analytics<\/strong><\/p><p>Notre site web utilise des fonctions du service d'analyse web Google Analytics. Le fournisseur de ce service d'analyse web est Google Inc., 1600 Amphitheatre Parkway, Mountain View, CA 94043, USA.<\/p><p>Google Analytics utilise des \"cookies\". Il s'agit de petits fichiers texte que votre navigateur web enregistre sur votre terminal et qui permettent d'analyser l'utilisation du site web. Les informations g\u00e9n\u00e9r\u00e9es par les cookies concernant votre utilisation de notre site web sont transmises \u00e0 un serveur de Google et y sont enregistr\u00e9es. En r\u00e8gle g\u00e9n\u00e9rale, le serveur est situ\u00e9 aux \u00c9tats-Unis.<\/p><p>L'installation des cookies Google Analytics est bas\u00e9e sur l'article 6, paragraphe 1, point f du RGPD. En tant qu'exploitant de ce site web, nous avons un int\u00e9r\u00eat l\u00e9gitime \u00e0 analyser le comportement des utilisateurs afin d'optimiser notre offre web et, le cas \u00e9ch\u00e9ant, notre publicit\u00e9.<\/p><p>Anonymisation des IP<\/p><p>Nous utilisons Google Analytics en combinaison avec la fonction d'anonymisation IP. Elle garantit que Google tronque votre adresse IP dans les \u00c9tats membres de l'Union europ\u00e9enne ou dans d'autres \u00c9tats signataires de l'accord sur l'Espace \u00e9conomique europ\u00e9en avant de la transmettre aux \u00c9tats-Unis. Il peut y avoir des cas exceptionnels dans lesquels Google transmet l'adresse IP compl\u00e8te \u00e0 un serveur aux \u00c9tats-Unis et l'y raccourcit. Google utilisera ces informations pour notre compte afin d'\u00e9valuer votre utilisation du site, d'\u00e9tablir des rapports sur les activit\u00e9s du site et de nous fournir d'autres services li\u00e9s \u00e0 l'utilisation du site et d'Internet. L'adresse IP transmise par Google Analytics n'est pas recoup\u00e9e avec d'autres donn\u00e9es de Google.<\/p><p>Plugin de navigateur<\/p><p>Il est possible d'emp\u00eacher l'installation de cookies par votre navigateur web. Certaines fonctions de notre site web pourraient toutefois s'en trouver limit\u00e9es. Vous pouvez \u00e9galement emp\u00eacher la collecte de donn\u00e9es relatives \u00e0 votre utilisation du site web, y compris votre adresse IP, et leur traitement ult\u00e9rieur par Google. Pour ce faire, il vous suffit de t\u00e9l\u00e9charger et d'installer le plug-in de navigateur accessible via le lien suivant :\u00a0<a href=\"https:\/\/tools.google.com\/dlpage\/gaoptout?hl=de\">https:\/\/tools.google.com\/dlpage\/gaoptout?hl=de<\/a>.<\/p><p>Opposition \u00e0 la collecte de donn\u00e9es<\/p><p>Vous pouvez emp\u00eacher la saisie de vos donn\u00e9es par Google Analytics en cliquant sur le lien suivant. Un cookie d'opt-out sera install\u00e9, qui emp\u00eachera la collecte de vos donn\u00e9es lors de vos prochaines visites sur notre site : D\u00e9sactiver Google Analytics.<\/p><p>Pour plus de d\u00e9tails sur la mani\u00e8re dont Google Analytics traite les donn\u00e9es des utilisateurs, veuillez consulter la d\u00e9claration de confidentialit\u00e9 de Google :\u00a0<a href=\"https:\/\/support.google.com\/analytics\/answer\/6004245?hl=de\">https:\/\/support.google.com\/analytics\/answer\/6004245?hl=de<\/a>.<\/p><p>Traitement des commandes<\/p><p>Afin de satisfaire pleinement aux exigences l\u00e9gales en mati\u00e8re de protection des donn\u00e9es, nous avons conclu un contrat de traitement des commandes avec Google.<\/p><p>Caract\u00e9ristiques d\u00e9mographiques dans Google Analytics<\/p><p>Notre site utilise la fonction \"caract\u00e9ristiques d\u00e9mographiques\" de Google Analytics. Celle-ci permet de cr\u00e9er des rapports contenant des d\u00e9clarations sur l'\u00e2ge, le sexe et les int\u00e9r\u00eats des visiteurs du site. Ces donn\u00e9es proviennent de la publicit\u00e9 cibl\u00e9e par centres d'int\u00e9r\u00eat de Google ainsi que de donn\u00e9es de visiteurs de fournisseurs tiers. Une attribution des donn\u00e9es \u00e0 une personne pr\u00e9cise n'est pas possible. Vous pouvez d\u00e9sactiver cette fonction \u00e0 tout moment. Cela est possible via les param\u00e8tres des annonces dans votre compte Google ou en interdisant de mani\u00e8re g\u00e9n\u00e9rale la collecte de vos donn\u00e9es par Google Analytics, comme expliqu\u00e9 au point \"Opposition \u00e0 la collecte de donn\u00e9es\".<\/p><\/div><div class=\"s3-t s3-t15\"><p><strong>PayPal<\/strong><\/p><p>Notre site web permet le paiement via PayPal. Le fournisseur du service de paiement est PayPal (Europe) S.\u00e0.r.l. et Cie, S.C.A., 22-24 Boulevard Royal, L-2449 Luxembourg.<\/p><p>Si vous payez avec PayPal, les donn\u00e9es de paiement que vous avez saisies sont transmises \u00e0 PayPal.<\/p><p>La transmission de vos donn\u00e9es \u00e0 PayPal s'effectue sur la base de l'art. 6, al. 1, let. a du RGPD (consentement) et de l'art. 6, al. 1, let. b du RGPD (traitement pour l'ex\u00e9cution d'un contrat). Une r\u00e9vocation de votre consentement d\u00e9j\u00e0 donn\u00e9 est possible \u00e0 tout moment. En cas de r\u00e9vocation, les op\u00e9rations de traitement des donn\u00e9es effectu\u00e9es dans le pass\u00e9 restent valables.<\/p><\/div><div class=\"s3-t s3-t16\"><p><strong>Klarna<\/strong><\/p><p>Notre site web permet le paiement via Klarna. Le fournisseur du service de paiement est Klarna AB, Sveav\u00e4gen 46, 111 34 Stockholm, Su\u00e8de.<\/p><p>Lors du paiement avec Klarna (solution de checkout Klarna), Klarna collecte diff\u00e9rentes donn\u00e9es personnelles vous concernant. Vous trouverez des d\u00e9tails dans la d\u00e9claration de protection des donn\u00e9es de Klarna sous :\u00a0<a href=\"https:\/\/www.klarna.com\/de\/datenschutz\/\">https:\/\/www.klarna.com\/de\/datenschutz\/<\/a>.<\/p><p>Klarna utilise des cookies afin d'optimiser la solution Klarna Checkout. Cette optimisation constitue un int\u00e9r\u00eat l\u00e9gitime au sens de l'article 6, paragraphe 1, point f du RGPD. Les cookies sont de petits fichiers texte que votre navigateur web enregistre sur votre terminal. Les cookies de Klarna restent sur votre terminal jusqu'\u00e0 ce que vous proc\u00e9diez \u00e0 leur suppression. Vous trouverez des d\u00e9tails sur l'utilisation des cookies Klarna sous :\u00a0<a href=\"https:\/\/cdn.klarna.com\/1.0\/shared\/content\/policy\/cookie\/de_de\/checkout.pdf\">https:\/\/cdn.klarna.com\/1.0\/shared\/content\/policy\/cookie\/de_de\/checkout.pdf<\/a>.<\/p><p>La transmission de vos donn\u00e9es \u00e0 Klarna s'effectue sur la base de l'article 6, alin\u00e9a 1, lettre a du RGPD (consentement) et de l'article 6, alin\u00e9a 1, lettre b du RGPD (traitement pour l'ex\u00e9cution d'un contrat). Une r\u00e9vocation de votre consentement d\u00e9j\u00e0 donn\u00e9 est possible \u00e0 tout moment. En cas de r\u00e9vocation, les op\u00e9rations de traitement des donn\u00e9es effectu\u00e9es dans le pass\u00e9 restent valables.<\/p><\/div><div class=\"s3-t s3-t23\"><p><strong>Google AdWords et suivi des conversions de Google<\/strong><\/p><p>Notre site web utilise Google AdWords. Le fournisseur est Google Inc., 1600 Amphitheatre Parkway, Mountain View, CA 94043, United States.<\/p><p>AdWords est un programme de publicit\u00e9 en ligne. Dans le cadre du programme de publicit\u00e9 en ligne, nous travaillons avec le suivi des conversions. Apr\u00e8s un clic sur une annonce publi\u00e9e par Google, un cookie est plac\u00e9 pour le suivi des conversions. Les cookies sont de petits fichiers texte que votre navigateur web enregistre sur votre terminal. Les cookies Google AdWords perdent leur validit\u00e9 apr\u00e8s 30 jours et ne servent pas \u00e0 l'identification personnelle des utilisateurs. Le cookie permet \u00e0 Google et \u00e0 nous-m\u00eames de reconna\u00eetre que vous avez cliqu\u00e9 sur une annonce et que vous avez \u00e9t\u00e9 redirig\u00e9 vers notre site web.<\/p><p>Chaque client Google AdWords re\u00e7oit un cookie diff\u00e9rent. Les cookies ne peuvent pas \u00eatre suivis via les sites web des clients AdWords. Les cookies de conversion permettent d'\u00e9tablir des statistiques de conversion pour les clients AdWords qui utilisent le suivi des conversions. Les clients Adwords apprennent combien d'utilisateurs ont cliqu\u00e9 sur leur annonce et ont \u00e9t\u00e9 redirig\u00e9s vers des pages avec un tag de suivi des conversions. Les clients AdWords ne re\u00e7oivent toutefois aucune information permettant d'identifier personnellement les utilisateurs. Si vous ne souhaitez pas participer au tracking, vous pouvez vous opposer \u00e0 son utilisation. Dans ce cas, il faut d\u00e9sactiver le cookie de conversion dans les param\u00e8tres utilisateur du navigateur. Ainsi, il n'y a pas non plus d'enregistrement dans les statistiques de suivi des conversions.<\/p><p>Le stockage des \"cookies de conversion\" est bas\u00e9 sur l'article 6, paragraphe 1, point f du RGPD. En tant qu'exploitant du site web, nous avons un int\u00e9r\u00eat l\u00e9gitime \u00e0 analyser le comportement des utilisateurs afin d'optimiser notre offre web et notre publicit\u00e9.<\/p><p><a href=\"https:\/\/www.jolivelo.com\/fr\/vente-privee\/\">https:\/\/www.jolivelo.com\/privat-verkauf\/<\/a><\/p><p>Pour plus de d\u00e9tails sur Google AdWords et Google Conversion-Tracking, veuillez consulter les r\u00e8gles de confidentialit\u00e9 de Google :\u00a0<a href=\"https:\/\/www.google.de\/policies\/privacy\/\">https:\/\/www.google.de\/policies\/privacy\/<\/a>.<\/p><p>Un navigateur web moderne vous permet de contr\u00f4ler, de limiter ou d'emp\u00eacher l'installation de cookies. La d\u00e9sactivation des cookies peut avoir pour cons\u00e9quence une fonctionnalit\u00e9 limit\u00e9e de notre site web.<\/p><\/div><div class=\"s3-t s3-t0\"><p><small>Source : Configurateur de protection des donn\u00e9es de\u00a0<a href=\"http:\/\/www.mein-datenschutzbeauftragter.de\/\" target=\"_blank\" rel=\"noopener\">mon-charg\u00e9-de-la-protection-des-donn\u00e9es.de<\/a><\/small><\/p><\/div>\t\t\t\t\t\t\t\t<\/div>\n\t\t\t\t<\/div>\n\t\t\t\t\t<\/div>\n\t\t<\/div>\n\t\t\t\t\t<\/div>\n\t\t<\/section>\n\t\t\t\t<\/div>","protected":false},"excerpt":{"rendered":"<p>Datenschutzerkl\u00e4rung Allgemeiner Hinweis und Pflichtinformationen Benennung der verantwortlichen Stelle Die verantwortliche Stelle f\u00fcr die Datenverarbeitung auf dieser Website ist: Joli V\u00e9loChristopher LaliatKleiststrasse, 2524105\u00a0Schleswig-Holstein &#8211; Kiel Die verantwortliche Stelle entscheidet allein oder gemeinsam mit anderen \u00fcber die Zwecke und Mittel der Verarbeitung von personenbezogenen Daten (z.B. Namen, Kontaktdaten o. \u00c4.). Widerruf Ihrer Einwilligung zur Datenverarbeitung Nur [&hellip;]<\/p>\n","protected":false},"author":1,"featured_media":0,"parent":0,"menu_order":0,"comment_status":"closed","ping_status":"closed","template":"elementor_header_footer","meta":{"_seopress_robots_primary_cat":"","_seopress_titles_title":"","_seopress_titles_desc":"","_seopress_robots_index":"","_monsterinsights_skip_tracking":false,"_monsterinsights_sitenote_active":false,"_monsterinsights_sitenote_note":"","_monsterinsights_sitenote_category":0,"footnotes":""},"class_list":["post-52","page","type-page","status-publish","hentry"],"blocksy_meta":{"styles_descriptor":{"styles":{"desktop":"","tablet":"","mobile":""},"google_fonts":[],"version":6}},"_links":{"self":[{"href":"https:\/\/www.jolivelo.com\/fr\/wp-json\/wp\/v2\/pages\/52","targetHints":{"allow":["GET"]}}],"collection":[{"href":"https:\/\/www.jolivelo.com\/fr\/wp-json\/wp\/v2\/pages"}],"about":[{"href":"https:\/\/www.jolivelo.com\/fr\/wp-json\/wp\/v2\/types\/page"}],"author":[{"embeddable":true,"href":"https:\/\/www.jolivelo.com\/fr\/wp-json\/wp\/v2\/users\/1"}],"replies":[{"embeddable":true,"href":"https:\/\/www.jolivelo.com\/fr\/wp-json\/wp\/v2\/comments?post=52"}],"version-history":[{"count":0,"href":"https:\/\/www.jolivelo.com\/fr\/wp-json\/wp\/v2\/pages\/52\/revisions"}],"wp:attachment":[{"href":"https:\/\/www.jolivelo.com\/fr\/wp-json\/wp\/v2\/media?parent=52"}],"curies":[{"name":"wp","href":"https:\/\/api.w.org\/{rel}","templated":true}]}}