{"id":4413,"date":"2025-03-20T10:05:03","date_gmt":"2025-03-20T10:05:03","guid":{"rendered":"https:\/\/www.jolivelo.com\/?page_id=4413"},"modified":"2025-03-20T10:06:43","modified_gmt":"2025-03-20T10:06:43","slug":"droit-de-retour","status":"publish","type":"page","link":"https:\/\/www.jolivelo.com\/fr\/droit-de-retour\/","title":{"rendered":"Droit de retour \/ Retour"},"content":{"rendered":"<div data-elementor-type=\"wp-page\" data-elementor-id=\"4413\" class=\"elementor elementor-4413\" data-elementor-post-type=\"page\">\n\t\t\t\t\t\t<section class=\"elementor-section elementor-top-section elementor-element elementor-element-772c471 elementor-section-boxed elementor-section-height-default elementor-section-height-default\" data-id=\"772c471\" data-element_type=\"section\" data-e-type=\"section\">\n\t\t\t\t\t\t<div class=\"elementor-container elementor-column-gap-default\">\n\t\t\t\t\t<div class=\"elementor-column elementor-col-100 elementor-top-column elementor-element elementor-element-8d15cf1\" data-id=\"8d15cf1\" data-element_type=\"column\" data-e-type=\"column\">\n\t\t\t<div class=\"elementor-widget-wrap elementor-element-populated\">\n\t\t\t\t\t\t<div class=\"elementor-element elementor-element-f28713e elementor-widget elementor-widget-text-editor\" data-id=\"f28713e\" data-element_type=\"widget\" data-e-type=\"widget\" data-widget_type=\"text-editor.default\">\n\t\t\t\t<div class=\"elementor-widget-container\">\n\t\t\t\t\t\t\t\t\t<h1>Politique de retour et d'\u00e9change<\/h1><h2><br \/>Achats en ligne<\/h2><p>Si vous n'\u00eates pas satisfait de votre v\u00e9lo, vous pouvez le retourner dans les conditions suivantes et obtenir un remboursement complet ou un \u00e9change :<\/p><p>Le v\u00e9lo <strong>doit, dans les 14 jours suivant la date de livraison<\/strong> \u00eatre retourn\u00e9.<br \/>Il doit \u00eatre inutilis\u00e9 et ne pr\u00e9senter aucun signe d'usure au niveau des pneus, de la cha\u00eene ou des plaquettes de frein.<br \/><strong>Le v\u00e9lo ne doit pas \u00eatre individualis\u00e9.<\/strong><br \/>Pour annuler votre achat pendant le d\u00e9lai de r\u00e9tractation, vous devez renvoyer le v\u00e9lo dans les 14 jours suivant la livraison, en vous assurant qu'il est dans son \u00e9tat d'origine, comme le pr\u00e9voit la directive europ\u00e9enne relative aux droits des consommateurs (2011\/83\/UE).<\/p><p>Tous les v\u00e9los retourn\u00e9s doivent \u00eatre dans leur emballage d'origine. <strong>Veuillez noter que les frais d'envoi ne sont pas remboursables.<\/strong>. En outre, conform\u00e9ment \u00e0 la directive europ\u00e9enne relative aux droits des consommateurs, les articles fabriqu\u00e9s sur mesure ne peuvent pas \u00eatre retourn\u00e9s.<\/p><p>Le remboursement sera effectu\u00e9 via le m\u00eame compte PayPal, le m\u00eame compte bancaire ou la m\u00eame carte de cr\u00e9dit\/d\u00e9bit que celle utilis\u00e9e pour l'achat.<\/p><p><strong>Adresse de retour :<\/strong><br \/>Christopher Laliat<br \/>25, rue Kleist<br \/>24105 Kiel<br \/>Allemagne<\/p><p>\u00a0<\/p><h2>Achat en magasin \/ entrep\u00f4t<\/h2><p>V\u00e9los et pi\u00e8ces achet\u00e9s en magasin <strong>ne peuvent \u00eatre \u00e9chang\u00e9s que<\/strong> (dans les m\u00eames conditions que pour les achats en ligne). L'\u00e9change se fait sous la forme d'un bon d'achat \u00e0 utiliser dans notre magasin. <strong>Aucun remboursement n'est possible.<\/strong><\/p>\t\t\t\t\t\t\t\t<\/div>\n\t\t\t\t<\/div>\n\t\t\t\t\t<\/div>\n\t\t<\/div>\n\t\t\t\t\t<\/div>\n\t\t<\/section>\n\t\t\t\t<\/div>","protected":false},"excerpt":{"rendered":"<p>R\u00fcckgabe- und Umtauschbestimmungen Online-K\u00e4ufe Wenn Sie mit Ihrem Fahrrad nicht zufrieden sind, k\u00f6nnen Sie es unter den folgenden Bedingungen zur\u00fcckgeben und erhalten eine volle R\u00fcckerstattung oder einen Umtausch: Das Fahrrad muss innerhalb von 14 Tagen nach dem Lieferdatum zur\u00fcckgegeben werden.Es muss sich in unbenutztem Zustand befinden und darf keine Anzeichen von Abnutzung an Reifen, Kette [&hellip;]<\/p>\n","protected":false},"author":1,"featured_media":0,"parent":0,"menu_order":0,"comment_status":"closed","ping_status":"closed","template":"elementor_header_footer","meta":{"_seopress_robots_primary_cat":"","_seopress_titles_title":"","_seopress_titles_desc":"","_seopress_robots_index":"","_monsterinsights_skip_tracking":false,"_monsterinsights_sitenote_active":false,"_monsterinsights_sitenote_note":"","_monsterinsights_sitenote_category":0,"footnotes":""},"class_list":["post-4413","page","type-page","status-publish","hentry"],"blocksy_meta":[],"_links":{"self":[{"href":"https:\/\/www.jolivelo.com\/fr\/wp-json\/wp\/v2\/pages\/4413","targetHints":{"allow":["GET"]}}],"collection":[{"href":"https:\/\/www.jolivelo.com\/fr\/wp-json\/wp\/v2\/pages"}],"about":[{"href":"https:\/\/www.jolivelo.com\/fr\/wp-json\/wp\/v2\/types\/page"}],"author":[{"embeddable":true,"href":"https:\/\/www.jolivelo.com\/fr\/wp-json\/wp\/v2\/users\/1"}],"replies":[{"embeddable":true,"href":"https:\/\/www.jolivelo.com\/fr\/wp-json\/wp\/v2\/comments?post=4413"}],"version-history":[{"count":0,"href":"https:\/\/www.jolivelo.com\/fr\/wp-json\/wp\/v2\/pages\/4413\/revisions"}],"wp:attachment":[{"href":"https:\/\/www.jolivelo.com\/fr\/wp-json\/wp\/v2\/media?parent=4413"}],"curies":[{"name":"wp","href":"https:\/\/api.w.org\/{rel}","templated":true}]}}