{"id":2496,"date":"2024-06-20T12:54:21","date_gmt":"2024-06-20T12:54:21","guid":{"rendered":"https:\/\/www.jolivelo.com\/?page_id=2496"},"modified":"2024-06-20T13:00:31","modified_gmt":"2024-06-20T13:00:31","slug":"les-velos-de-course-vintage-de-peugeot-pourquoi-sont-ils-si-populaires","status":"publish","type":"page","link":"https:\/\/www.jolivelo.com\/fr\/les-velos-de-course-vintage-de-peugeot-pourquoi-sont-ils-si-populaires\/","title":{"rendered":"Les v\u00e9los de course vintage de Peugeot : pourquoi sont-ils si populaires ?"},"content":{"rendered":"<div data-elementor-type=\"wp-page\" data-elementor-id=\"2496\" class=\"elementor elementor-2496\" data-elementor-post-type=\"page\">\n\t\t\t\t\t\t<section class=\"elementor-section elementor-top-section elementor-element elementor-element-2854ff3 elementor-section-height-min-height elementor-section-boxed elementor-section-height-default elementor-section-items-middle\" data-id=\"2854ff3\" data-element_type=\"section\" data-e-type=\"section\" data-settings=\"{&quot;background_background&quot;:&quot;classic&quot;}\">\n\t\t\t\t\t\t\t<div class=\"elementor-background-overlay\"><\/div>\n\t\t\t\t\t\t\t<div class=\"elementor-container elementor-column-gap-default\">\n\t\t\t\t\t<div class=\"elementor-column elementor-col-100 elementor-top-column elementor-element elementor-element-9401560\" data-id=\"9401560\" data-element_type=\"column\" data-e-type=\"column\">\n\t\t\t<div class=\"elementor-widget-wrap elementor-element-populated\">\n\t\t\t\t\t\t<div class=\"elementor-element elementor-element-9afa2ab elementor-widget elementor-widget-heading\" data-id=\"9afa2ab\" data-element_type=\"widget\" data-e-type=\"widget\" data-widget_type=\"heading.default\">\n\t\t\t\t<div class=\"elementor-widget-container\">\n\t\t\t\t\t<h1 class=\"elementor-heading-title elementor-size-default\">Les v\u00e9los de course vintage de Peugeot : pourquoi sont-ils si populaires ?<\/h1>\t\t\t\t<\/div>\n\t\t\t\t<\/div>\n\t\t\t\t\t<\/div>\n\t\t<\/div>\n\t\t\t\t\t<\/div>\n\t\t<\/section>\n\t\t\t\t<section class=\"elementor-section elementor-top-section elementor-element elementor-element-717e4e6 elementor-section-boxed elementor-section-height-default elementor-section-height-default\" data-id=\"717e4e6\" data-element_type=\"section\" data-e-type=\"section\">\n\t\t\t\t\t\t<div class=\"elementor-container elementor-column-gap-default\">\n\t\t\t\t\t<div class=\"elementor-column elementor-col-100 elementor-top-column elementor-element elementor-element-4852aa2\" data-id=\"4852aa2\" data-element_type=\"column\" data-e-type=\"column\">\n\t\t\t<div class=\"elementor-widget-wrap\">\n\t\t\t\t\t\t\t<\/div>\n\t\t<\/div>\n\t\t\t\t\t<\/div>\n\t\t<\/section>\n\t\t\t\t<section class=\"elementor-section elementor-top-section elementor-element elementor-element-60e8cc12 elementor-section-boxed elementor-section-height-default elementor-section-height-default\" data-id=\"60e8cc12\" data-element_type=\"section\" data-e-type=\"section\" data-settings=\"{&quot;background_background&quot;:&quot;classic&quot;}\">\n\t\t\t\t\t\t\t<div class=\"elementor-background-overlay\"><\/div>\n\t\t\t\t\t\t\t<div class=\"elementor-container elementor-column-gap-no\">\n\t\t\t\t\t<div class=\"elementor-column elementor-col-100 elementor-top-column elementor-element elementor-element-24eaae39\" data-id=\"24eaae39\" data-element_type=\"column\" data-e-type=\"column\">\n\t\t\t<div class=\"elementor-widget-wrap elementor-element-populated\">\n\t\t\t\t\t\t<div class=\"elementor-element elementor-element-47214948 elementor-product-loop-item--align-center elementor-grid-mobile-2 elementor-grid-4 elementor-grid-tablet-3 elementor-products-grid elementor-wc-products elementor-widget elementor-widget-woocommerce-products\" data-id=\"47214948\" data-element_type=\"widget\" data-e-type=\"widget\" data-widget_type=\"woocommerce-products.default\">\n\t\t\t\t<div class=\"elementor-widget-container\">\n\t\t\t\t\t<div class=\"woocommerce columns-4\"><ul class=\"products elementor-grid columns-4\" data-products=\"type-1\">\n<li class=\"product type-product post-8863 status-publish first instock product_cat-vintage-rennraeder product_cat-vintage-fahrraeder has-post-thumbnail shipping-taxable purchasable product-type-simple\">\n\t<a href=\"https:\/\/www.jolivelo.com\/fr\/produit\/velo-de-course-vintage-peugeot-pbn10-1979-bordeaux-54cm\/\" class=\"woocommerce-LoopProduct-link woocommerce-loop-product__link\"><img fetchpriority=\"high\" decoding=\"async\" width=\"1000\" height=\"750\" src=\"https:\/\/www.jolivelo.com\/wp-content\/uploads\/2026\/04\/Rennrad-Vintage-Peugeot-PBN10-bordeaux-13-1000x750.jpg\" class=\"attachment-woocommerce_thumbnail size-woocommerce_thumbnail\" alt=\"V\u00e9lo de course vintage Peugeot PBN10 1979 - bordeaux - 54cm\" srcset=\"https:\/\/www.jolivelo.com\/wp-content\/uploads\/2026\/04\/Rennrad-Vintage-Peugeot-PBN10-bordeaux-13-1000x751.jpg 1000w, https:\/\/www.jolivelo.com\/wp-content\/uploads\/2026\/04\/Rennrad-Vintage-Peugeot-PBN10-bordeaux-13-300x225.jpg 300w, https:\/\/www.jolivelo.com\/wp-content\/uploads\/2026\/04\/Rennrad-Vintage-Peugeot-PBN10-bordeaux-13-1024x769.jpg 1024w, https:\/\/www.jolivelo.com\/wp-content\/uploads\/2026\/04\/Rennrad-Vintage-Peugeot-PBN10-bordeaux-13-768x577.jpg 768w, https:\/\/www.jolivelo.com\/wp-content\/uploads\/2026\/04\/Rennrad-Vintage-Peugeot-PBN10-bordeaux-13-1536x1154.jpg 1536w, https:\/\/www.jolivelo.com\/wp-content\/uploads\/2026\/04\/Rennrad-Vintage-Peugeot-PBN10-bordeaux-13-16x12.jpg 16w, https:\/\/www.jolivelo.com\/wp-content\/uploads\/2026\/04\/Rennrad-Vintage-Peugeot-PBN10-bordeaux-13.jpg 2048w\" sizes=\"(max-width: 1000px) 100vw, 1000px\" \/><h2 class=\"woocommerce-loop-product__title\">V\u00e9lo de course vintage Peugeot PBN10 1979 - bordeaux - 54cm<\/h2>\n\t<span class=\"price\"><span class=\"woocommerce-Price-amount amount\"><bdi>450,00&nbsp;<span class=\"woocommerce-Price-currencySymbol\">\u20ac<\/span><\/bdi><\/span><\/span>\n\n\n\n<\/a>\n\n<div class=\"woocommerce-loop-product__buttons\"><a href=\"\/fr\/wp-json\/wp\/v2\/pages\/2496?add-to-cart=8863\" aria-describedby=\"woocommerce_loop_add_to_cart_link_describedby_8863\" data-quantity=\"1\" class=\"button product_type_simple add_to_cart_button ajax_add_to_cart\" data-product_id=\"8863\" data-product_sku=\"\" aria-label=\"Ajouter au panier\u00a0: \u201cVintage Rennrad Peugeot PBN10 1979 - bordeaux - 54cm\u201d\" rel=\"nofollow\" data-success_message=\"\u00ab\u00a0Vintage Rennrad Peugeot PBN10 1979 - bordeaux - 54cm\u00a0\u00bb a \u00e9t\u00e9 ajout\u00e9 \u00e0 votre panier\" data-no-translation=\"\" data-trp-gettext=\"\" data-no-translation-aria-label=\"\" data-no-translation-data-success_message=\"\">Ajouter au panier<\/a><\/div>\t<span id=\"woocommerce_loop_add_to_cart_link_describedby_8863\" class=\"screen-reader-text\">\n\t\t\t<\/span>\n<\/li>\n<li class=\"product type-product post-8353 status-publish instock product_cat-vintage-rennraeder product_cat-vintage-fahrraeder has-post-thumbnail shipping-taxable purchasable product-type-simple\">\n\t<a href=\"https:\/\/www.jolivelo.com\/fr\/produit\/velo-de-course-vintage-peugeot-racing-replica-58cm\/\" class=\"woocommerce-LoopProduct-link woocommerce-loop-product__link\"><img decoding=\"async\" width=\"1000\" height=\"750\" src=\"https:\/\/www.jolivelo.com\/wp-content\/uploads\/2026\/04\/Vintage-Rennrad-Peugeot-Team-Replica-58cm-17-1000x750.jpg\" class=\"attachment-woocommerce_thumbnail size-woocommerce_thumbnail\" alt=\"V\u00e9lo de course vintage Peugeot Racing-Replica - 58cm\" srcset=\"https:\/\/www.jolivelo.com\/wp-content\/uploads\/2026\/04\/Vintage-Rennrad-Peugeot-Team-Replica-58cm-17-1000x751.jpg 1000w, https:\/\/www.jolivelo.com\/wp-content\/uploads\/2026\/04\/Vintage-Rennrad-Peugeot-Team-Replica-58cm-17-300x225.jpg 300w, https:\/\/www.jolivelo.com\/wp-content\/uploads\/2026\/04\/Vintage-Rennrad-Peugeot-Team-Replica-58cm-17-1024x769.jpg 1024w, https:\/\/www.jolivelo.com\/wp-content\/uploads\/2026\/04\/Vintage-Rennrad-Peugeot-Team-Replica-58cm-17-768x577.jpg 768w, https:\/\/www.jolivelo.com\/wp-content\/uploads\/2026\/04\/Vintage-Rennrad-Peugeot-Team-Replica-58cm-17-1536x1154.jpg 1536w, https:\/\/www.jolivelo.com\/wp-content\/uploads\/2026\/04\/Vintage-Rennrad-Peugeot-Team-Replica-58cm-17-16x12.jpg 16w, https:\/\/www.jolivelo.com\/wp-content\/uploads\/2026\/04\/Vintage-Rennrad-Peugeot-Team-Replica-58cm-17.jpg 2048w\" sizes=\"(max-width: 1000px) 100vw, 1000px\" \/><h2 class=\"woocommerce-loop-product__title\">V\u00e9lo de course vintage Peugeot Racing-Replica - 58cm<\/h2>\n\t<span class=\"price\"><span class=\"woocommerce-Price-amount amount\"><bdi>480,00&nbsp;<span class=\"woocommerce-Price-currencySymbol\">\u20ac<\/span><\/bdi><\/span><\/span>\n\n\n\n<\/a>\n\n<div class=\"woocommerce-loop-product__buttons\"><a href=\"\/fr\/wp-json\/wp\/v2\/pages\/2496?add-to-cart=8353\" aria-describedby=\"woocommerce_loop_add_to_cart_link_describedby_8353\" data-quantity=\"1\" class=\"button product_type_simple add_to_cart_button ajax_add_to_cart\" data-product_id=\"8353\" data-product_sku=\"\" aria-label=\"Ajouter au panier\u00a0: \u201cVintage Rennrad Peugeot Racing-Replica - 58cm\u201d\" rel=\"nofollow\" data-success_message=\"\u00ab\u00a0Vintage Rennrad Peugeot Racing-Replica - 58cm\u00a0\u00bb a \u00e9t\u00e9 ajout\u00e9 \u00e0 votre panier\" data-no-translation=\"\" data-trp-gettext=\"\" data-no-translation-aria-label=\"\" data-no-translation-data-success_message=\"\">Ajouter au panier<\/a><\/div>\t<span id=\"woocommerce_loop_add_to_cart_link_describedby_8353\" class=\"screen-reader-text\">\n\t\t\t<\/span>\n<\/li>\n<li class=\"product type-product post-8683 status-publish instock product_cat-vintage-rennraeder product_cat-vintage-fahrraeder has-post-thumbnail shipping-taxable purchasable product-type-simple\">\n\t<a href=\"https:\/\/www.jolivelo.com\/fr\/produit\/velo-de-course-vintage-peugeot-ph10ls-tourmalet-1986-bordeaux-60cm\/\" class=\"woocommerce-LoopProduct-link woocommerce-loop-product__link\"><img decoding=\"async\" width=\"1000\" height=\"750\" src=\"https:\/\/www.jolivelo.com\/wp-content\/uploads\/2026\/04\/Vintage-Rennrad-Peugeot-PH10LS-Tourmalet-bordeaux-17-1000x750.jpg\" class=\"attachment-woocommerce_thumbnail size-woocommerce_thumbnail\" alt=\"V\u00e9lo de course vintage Peugeot PH10LS Tourmalet 1986 - bordeaux - 60cm\" srcset=\"https:\/\/www.jolivelo.com\/wp-content\/uploads\/2026\/04\/Vintage-Rennrad-Peugeot-PH10LS-Tourmalet-bordeaux-17-1000x751.jpg 1000w, https:\/\/www.jolivelo.com\/wp-content\/uploads\/2026\/04\/Vintage-Rennrad-Peugeot-PH10LS-Tourmalet-bordeaux-17-300x225.jpg 300w, https:\/\/www.jolivelo.com\/wp-content\/uploads\/2026\/04\/Vintage-Rennrad-Peugeot-PH10LS-Tourmalet-bordeaux-17-1024x769.jpg 1024w, https:\/\/www.jolivelo.com\/wp-content\/uploads\/2026\/04\/Vintage-Rennrad-Peugeot-PH10LS-Tourmalet-bordeaux-17-768x577.jpg 768w, https:\/\/www.jolivelo.com\/wp-content\/uploads\/2026\/04\/Vintage-Rennrad-Peugeot-PH10LS-Tourmalet-bordeaux-17-1536x1154.jpg 1536w, https:\/\/www.jolivelo.com\/wp-content\/uploads\/2026\/04\/Vintage-Rennrad-Peugeot-PH10LS-Tourmalet-bordeaux-17-16x12.jpg 16w, https:\/\/www.jolivelo.com\/wp-content\/uploads\/2026\/04\/Vintage-Rennrad-Peugeot-PH10LS-Tourmalet-bordeaux-17.jpg 2048w\" sizes=\"(max-width: 1000px) 100vw, 1000px\" \/><h2 class=\"woocommerce-loop-product__title\">V\u00e9lo de course vintage Peugeot PH10LS Tourmalet 1986 - bordeaux - 60cm<\/h2>\n\t<span class=\"price\"><span class=\"woocommerce-Price-amount amount\"><bdi>470,00&nbsp;<span class=\"woocommerce-Price-currencySymbol\">\u20ac<\/span><\/bdi><\/span><\/span>\n\n\n\n<\/a>\n\n<div class=\"woocommerce-loop-product__buttons\"><a href=\"\/fr\/wp-json\/wp\/v2\/pages\/2496?add-to-cart=8683\" aria-describedby=\"woocommerce_loop_add_to_cart_link_describedby_8683\" data-quantity=\"1\" class=\"button product_type_simple add_to_cart_button ajax_add_to_cart\" data-product_id=\"8683\" data-product_sku=\"\" aria-label=\"Ajouter au panier\u00a0: \u201cVintage Rennrad Peugeot PH10LS Tourmalet 1986 - bordeaux - 60cm\u201d\" rel=\"nofollow\" data-success_message=\"\u00ab\u00a0Vintage Rennrad Peugeot PH10LS Tourmalet 1986 - bordeaux - 60cm\u00a0\u00bb a \u00e9t\u00e9 ajout\u00e9 \u00e0 votre panier\" data-no-translation=\"\" data-trp-gettext=\"\" data-no-translation-aria-label=\"\" data-no-translation-data-success_message=\"\">Ajouter au panier<\/a><\/div>\t<span id=\"woocommerce_loop_add_to_cart_link_describedby_8683\" class=\"screen-reader-text\">\n\t\t\t<\/span>\n<\/li>\n<li class=\"product type-product post-8671 status-publish last instock product_cat-vintage-fahrraeder product_cat-vintage-rennraeder has-post-thumbnail shipping-taxable purchasable product-type-simple\">\n\t<a href=\"https:\/\/www.jolivelo.com\/fr\/produit\/velo-de-course-vintage-peugeot-mont-blanc-1989-noir-60cm\/\" class=\"woocommerce-LoopProduct-link woocommerce-loop-product__link\"><img loading=\"lazy\" decoding=\"async\" width=\"1000\" height=\"750\" src=\"https:\/\/www.jolivelo.com\/wp-content\/uploads\/2026\/04\/Vintage-Rennrad-Peugeot-Mont-Blanc-schwarz-2-1000x750.jpg\" class=\"attachment-woocommerce_thumbnail size-woocommerce_thumbnail\" alt=\"V\u00e9lo de course vintage Peugeot Mont-Blanc 1989 - noir - 60cm\" srcset=\"https:\/\/www.jolivelo.com\/wp-content\/uploads\/2026\/04\/Vintage-Rennrad-Peugeot-Mont-Blanc-schwarz-2-1000x751.jpg 1000w, https:\/\/www.jolivelo.com\/wp-content\/uploads\/2026\/04\/Vintage-Rennrad-Peugeot-Mont-Blanc-schwarz-2-300x225.jpg 300w, https:\/\/www.jolivelo.com\/wp-content\/uploads\/2026\/04\/Vintage-Rennrad-Peugeot-Mont-Blanc-schwarz-2-1024x769.jpg 1024w, https:\/\/www.jolivelo.com\/wp-content\/uploads\/2026\/04\/Vintage-Rennrad-Peugeot-Mont-Blanc-schwarz-2-768x577.jpg 768w, https:\/\/www.jolivelo.com\/wp-content\/uploads\/2026\/04\/Vintage-Rennrad-Peugeot-Mont-Blanc-schwarz-2-1536x1154.jpg 1536w, https:\/\/www.jolivelo.com\/wp-content\/uploads\/2026\/04\/Vintage-Rennrad-Peugeot-Mont-Blanc-schwarz-2-16x12.jpg 16w, https:\/\/www.jolivelo.com\/wp-content\/uploads\/2026\/04\/Vintage-Rennrad-Peugeot-Mont-Blanc-schwarz-2.jpg 2048w\" sizes=\"(max-width: 1000px) 100vw, 1000px\" \/><h2 class=\"woocommerce-loop-product__title\">V\u00e9lo de course vintage Peugeot Mont-Blanc 1989 - noir - 60cm<\/h2>\n\t<span class=\"price\"><span class=\"woocommerce-Price-amount amount\"><bdi>530,00&nbsp;<span class=\"woocommerce-Price-currencySymbol\">\u20ac<\/span><\/bdi><\/span><\/span>\n\n\n\n<\/a>\n\n<div class=\"woocommerce-loop-product__buttons\"><a href=\"\/fr\/wp-json\/wp\/v2\/pages\/2496?add-to-cart=8671\" aria-describedby=\"woocommerce_loop_add_to_cart_link_describedby_8671\" data-quantity=\"1\" class=\"button product_type_simple add_to_cart_button ajax_add_to_cart\" data-product_id=\"8671\" data-product_sku=\"\" aria-label=\"Ajouter au panier\u00a0: \u201cVintage Rennrad Peugeot Mont-Blanc 1989 - schwarz - 60cm\u201d\" rel=\"nofollow\" data-success_message=\"\u00ab\u00a0Vintage Rennrad Peugeot Mont-Blanc 1989 - schwarz - 60cm\u00a0\u00bb a \u00e9t\u00e9 ajout\u00e9 \u00e0 votre panier\" data-no-translation=\"\" data-trp-gettext=\"\" data-no-translation-aria-label=\"\" data-no-translation-data-success_message=\"\">Ajouter au panier<\/a><\/div>\t<span id=\"woocommerce_loop_add_to_cart_link_describedby_8671\" class=\"screen-reader-text\">\n\t\t\t<\/span>\n<\/li>\n<li class=\"product type-product post-1678 status-publish first instock product_cat-vintage-rennraeder product_cat-vintage-fahrraeder has-post-thumbnail shipping-taxable purchasable product-type-simple\">\n\t<a href=\"https:\/\/www.jolivelo.com\/fr\/produit\/velo-de-course-peugeot-ventoux-rh-52cm\/\" class=\"woocommerce-LoopProduct-link woocommerce-loop-product__link\"><img loading=\"lazy\" decoding=\"async\" width=\"1000\" height=\"750\" src=\"https:\/\/www.jolivelo.com\/wp-content\/uploads\/2024\/01\/PXL_20240126_155742537-1000x750.jpg\" class=\"attachment-woocommerce_thumbnail size-woocommerce_thumbnail\" alt=\"V\u00e9lo de course PEUGEOT Ventoux - 52cm\" srcset=\"https:\/\/www.jolivelo.com\/wp-content\/uploads\/2024\/01\/PXL_20240126_155742537-1000x750.jpg 1000w, https:\/\/www.jolivelo.com\/wp-content\/uploads\/2024\/01\/PXL_20240126_155742537-300x225.jpg 300w, https:\/\/www.jolivelo.com\/wp-content\/uploads\/2024\/01\/PXL_20240126_155742537-1024x768.jpg 1024w, https:\/\/www.jolivelo.com\/wp-content\/uploads\/2024\/01\/PXL_20240126_155742537-768x576.jpg 768w, https:\/\/www.jolivelo.com\/wp-content\/uploads\/2024\/01\/PXL_20240126_155742537-16x12.jpg 16w, https:\/\/www.jolivelo.com\/wp-content\/uploads\/2024\/01\/PXL_20240126_155742537.jpg 1200w\" sizes=\"(max-width: 1000px) 100vw, 1000px\" \/><h2 class=\"woocommerce-loop-product__title\">V\u00e9lo de course PEUGEOT Ventoux - 52cm<\/h2>\n\t<span class=\"price\"><span class=\"woocommerce-Price-amount amount\"><bdi>430,00&nbsp;<span class=\"woocommerce-Price-currencySymbol\">\u20ac<\/span><\/bdi><\/span><\/span>\n\n\n\n<\/a>\n\n<div class=\"woocommerce-loop-product__buttons\"><a href=\"\/fr\/wp-json\/wp\/v2\/pages\/2496?add-to-cart=1678\" aria-describedby=\"woocommerce_loop_add_to_cart_link_describedby_1678\" data-quantity=\"1\" class=\"button product_type_simple add_to_cart_button ajax_add_to_cart\" data-product_id=\"1678\" data-product_sku=\"\" aria-label=\"Ajouter au panier\u00a0: \u201cRennrad PEUGEOT Ventoux - 52cm\u201d\" rel=\"nofollow\" data-success_message=\"\u00ab\u00a0Rennrad PEUGEOT Ventoux - 52cm\u00a0\u00bb a \u00e9t\u00e9 ajout\u00e9 \u00e0 votre panier\" data-no-translation=\"\" data-trp-gettext=\"\" data-no-translation-aria-label=\"\" data-no-translation-data-success_message=\"\">Ajouter au panier<\/a><\/div>\t<span id=\"woocommerce_loop_add_to_cart_link_describedby_1678\" class=\"screen-reader-text\">\n\t\t\t<\/span>\n<\/li>\n<\/ul>\n<\/div>\t\t\t\t<\/div>\n\t\t\t\t<\/div>\n\t\t\t\t\t<\/div>\n\t\t<\/div>\n\t\t\t\t\t<\/div>\n\t\t<\/section>\n\t\t\t\t<\/div>","protected":false},"excerpt":{"rendered":"","protected":false},"author":1,"featured_media":0,"parent":0,"menu_order":0,"comment_status":"closed","ping_status":"closed","template":"elementor_header_footer","meta":{"_seopress_robots_primary_cat":"","_seopress_titles_title":"","_seopress_titles_desc":"","_seopress_robots_index":"","_monsterinsights_skip_tracking":false,"_monsterinsights_sitenote_active":false,"_monsterinsights_sitenote_note":"","_monsterinsights_sitenote_category":0,"footnotes":""},"class_list":["post-2496","page","type-page","status-publish","hentry"],"blocksy_meta":[],"_links":{"self":[{"href":"https:\/\/www.jolivelo.com\/fr\/wp-json\/wp\/v2\/pages\/2496","targetHints":{"allow":["GET"]}}],"collection":[{"href":"https:\/\/www.jolivelo.com\/fr\/wp-json\/wp\/v2\/pages"}],"about":[{"href":"https:\/\/www.jolivelo.com\/fr\/wp-json\/wp\/v2\/types\/page"}],"author":[{"embeddable":true,"href":"https:\/\/www.jolivelo.com\/fr\/wp-json\/wp\/v2\/users\/1"}],"replies":[{"embeddable":true,"href":"https:\/\/www.jolivelo.com\/fr\/wp-json\/wp\/v2\/comments?post=2496"}],"version-history":[{"count":0,"href":"https:\/\/www.jolivelo.com\/fr\/wp-json\/wp\/v2\/pages\/2496\/revisions"}],"wp:attachment":[{"href":"https:\/\/www.jolivelo.com\/fr\/wp-json\/wp\/v2\/media?parent=2496"}],"curies":[{"name":"wp","href":"https:\/\/api.w.org\/{rel}","templated":true}]}}