{"id":546,"date":"2023-02-01T12:32:23","date_gmt":"2023-02-01T12:32:23","guid":{"rendered":"https:\/\/www.jolivelo.com\/widerrufsbelehrung\/"},"modified":"2023-02-01T16:10:21","modified_gmt":"2023-02-01T16:10:21","slug":"cancellation-policy","status":"publish","type":"page","link":"https:\/\/www.jolivelo.com\/en\/cancellation-policy\/","title":{"rendered":"Right of withdrawal"},"content":{"rendered":"<div data-elementor-type=\"wp-page\" data-elementor-id=\"546\" class=\"elementor elementor-546\" data-elementor-post-type=\"page\">\n\t\t\t\t\t\t<section class=\"elementor-section elementor-top-section elementor-element elementor-element-809a92f elementor-section-boxed elementor-section-height-default elementor-section-height-default\" data-id=\"809a92f\" data-element_type=\"section\" data-e-type=\"section\">\n\t\t\t\t\t\t<div class=\"elementor-container elementor-column-gap-default\">\n\t\t\t\t\t<div class=\"elementor-column elementor-col-100 elementor-top-column elementor-element elementor-element-7c019fa\" data-id=\"7c019fa\" data-element_type=\"column\" data-e-type=\"column\">\n\t\t\t<div class=\"elementor-widget-wrap elementor-element-populated\">\n\t\t\t\t\t\t<div class=\"elementor-element elementor-element-5a86996 elementor-widget elementor-widget-heading\" data-id=\"5a86996\" data-element_type=\"widget\" data-e-type=\"widget\" data-widget_type=\"heading.default\">\n\t\t\t\t<div class=\"elementor-widget-container\">\n\t\t\t\t\t<h2 class=\"elementor-heading-title elementor-size-default\">Right of withdrawal<\/h2>\t\t\t\t<\/div>\n\t\t\t\t<\/div>\n\t\t\t\t<div class=\"elementor-element elementor-element-a7c8f71 elementor-widget elementor-widget-text-editor\" data-id=\"a7c8f71\" data-element_type=\"widget\" data-e-type=\"widget\" data-widget_type=\"text-editor.default\">\n\t\t\t\t<div class=\"elementor-widget-container\">\n\t\t\t\t\t\t\t\t\t<h3 id=\"widerrufsrecht\">Right of withdrawal<\/h3><p>You have the right to cancel this within fourteen days without giving reasons\u00a0<a title=\"Contract\" href=\"https:\/\/www.juraforum.de\/rechtsberatung\/einen-vertrag-pruefen.html\" target=\"_blank\" rel=\"noopener\">Contract<\/a>\u00a0to revoke.<\/p><p>The cancellation period is fourteen days from that day.<\/p><p>In order to exercise your right of withdrawal, you must send us a clear email\u00a0<a title=\"Explanation\" href=\"https:\/\/www.juraforum.de\/lexikon\/erklaerung\" target=\"_blank\" rel=\"noopener\">Explanation<\/a> (e.g. a letter sent by post or an email) about your decision to withdraw from this contract. You can use the attached sample cancellation form, although this is not mandatory.<\/p><p>In order to meet the cancellation period, it is sufficient that you send the notification of your exercise of the right of cancellation before the cancellation period expires.<\/p><h3 id=\"folgen-des-widerrufs\">Consequences of revocation<\/h3><p>If you cancel this contract, we will refund to you all payments received from you, including delivery costs (excluding the additional\u00a0<a title=\"Cost\" href=\"https:\/\/www.juraforum.de\/lexikon\/kosten\" target=\"_blank\" rel=\"noopener\">Cost<\/a>, which arise from the fact that you have a different type of\u00a0<a title=\"Delivery\" href=\"https:\/\/www.juraforum.de\/lexikon\/lieferung\" target=\"_blank\" rel=\"noopener\">Delivery<\/a>\u00a0as the cheapest standard delivery offered by us), to be repaid immediately and at the latest within fourteen days from the day on which we received notification of your cancellation of this contract. For this repayment we use the same payment method that you used for the original transaction, unless something different was expressly agreed with you; under no circumstances will you be charged any fees as a result of this repayment.<\/p>\t\t\t\t\t\t\t\t<\/div>\n\t\t\t\t<\/div>\n\t\t\t\t\t<\/div>\n\t\t<\/div>\n\t\t\t\t\t<\/div>\n\t\t<\/section>\n\t\t\t\t<\/div>","protected":false},"excerpt":{"rendered":"<p>Widerrufsrecht Sie haben das Recht, binnen vierzehn Tagen ohne Angabe von Gr\u00fcnden diesen\u00a0Vertrag\u00a0zu widerrufen. Die Widerrufsfrist betr\u00e4gt vierzehn Tage ab dem Tag. Um Ihr Widerrufsrecht auszu\u00fcben, m\u00fcssen Sie uns\u00a0mittels einer eindeutigen\u00a0Erkl\u00e4rung (z.B. ein mit der Post versandter Brief oder eine E-Mail) \u00fcber Ihren Entschluss, diesen Vertrag zu widerrufen, informieren. Sie k\u00f6nnen daf\u00fcr das beigef\u00fcgte Muster-Widerrufsformular [&hellip;]<\/p>\n","protected":false},"author":1,"featured_media":0,"parent":0,"menu_order":0,"comment_status":"closed","ping_status":"closed","template":"elementor_header_footer","meta":{"_seopress_robots_primary_cat":"","_seopress_titles_title":"","_seopress_titles_desc":"","_seopress_robots_index":"","_monsterinsights_skip_tracking":false,"_monsterinsights_sitenote_active":false,"_monsterinsights_sitenote_note":"","_monsterinsights_sitenote_category":0,"footnotes":""},"class_list":["post-546","page","type-page","status-publish","hentry"],"blocksy_meta":{"styles_descriptor":{"styles":{"desktop":"","tablet":"","mobile":""},"google_fonts":[],"version":6}},"_links":{"self":[{"href":"https:\/\/www.jolivelo.com\/en\/wp-json\/wp\/v2\/pages\/546","targetHints":{"allow":["GET"]}}],"collection":[{"href":"https:\/\/www.jolivelo.com\/en\/wp-json\/wp\/v2\/pages"}],"about":[{"href":"https:\/\/www.jolivelo.com\/en\/wp-json\/wp\/v2\/types\/page"}],"author":[{"embeddable":true,"href":"https:\/\/www.jolivelo.com\/en\/wp-json\/wp\/v2\/users\/1"}],"replies":[{"embeddable":true,"href":"https:\/\/www.jolivelo.com\/en\/wp-json\/wp\/v2\/comments?post=546"}],"version-history":[{"count":0,"href":"https:\/\/www.jolivelo.com\/en\/wp-json\/wp\/v2\/pages\/546\/revisions"}],"wp:attachment":[{"href":"https:\/\/www.jolivelo.com\/en\/wp-json\/wp\/v2\/media?parent=546"}],"curies":[{"name":"wp","href":"https:\/\/api.w.org\/{rel}","templated":true}]}}