{"id":7738,"date":"2026-01-18T18:14:31","date_gmt":"2026-01-18T18:14:31","guid":{"rendered":"https:\/\/www.jolivelo.com\/?post_type=product&#038;p=7738"},"modified":"2026-01-20T15:04:12","modified_gmt":"2026-01-20T15:04:12","slug":"vintage-damecykel-gitane-evry-gold-52cm","status":"publish","type":"product","link":"https:\/\/www.jolivelo.com\/da\/product\/vintage-damecykel-gitane-evry-gold-52cm\/","title":{"rendered":"Vintage damecykel Gitane Evry - guld - 52 cm"},"content":{"rendered":"<p>Retro \/ Vintage Fahrrad \/ Oldtimer Gitane Evry aus den 70ern<\/p>\n<p>Rammeh\u00f8jde: 52 cm (\u2195\ufe0f 154 cm - 168 cm)<br \/>\nGear: 10 (2\u00d75)<\/p>\n<p>Das Fahhrad befindet sich in einem sehr guten und originalen Zustand.<br \/>\nRammen har enkelte ridser, men klisterm\u00e6rkerne er ubeskadigede.<br \/>\nCyklen er blevet restaureret og k\u00f8rer perfekt.<\/p>\n<p>Elegant damesportsmotorcykel i meget god stand, hvis forreste og bageste bagageb\u00e6rer m\u00e5tte fjernes p\u00e5 grund af kraftig rust.<br \/>\nCyklen er udstyret med bremseklodser af h\u00f8j kvalitet fra m\u00e6rket Kool Stop.<\/p>\n<p>\u2699\ufe0f Komponenter:<\/p>\n<p>- Gearstang: Huret Svelto<br \/>\n- Bremser: Mafac Racer<br \/>\n\u2013 Hjulnav: Atom<br \/>\n- Stamme: Pivo<br \/>\n\u2013 F\u00e6lge: Mavic<br \/>\n- Kranks\u00e6t: SR Apex<br \/>\n\u2013 Pedaler: Lyotard<br \/>\n\u2013 D\u00e6k: Michelin Dynamic Classic 700 x 25<\/p>\n<p>Funktionel dynamobelysning<\/p>\n<p>\u261d\ufe0fWas Er denne cykel blevet modificeret?<\/p>\n<p>\u2714\ufe0f Helt rengjort og poleret<br \/>\n\u2714\ufe0f D\u00e6k nye<br \/>\n\u2714\ufe0f Nye luftslanger<br \/>\n\u2714\ufe0f Neue Bremschuhe (Kool Stop Mafac)<br \/>\n\u2714\ufe0f Nye bremsekabler<br \/>\n\u2714\ufe0f Nye bremsed\u00e6ksler<br \/>\n\u2714\ufe0f Nye kredsl\u00f8bsmuffer<br \/>\n\u2714\ufe0f Nye gearstangskabler<br \/>\n\u2714\ufe0f Nye bremsesko<br \/>\n\u2714\ufe0f Alle lejer er blevet renset og smurt igen<\/p>\n<p>\u2708\ufe0f Forsendelse mulig over hele verden<\/p>\n<p>\u26a1\ufe0fRegelm\u00e4\u00dfig nye vintage-cykler tilbydes!<\/p>\n<p>\u270c\ufe0fWas er Joli V\u00e9lo?<br \/>\nBag den lille virksomhed Joli V\u00e9lo st\u00e5r en franskmand, som har forelsket sig i vintage-cykler...<\/p>\n<p>Jeg har boet i Kiel i et par \u00e5r og tager ofte til Frankrig for at lede efter smukke cykler!<\/p>","protected":false},"excerpt":{"rendered":"<p>Rammeh\u00f8jde: 52 cm (\u2195\ufe0f 154 cm - 168 cm)<br \/>\nGear: 10 (2\u00d75)<\/p>\n<p>Racercyklen er i perfekt og original stand.<br \/>\nRammen har ingen ridser og klisterm\u00e6rkerne er ubeskadigede.<br \/>\nRacercyklen er blevet restaureret og k\u00f8rer perfekt.<\/p>\n<p>Elegant damesportsmotorcykel i meget god stand, hvis forreste og bageste bagageb\u00e6rer m\u00e5tte fjernes p\u00e5 grund af kraftig rust.<br \/>\nCyklen er udstyret med bremseklodser af h\u00f8j kvalitet fra m\u00e6rket Kool Stop.<\/p>","protected":false},"featured_media":7694,"comment_status":"open","ping_status":"closed","template":"","meta":{"_seopress_robots_primary_cat":"none","_seopress_titles_title":"","_seopress_titles_desc":"","_seopress_robots_index":"","_monsterinsights_skip_tracking":false,"_monsterinsights_sitenote_active":false,"_monsterinsights_sitenote_note":"","_monsterinsights_sitenote_category":0},"product_brand":[],"product_cat":[47,88],"product_tag":[],"marke":[18],"groesse":[31],"fahrrad-typ":[],"class_list":{"0":"post-7738","1":"product","2":"type-product","3":"status-publish","4":"has-post-thumbnail","6":"product_cat-mixte-damenrad","7":"product_cat-vintage-fahrraeder","8":"marke-gitane","9":"groesse-53cm","11":"first","12":"instock","13":"shipping-taxable","14":"purchasable","15":"product-type-simple"},"_links":{"self":[{"href":"https:\/\/www.jolivelo.com\/da\/wp-json\/wp\/v2\/product\/7738","targetHints":{"allow":["GET"]}}],"collection":[{"href":"https:\/\/www.jolivelo.com\/da\/wp-json\/wp\/v2\/product"}],"about":[{"href":"https:\/\/www.jolivelo.com\/da\/wp-json\/wp\/v2\/types\/product"}],"replies":[{"embeddable":true,"href":"https:\/\/www.jolivelo.com\/da\/wp-json\/wp\/v2\/comments?post=7738"}],"wp:featuredmedia":[{"embeddable":true,"href":"https:\/\/www.jolivelo.com\/da\/wp-json\/wp\/v2\/media\/7694"}],"wp:attachment":[{"href":"https:\/\/www.jolivelo.com\/da\/wp-json\/wp\/v2\/media?parent=7738"}],"wp:term":[{"taxonomy":"product_brand","embeddable":true,"href":"https:\/\/www.jolivelo.com\/da\/wp-json\/wp\/v2\/product_brand?post=7738"},{"taxonomy":"product_cat","embeddable":true,"href":"https:\/\/www.jolivelo.com\/da\/wp-json\/wp\/v2\/product_cat?post=7738"},{"taxonomy":"product_tag","embeddable":true,"href":"https:\/\/www.jolivelo.com\/da\/wp-json\/wp\/v2\/product_tag?post=7738"},{"taxonomy":"marke","embeddable":true,"href":"https:\/\/www.jolivelo.com\/da\/wp-json\/wp\/v2\/marke?post=7738"},{"taxonomy":"groesse","embeddable":true,"href":"https:\/\/www.jolivelo.com\/da\/wp-json\/wp\/v2\/groesse?post=7738"},{"taxonomy":"fahrrad-typ","embeddable":true,"href":"https:\/\/www.jolivelo.com\/da\/wp-json\/wp\/v2\/fahrrad-typ?post=7738"}],"curies":[{"name":"wp","href":"https:\/\/api.w.org\/{rel}","templated":true}]}}