{"id":6162,"date":"2025-08-23T13:21:32","date_gmt":"2025-08-23T13:21:32","guid":{"rendered":"https:\/\/www.jolivelo.com\/?post_type=product&#038;p=6162"},"modified":"2026-04-03T17:39:54","modified_gmt":"2026-04-03T17:39:54","slug":"vintage-landevejscykel-mercier-columbus-red-53cm","status":"publish","type":"product","link":"https:\/\/www.jolivelo.com\/da\/product\/vintage-landevejscykel-mercier-columbus-red-53cm\/","title":{"rendered":"Vintage racercykel Mercier Columbus - r\u00f8d - 53 cm"},"content":{"rendered":"<p>Retro racercykel Mercier<\/p>\n<p>Rammeh\u00f8jde: 53 cm (\u2195\ufe0f 160 cm - 172 cm)<br \/>\nGear: 12 (2 x 6)<\/p>\n<p>Denne flotte racercykel er i god og original stand.<br \/>\nRammen har enkelte ridser, men klisterm\u00e6rkerne er ubeskadigede.<br \/>\nRacercyklen er efterset og k\u00f8rer fuldst\u00e6ndig fejlfrit.<\/p>\n<p>Mulighed for betaling i flere rater (kontakt mig for mere information).<\/p>\n<p>\u2757\u26a0\ufe0fSUCHST DU EN ANDEN LANDEVEJSCYKEL? JEG HAR 25 ANDRE LANDEVEJSCYKLER, SOM JEG VIL KLARG\u00d8RE!!! \u2193\u2193<\/p>\n<p>\u270c\ufe0fFrag for at lave en aftale om at se p\u00e5 dem. Beslutter du dig for en cykel, der endnu ikke er f\u00e6rdig? Jeg prioriterer at renovere den!<\/p>\n<p>\u2699\ufe0f Komponenter:<\/p>\n<p>\u2013 Stel: Columbus Aelle<br \/>\n- Kredsl\u00f8b: Simplex (2 x 6)<br \/>\n\u2013 Bremser: CLB<br \/>\n- F\u00e6lge: Mavic \/ Wolber<br \/>\n- Kranks\u00e6t: Solida<br \/>\n- D\u00e6k: Michelin Dynamic Classic 700 x 23<br \/>\n- Sadel: San Marco Mercier Sport<\/p>\n<p>\u261d\ufe0fWas Er denne cykel blevet modificeret?<\/p>\n<p>\u2714\ufe0fKomplett rengjort og poleret<br \/>\n\u2714\ufe0fReifen ny<br \/>\n\u2714\ufe0fLuftschl\u00e4uche ny<br \/>\n\u2714\ufe0fNeue Bremsekabler<br \/>\n\u2714\ufe0fNeue Kredsl\u00f8bsmuffer<br \/>\n\u2714\ufe0fNeue Skifteledninger<br \/>\n\u2714\ufe0f Nye bremsesko<br \/>\n\u2714\ufe0f Alle lejer er blevet renset og smurt igen<\/p>\n<p>\u2611\ufe0fZahlung kontant, med kort, Paypal eller Klarna med \u00f8jeblikkelig betaling eller i flere rater muligt!<\/p>\n<p>\u2708\ufe0f Forsendelse mulig over hele verden<\/p>\n<p>\u26a1\ufe0fRegelm\u00e4\u00dfig nye vintage-cykler tilbydes!<\/p>\n<p>\u2764\ufe0f\u200dFolgen F\u00f8lg Joli V\u00e9lo p\u00e5 Instagram ( joli.velo ) og p\u00e5 www.jolivelo.com<\/p>\n<p>\u2753 Har du et sp\u00f8rgsm\u00e5l om en af cyklerne, eller vil du gerne lave en aftale? Du er velkommen til at kontakte mig!<\/p>\n<p>\u270c\ufe0fWas er Joli V\u00e9lo?<br \/>\nBag den lille virksomhed Joli V\u00e9lo st\u00e5r en franskmand, som har forelsket sig i vintage-cykler...<\/p>","protected":false},"excerpt":{"rendered":"<p>Rammeh\u00f8jde: 53 cm (\u2195\ufe0f 160 cm - 172 cm)<br \/>\nGear: 12 (2 x 6)<\/p>\n<p>Denne flotte racercykel er i god og original stand.<br \/>\nRammen har enkelte ridser, men klisterm\u00e6rkerne er ubeskadigede.<br \/>\nRacercyklen er efterset og k\u00f8rer fuldst\u00e6ndig fejlfrit.<\/p>","protected":false},"featured_media":6155,"comment_status":"open","ping_status":"closed","template":"","meta":{"_seopress_robots_primary_cat":"none","_seopress_titles_title":"","_seopress_titles_desc":"","_seopress_robots_index":"","_monsterinsights_skip_tracking":false,"_monsterinsights_sitenote_active":false,"_monsterinsights_sitenote_note":"","_monsterinsights_sitenote_category":0},"product_brand":[],"product_cat":[45,84,88,95],"product_tag":[],"marke":[19],"groesse":[32],"fahrrad-typ":[],"class_list":{"0":"post-6162","1":"product","2":"type-product","3":"status-publish","4":"has-post-thumbnail","6":"product_cat-vintage-rennraeder","7":"product_cat-schon-verkauft","8":"product_cat-vintage-fahrraeder","9":"product_cat-vintage-rennraeder-fuer-eroica","10":"product_shipping_class-fahrrad","11":"marke-mercier","12":"groesse-53-54cm","14":"first","15":"outofstock","16":"shipping-taxable","17":"product-type-simple"},"_links":{"self":[{"href":"https:\/\/www.jolivelo.com\/da\/wp-json\/wp\/v2\/product\/6162","targetHints":{"allow":["GET"]}}],"collection":[{"href":"https:\/\/www.jolivelo.com\/da\/wp-json\/wp\/v2\/product"}],"about":[{"href":"https:\/\/www.jolivelo.com\/da\/wp-json\/wp\/v2\/types\/product"}],"replies":[{"embeddable":true,"href":"https:\/\/www.jolivelo.com\/da\/wp-json\/wp\/v2\/comments?post=6162"}],"wp:featuredmedia":[{"embeddable":true,"href":"https:\/\/www.jolivelo.com\/da\/wp-json\/wp\/v2\/media\/6155"}],"wp:attachment":[{"href":"https:\/\/www.jolivelo.com\/da\/wp-json\/wp\/v2\/media?parent=6162"}],"wp:term":[{"taxonomy":"product_brand","embeddable":true,"href":"https:\/\/www.jolivelo.com\/da\/wp-json\/wp\/v2\/product_brand?post=6162"},{"taxonomy":"product_cat","embeddable":true,"href":"https:\/\/www.jolivelo.com\/da\/wp-json\/wp\/v2\/product_cat?post=6162"},{"taxonomy":"product_tag","embeddable":true,"href":"https:\/\/www.jolivelo.com\/da\/wp-json\/wp\/v2\/product_tag?post=6162"},{"taxonomy":"marke","embeddable":true,"href":"https:\/\/www.jolivelo.com\/da\/wp-json\/wp\/v2\/marke?post=6162"},{"taxonomy":"groesse","embeddable":true,"href":"https:\/\/www.jolivelo.com\/da\/wp-json\/wp\/v2\/groesse?post=6162"},{"taxonomy":"fahrrad-typ","embeddable":true,"href":"https:\/\/www.jolivelo.com\/da\/wp-json\/wp\/v2\/fahrrad-typ?post=6162"}],"curies":[{"name":"wp","href":"https:\/\/api.w.org\/{rel}","templated":true}]}}