{"id":548,"date":"2023-02-01T12:32:23","date_gmt":"2023-02-01T12:32:23","guid":{"rendered":"https:\/\/www.jolivelo.com\/bezahlmoeglichkeiten\/"},"modified":"2023-02-01T12:32:23","modified_gmt":"2023-02-01T12:32:23","slug":"betalingsmuligheder","status":"publish","type":"page","link":"https:\/\/www.jolivelo.com\/da\/betalingsmuligheder\/","title":{"rendered":"Betalingsmetoder"},"content":{"rendered":"<div class=\"woocommerce woocommerce-gzd\">\n\t<ul class=\"payment_methods methods\">\n\t\t\t\t\t<li class=\"payment_method_bacs\">\n\t\t\t\t<label>Bankoverf\u00f8rsel<\/label>\n\t\t\t\t\t\t\t\t\t<div class=\"payment_box payment_method_bacs\">\n\t\t\t\t\t\t<p>Foretag betalingen direkte fra din bankkonto. Brug venligst ID'et p\u00e5 din ordre som betalingsreference. Din ordre vil ikke blive afsendt, f\u00f8r pengene er modtaget.\r\nBankkontooplysningerne til overf\u00f8rslen vises p\u00e5 n\u00e6ste side, n\u00e5r din ordre er blevet bekr\u00e6ftet.<\/p>\n\t\t\t\t\t<\/div>\n\t\t\t\t\t\t\t<\/li>\n\t\t\t\t\t<li class=\"payment_method_mollie_wc_gateway_creditcard\">\n\t\t\t\t<label>Kreditkort<img src='https:\/\/www.jolivelo.com\/wp-content\/plugins\/mollie-payments-for-woocommerce\/public\/images\/creditcards.svg' alt='Kreditkort-ikon' class='mollie-gateway-icon' \/><\/label>\n\t\t\t\t\t\t\t\t\t<div class=\"payment_box payment_method_mollie_wc_gateway_creditcard\">\n\t\t\t\t\t\t<p><p class=\"mollie-gateway-fee\"> + 0,8% gebyr kan forekomme<\/p><\/p>\n\t\t\t\t\t<\/div>\n\t\t\t\t\t\t\t<\/li>\n\t\t\t\t\t<li class=\"payment_method_mollie_wc_gateway_klarnasliceit\">\n\t\t\t\t<label>Klarna afbetaling<img src='https:\/\/www.jolivelo.com\/wp-content\/plugins\/mollie-payments-for-woocommerce\/public\/images\/klarnasliceit.svg' alt='klarnasliceit-ikon' class='mollie-gateway-icon' \/><\/label>\n\t\t\t\t\t\t\t\t\t<div class=\"payment_box payment_method_mollie_wc_gateway_klarnasliceit\">\n\t\t\t\t\t\t<p><p class=\"mollie-gateway-fee\"> + 1.5% gebyr kan forekomme<\/p><\/p>\n\t\t\t\t\t<\/div>\n\t\t\t\t\t\t\t<\/li>\n\t\t\t\t\t<li class=\"payment_method_mollie_wc_gateway_klarnapaynow\">\n\t\t\t\t<label>Klarna betaler nu<img src='https:\/\/www.jolivelo.com\/wp-content\/plugins\/mollie-payments-for-woocommerce\/public\/images\/klarnapaynow.svg' alt='klarnapaynow-ikon' class='mollie-gateway-icon' \/><\/label>\n\t\t\t\t\t\t\t\t\t<div class=\"payment_box payment_method_mollie_wc_gateway_klarnapaynow\">\n\t\t\t\t\t\t<p><p class=\"mollie-gateway-fee\"> + 1.5% gebyr kan forekomme<\/p><\/p>\n\t\t\t\t\t<\/div>\n\t\t\t\t\t\t\t<\/li>\n\t\t\t\t\t<li class=\"payment_method_mollie_wc_gateway_klarnapaylater\">\n\t\t\t\t<label>Klarna betaler senere<img src='https:\/\/www.jolivelo.com\/wp-content\/plugins\/mollie-payments-for-woocommerce\/public\/images\/klarnapaylater.svg' alt='klarnapaylater-ikon' class='mollie-gateway-icon' \/><\/label>\n\t\t\t\t\t\t\t\t\t<div class=\"payment_box payment_method_mollie_wc_gateway_klarnapaylater\">\n\t\t\t\t\t\t<p><p class=\"mollie-gateway-fee\"> + 1.5% gebyr kan forekomme<\/p><\/p>\n\t\t\t\t\t<\/div>\n\t\t\t\t\t\t\t<\/li>\n\t\t\t\t\t<li class=\"payment_method_mollie_wc_gateway_paypal\">\n\t\t\t\t<label>PayPal<img src='https:\/\/www.jolivelo.com\/wp-content\/plugins\/mollie-payments-for-woocommerce\/public\/images\/paypal.svg' alt='paypal-ikon' class='mollie-gateway-icon' \/><\/label>\n\t\t\t\t\t\t\t\t\t<div class=\"payment_box payment_method_mollie_wc_gateway_paypal\">\n\t\t\t\t\t\t<p><p class=\"mollie-gateway-fee\"> + 1.5% gebyr kan forekomme<\/p><\/p>\n\t\t\t\t\t<\/div>\n\t\t\t\t\t\t\t<\/li>\n\t\t\t\t\t<li class=\"payment_method_mollie_wc_gateway_applepay\">\n\t\t\t\t<label>Apple Pay<img src='https:\/\/www.jolivelo.com\/wp-content\/plugins\/mollie-payments-for-woocommerce\/public\/images\/applepay.svg' alt='applepay-ikon' class='mollie-gateway-icon' \/><\/label>\n\t\t\t\t\t\t\t<\/li>\n\t\t\t\t\t<li class=\"payment_method_mollie_wc_gateway_klarna\">\n\t\t\t\t<label>Betal med Klarna<img src='https:\/\/www.jolivelo.com\/wp-content\/plugins\/mollie-payments-for-woocommerce\/public\/images\/klarna.svg' alt='klarna-ikon' class='mollie-gateway-icon' \/><\/label>\n\t\t\t\t\t\t\t\t\t<div class=\"payment_box payment_method_mollie_wc_gateway_klarna\">\n\t\t\t\t\t\t<p><p class=\"mollie-gateway-fee\"> + 1.5% gebyr kan forekomme<\/p><\/p>\n\t\t\t\t\t<\/div>\n\t\t\t\t\t\t\t<\/li>\n\t\t\t<\/ul>\n<\/div>","protected":false},"excerpt":{"rendered":"","protected":false},"author":1,"featured_media":0,"parent":0,"menu_order":0,"comment_status":"closed","ping_status":"closed","template":"","meta":{"_seopress_robots_primary_cat":"","_seopress_titles_title":"","_seopress_titles_desc":"","_seopress_robots_index":"","_monsterinsights_skip_tracking":false,"_monsterinsights_sitenote_active":false,"_monsterinsights_sitenote_note":"","_monsterinsights_sitenote_category":0,"footnotes":""},"class_list":["post-548","page","type-page","status-publish","hentry"],"blocksy_meta":{"styles_descriptor":{"styles":{"desktop":"","tablet":"","mobile":""},"google_fonts":[],"version":6}},"_links":{"self":[{"href":"https:\/\/www.jolivelo.com\/da\/wp-json\/wp\/v2\/pages\/548","targetHints":{"allow":["GET"]}}],"collection":[{"href":"https:\/\/www.jolivelo.com\/da\/wp-json\/wp\/v2\/pages"}],"about":[{"href":"https:\/\/www.jolivelo.com\/da\/wp-json\/wp\/v2\/types\/page"}],"author":[{"embeddable":true,"href":"https:\/\/www.jolivelo.com\/da\/wp-json\/wp\/v2\/users\/1"}],"replies":[{"embeddable":true,"href":"https:\/\/www.jolivelo.com\/da\/wp-json\/wp\/v2\/comments?post=548"}],"version-history":[{"count":0,"href":"https:\/\/www.jolivelo.com\/da\/wp-json\/wp\/v2\/pages\/548\/revisions"}],"wp:attachment":[{"href":"https:\/\/www.jolivelo.com\/da\/wp-json\/wp\/v2\/media?parent=548"}],"curies":[{"name":"wp","href":"https:\/\/api.w.org\/{rel}","templated":true}]}}