{"id":546,"date":"2023-02-01T12:32:23","date_gmt":"2023-02-01T12:32:23","guid":{"rendered":"https:\/\/www.jolivelo.com\/widerrufsbelehrung\/"},"modified":"2023-02-01T16:10:21","modified_gmt":"2023-02-01T16:10:21","slug":"afbestillingsregler","status":"publish","type":"page","link":"https:\/\/www.jolivelo.com\/da\/afbestillingsregler\/","title":{"rendered":"Politik for afbestilling"},"content":{"rendered":"<div data-elementor-type=\"wp-page\" data-elementor-id=\"546\" class=\"elementor elementor-546\" data-elementor-post-type=\"page\">\n\t\t\t\t\t\t<section class=\"elementor-section elementor-top-section elementor-element elementor-element-809a92f elementor-section-boxed elementor-section-height-default elementor-section-height-default\" data-id=\"809a92f\" data-element_type=\"section\" data-e-type=\"section\">\n\t\t\t\t\t\t<div class=\"elementor-container elementor-column-gap-default\">\n\t\t\t\t\t<div class=\"elementor-column elementor-col-100 elementor-top-column elementor-element elementor-element-7c019fa\" data-id=\"7c019fa\" data-element_type=\"column\" data-e-type=\"column\">\n\t\t\t<div class=\"elementor-widget-wrap elementor-element-populated\">\n\t\t\t\t\t\t<div class=\"elementor-element elementor-element-5a86996 elementor-widget elementor-widget-heading\" data-id=\"5a86996\" data-element_type=\"widget\" data-e-type=\"widget\" data-widget_type=\"heading.default\">\n\t\t\t\t<div class=\"elementor-widget-container\">\n\t\t\t\t\t<h2 class=\"elementor-heading-title elementor-size-default\">Politik for afbestilling<\/h2>\t\t\t\t<\/div>\n\t\t\t\t<\/div>\n\t\t\t\t<div class=\"elementor-element elementor-element-a7c8f71 elementor-widget elementor-widget-text-editor\" data-id=\"a7c8f71\" data-element_type=\"widget\" data-e-type=\"widget\" data-widget_type=\"text-editor.default\">\n\t\t\t\t<div class=\"elementor-widget-container\">\n\t\t\t\t\t\t\t\t\t<h3 id=\"widerrufsrecht\">Ret til annullering<\/h3><p>Du har ret til at annullere denne kontrakt inden for 14 dage uden at angive nogen grund.\u00a0<a title=\"Kontrakt\" href=\"https:\/\/www.juraforum.de\/rechtsberatung\/einen-vertrag-pruefen.html\" target=\"_blank\" rel=\"noopener\">Kontrakt<\/a>\u00a0at tilbagekalde.<\/p><p>Afbestillingsfristen er fjorten dage fra datoen.<\/p><p>For at ud\u00f8ve din fortrydelsesret skal du informere os ved hj\u00e6lp af en tydelig\u00a0<a title=\"Forklaring\" href=\"https:\/\/www.juraforum.de\/lexikon\/erklaerung\" target=\"_blank\" rel=\"noopener\">Forklaring<\/a> (f.eks. et brev sendt med posten eller en e-mail) om din beslutning om at annullere denne kontrakt. Du kan bruge det vedh\u00e6ftede eksempel p\u00e5 en fortrydelsesformular, men det er ikke obligatorisk.<\/p><p>For at overholde fortrydelsesfristen er det tilstr\u00e6kkeligt, at du sender din meddelelse om ud\u00f8velse af fortrydelsesretten inden fortrydelsesfristens udl\u00f8b.<\/p><h3 id=\"folgen-des-widerrufs\">Konsekvenser af annullering<\/h3><p>Hvis du annullerer denne kontrakt, refunderer vi alle betalinger, vi har modtaget fra dig, inklusive leveringsomkostninger (med undtagelse af de ekstra\u00a0<a title=\"Omkostninger\" href=\"https:\/\/www.juraforum.de\/lexikon\/kosten\" target=\"_blank\" rel=\"noopener\">Omkostninger<\/a>som f\u00f8lge af, at du bruger en anden type af\u00a0<a title=\"levering\" href=\"https:\/\/www.juraforum.de\/lexikon\/lieferung\" target=\"_blank\" rel=\"noopener\">levering<\/a>\u00a0end den mest fordelagtige standardlevering, som vi tilbyder), straks og senest inden for 14 dage fra den dag, hvor vi modtager meddelelse om din annullering af denne kontrakt. Til denne tilbagebetaling benytter vi samme betalingsmiddel, som du benyttede ved den oprindelige transaktion, medmindre andet udtrykkeligt er aftalt med dig; du vil under ingen omst\u00e6ndigheder blive opkr\u00e6vet gebyrer for denne tilbagebetaling.<\/p>\t\t\t\t\t\t\t\t<\/div>\n\t\t\t\t<\/div>\n\t\t\t\t\t<\/div>\n\t\t<\/div>\n\t\t\t\t\t<\/div>\n\t\t<\/section>\n\t\t\t\t<\/div>","protected":false},"excerpt":{"rendered":"<p>Widerrufsrecht Sie haben das Recht, binnen vierzehn Tagen ohne Angabe von Gr\u00fcnden diesen\u00a0Vertrag\u00a0zu widerrufen. Die Widerrufsfrist betr\u00e4gt vierzehn Tage ab dem Tag. Um Ihr Widerrufsrecht auszu\u00fcben, m\u00fcssen Sie uns\u00a0mittels einer eindeutigen\u00a0Erkl\u00e4rung (z.B. ein mit der Post versandter Brief oder eine E-Mail) \u00fcber Ihren Entschluss, diesen Vertrag zu widerrufen, informieren. Sie k\u00f6nnen daf\u00fcr das beigef\u00fcgte Muster-Widerrufsformular [&hellip;]<\/p>\n","protected":false},"author":1,"featured_media":0,"parent":0,"menu_order":0,"comment_status":"closed","ping_status":"closed","template":"elementor_header_footer","meta":{"_seopress_robots_primary_cat":"","_seopress_titles_title":"","_seopress_titles_desc":"","_seopress_robots_index":"","_monsterinsights_skip_tracking":false,"_monsterinsights_sitenote_active":false,"_monsterinsights_sitenote_note":"","_monsterinsights_sitenote_category":0,"footnotes":""},"class_list":["post-546","page","type-page","status-publish","hentry"],"blocksy_meta":{"styles_descriptor":{"styles":{"desktop":"","tablet":"","mobile":""},"google_fonts":[],"version":6}},"_links":{"self":[{"href":"https:\/\/www.jolivelo.com\/da\/wp-json\/wp\/v2\/pages\/546","targetHints":{"allow":["GET"]}}],"collection":[{"href":"https:\/\/www.jolivelo.com\/da\/wp-json\/wp\/v2\/pages"}],"about":[{"href":"https:\/\/www.jolivelo.com\/da\/wp-json\/wp\/v2\/types\/page"}],"author":[{"embeddable":true,"href":"https:\/\/www.jolivelo.com\/da\/wp-json\/wp\/v2\/users\/1"}],"replies":[{"embeddable":true,"href":"https:\/\/www.jolivelo.com\/da\/wp-json\/wp\/v2\/comments?post=546"}],"version-history":[{"count":0,"href":"https:\/\/www.jolivelo.com\/da\/wp-json\/wp\/v2\/pages\/546\/revisions"}],"wp:attachment":[{"href":"https:\/\/www.jolivelo.com\/da\/wp-json\/wp\/v2\/media?parent=546"}],"curies":[{"name":"wp","href":"https:\/\/api.w.org\/{rel}","templated":true}]}}