{"id":52,"date":"2022-11-08T15:23:17","date_gmt":"2022-11-08T15:23:17","guid":{"rendered":"https:\/\/www.jolivelo.com\/?page_id=52"},"modified":"2024-10-11T08:56:15","modified_gmt":"2024-10-11T08:56:15","slug":"databeskyttelse","status":"publish","type":"page","link":"https:\/\/www.jolivelo.com\/da\/databeskyttelse\/","title":{"rendered":"databeskyttelse"},"content":{"rendered":"<div data-elementor-type=\"wp-page\" data-elementor-id=\"52\" class=\"elementor elementor-52\" data-elementor-post-type=\"page\">\n\t\t\t\t\t\t<section class=\"elementor-section elementor-top-section elementor-element elementor-element-c104d11 elementor-section-boxed elementor-section-height-default elementor-section-height-default\" data-id=\"c104d11\" data-element_type=\"section\" data-e-type=\"section\">\n\t\t\t\t\t\t<div class=\"elementor-container elementor-column-gap-default\">\n\t\t\t\t\t<div class=\"elementor-column elementor-col-100 elementor-top-column elementor-element elementor-element-7873523\" data-id=\"7873523\" data-element_type=\"column\" data-e-type=\"column\">\n\t\t\t<div class=\"elementor-widget-wrap elementor-element-populated\">\n\t\t\t\t\t\t<div class=\"elementor-element elementor-element-fb7b42b elementor-widget elementor-widget-heading\" data-id=\"fb7b42b\" data-element_type=\"widget\" data-e-type=\"widget\" data-widget_type=\"heading.default\">\n\t\t\t\t<div class=\"elementor-widget-container\">\n\t\t\t\t\t<h2 class=\"elementor-heading-title elementor-size-default\">privatlivspolitik<\/h2>\t\t\t\t<\/div>\n\t\t\t\t<\/div>\n\t\t\t\t<div class=\"elementor-element elementor-element-79efeef elementor-widget elementor-widget-text-editor\" data-id=\"79efeef\" data-element_type=\"widget\" data-e-type=\"widget\" data-widget_type=\"text-editor.default\">\n\t\t\t\t<div class=\"elementor-widget-container\">\n\t\t\t\t\t\t\t\t\t<div class=\"s3-t s3-t0\"><p><strong>Generelle oplysninger og obligatoriske oplysninger<\/strong><\/p><p><strong>udpegelse af det ansvarlige organ<\/strong><\/p><p>Det ansvarlige organ for databehandling p\u00e5 denne hjemmeside er:<\/p><p><span id=\"s3-t-firma\">Joli V\u00e9lo<\/span><br \/><span id=\"s3-t-ansprechpartner\">Christopher Laliat<\/span><br \/><span id=\"s3-t-strasse\">Kleiststrasse, 25<\/span><br \/><span id=\"s3-t-plz\">24105<\/span>\u00a0<span id=\"s3-t-ort\">Slesvig-Holsten \u2013 Kiel<\/span><\/p><p>Det ansvarlige organ beslutter alene eller sammen med andre om form\u00e5l og midler til behandling af personoplysninger (f.eks. navne, kontaktoplysninger osv.).<\/p><p><strong>Tilbagekaldelse af dit samtykke til databehandling<\/strong><\/p><p>Nogle databehandlingsoperationer er kun mulige med dit udtrykkelige samtykke. Du kan til enhver tid tilbagekalde dit samtykke. For at tilbagekalde dit samtykke er en uformel meddelelse via e-mail tilstr\u00e6kkelig. Lovligheden af den databehandling, der er udf\u00f8rt frem til tilbagekaldelsestidspunktet, forbliver up\u00e5virket af tilbagekaldelsen.<\/p><p><strong>Ret til at indgive en klage til den kompetente tilsynsmyndighed<\/strong><\/p><p>Som den ber\u00f8rte person har du ret til at indgive en klage til den ansvarlige tilsynsmyndighed i tilf\u00e6lde af en kr\u00e6nkelse af databeskyttelsen. Den ansvarlige tilsynsmyndighed for databeskyttelsessp\u00f8rgsm\u00e5l er den statslige databeskyttelsesansvarlige i den f\u00f8derale stat, hvor vores virksomhed er baseret. F\u00f8lgende link giver en liste over databeskyttelsesansvarlige og deres kontaktoplysninger:\u00a0<a href=\"https:\/\/www.bfdi.bund.de\/DE\/Infothek\/Anschriften_Links\/anschriften_links-node.html\" target=\"_blank\" rel=\"noopener\">https:\/\/www.bfdi.bund.de\/DE\/Infothek\/Anschriften_Links\/anschriften_links-node.html<\/a>.<\/p><p><strong>ret til dataportabilitet<\/strong><\/p><p>Du har ret til at f\u00e5 data, som vi behandler automatisk p\u00e5 baggrund af dit samtykke eller i forbindelse med opfyldelse af en kontrakt, udleveret til dig eller til tredjemand. Dataene vil blive leveret i et maskinl\u00e6sbart format. Hvis du anmoder om direkte overf\u00f8rsel af data til en anden ansvarlig part, vil dette kun ske, hvis det er teknisk muligt.<\/p><p><strong>Ret til information, rettelse, blokering, sletning<\/strong><\/p><p>Inden for rammerne af de g\u00e6ldende lovbestemmelser har du til enhver tid ret til at f\u00e5 gratis information om dine opbevarede personoplysninger, oplysningernes oprindelse, deres modtagere og form\u00e5let med databehandlingen og, hvis det er relevant, ret til rettelse, blokering eller sletning af disse data. I denne henseende og for yderligere sp\u00f8rgsm\u00e5l om emnet persondata kan du til enhver tid kontakte os ved hj\u00e6lp af kontaktmulighederne, der er angivet i forlaget.<\/p><p><strong>SSL- eller TLS-kryptering<\/strong><\/p><p>Af sikkerhedsm\u00e6ssige \u00e5rsager og for at beskytte transmissionen af fortroligt indhold, som du sender til os som webstedsoperat\u00f8r, bruger vores websted en SSL eller. TLS-kryptering. Det betyder, at data, som du overf\u00f8rer via denne hjemmeside, ikke kan l\u00e6ses af tredjeparter. Du kan genkende en krypteret forbindelse p\u00e5 &quot;https:\/\/&quot;-adresselinjen i din browser og l\u00e5sesymbolet i browserlinjen.<\/p><\/div><div class=\"s3-t s3-t2\"><p><strong>serverlogfiler<\/strong><\/p><p>Webstedsudbyderen indsamler og gemmer automatisk information, som din browser automatisk sender til os i serverlogfiler. Disse er:<\/p><ul><li>Bes\u00f8gt side p\u00e5 vores dom\u00e6ne<\/li><li>Dato og tidspunkt for serveranmodningen<\/li><li>browsertype og browserversion<\/li><li>Brugt operativsystem<\/li><li>henvisnings-URL<\/li><li>v\u00e6rtsnavnet p\u00e5 den tilg\u00e5ende computer<\/li><li>IP-adresse<\/li><\/ul><p>Disse data vil ikke blive flettet med andre datakilder. Grundlaget for databehandling er art 6 (1) (b) GDPR, som tillader behandling af data for at opfylde en kontrakt eller for foranstaltninger forud for kontrakt.<\/p><\/div><div class=\"s3-t s3-t3\"><p><strong>Dataoverf\u00f8rsel ved indg\u00e5else af kontrakt om k\u00f8b og forsendelse af varer<\/strong><\/p><p>Personoplysninger videregives kun til tredjemand, hvis dette er n\u00f8dvendigt for opfyldelsen af kontrakten. Tredjeparter kan for eksempel v\u00e6re betalingstjenesteudbydere eller logistikvirksomheder. Enhver yderligere overf\u00f8rsel af data finder ikke sted eller vil kun finde sted, hvis du udtrykkeligt har givet dit samtykke hertil.<\/p><p>Grundlaget for databehandling er art 6 (1) (b) GDPR, som tillader behandling af data for at opfylde en kontrakt eller for foranstaltninger forud for kontrakt.<\/p><\/div><div class=\"s3-t s3-t5\"><p><strong>kontaktformular<\/strong><\/p><p>Data, der overf\u00f8res via kontaktformularen, herunder dine kontaktoplysninger, vil blive gemt for at behandle din anmodning eller for at v\u00e6re tilg\u00e6ngelig for opf\u00f8lgende sp\u00f8rgsm\u00e5l. Disse data videregives ikke uden dit samtykke.<\/p><p>Behandlingen af de data, der indtastes i kontaktformularen, udf\u00f8res udelukkende p\u00e5 baggrund af dit samtykke (Art. 6, stk. 1 lit. a GDPR). Du kan til enhver tid tilbagekalde dit samtykke. For at tilbagekalde dit samtykke er en uformel meddelelse via e-mail tilstr\u00e6kkelig. Lovligheden af de databehandlinger, der er udf\u00f8rt frem til tilbagekaldelsestidspunktet, forbliver up\u00e5virket af tilbagekaldelsen.<\/p><p>Data, der overf\u00f8res via kontaktformularen, forbliver hos os, indtil du anmoder os om at slette dem, tilbagekalde dit samtykke til opbevaring, eller der ikke l\u00e6ngere er behov for at opbevare dataene. Obligatoriske lovbestemmelser \u2013 is\u00e6r opbevaringsperioder \u2013 forbliver up\u00e5virket.<\/p><\/div><div class=\"s3-t s3-t13\"><p><strong>Google Analytics<\/strong><\/p><p>Vores hjemmeside bruger funktioner fra webanalysetjenesten Google Analytics. Udbyderen af webanalysetjenesten er Google Inc., 1600 Amphitheatre Parkway, Mountain View, CA 94043, USA.<\/p><p>Google Analytics bruger &quot;cookies&quot;. Disse er sm\u00e5 tekstfiler, som din webbrowser gemmer p\u00e5 din enhed og muligg\u00f8r analyse af brugen af webstedet. Oplysninger genereret af cookies om din brug af vores hjemmeside overf\u00f8res til en Google-server og gemmes der. Serverplaceringen er normalt USA.<\/p><p>Google Analytics-cookies er sat p\u00e5 grundlag af art 6 (1) lit. Som operat\u00f8r af denne hjemmeside har vi en legitim interesse i at analysere brugeradf\u00e6rd for at optimere vores hjemmeside og om n\u00f8dvendigt annoncering.<\/p><p>IP anonymisering<\/p><p>Vi bruger Google Analytics i forbindelse med IP-anonymiseringsfunktionen. Dette sikrer, at Google forkorter din IP-adresse inden for EU-medlemsstater eller i andre kontraherende stater i henhold til aftalen om Det Europ\u00e6iske \u00d8konomiske Samarbejdsomr\u00e5de, f\u00f8r den overf\u00f8res til USA. Der kan v\u00e6re undtagelsestilf\u00e6lde, hvor Google sender den fulde IP-adresse til en server i USA og forkorter den der. P\u00e5 vores vegne vil Google bruge disse oplysninger til at evaluere din brug af webstedet, til at udarbejde rapporter om webstedsaktivitet og til at give os andre tjenester relateret til webstedsaktivitet og internetbrug. Den IP-adresse, der overf\u00f8res af Google Analytics, vil ikke blive flettet sammen med andre Google-data.<\/p><p>browser plugin<\/p><p>Din webbrowsers indstilling af cookies kan forhindres. Dette kan dog begr\u00e6nse nogle funktioner p\u00e5 vores hjemmeside. Du kan ogs\u00e5 forhindre Google i at indsamle data om dit websteds brug, herunder din IP-adresse, og efterf\u00f8lgende behandle disse data. Dette er muligt ved at downloade og installere browser-plug-in&#039;et, der er tilg\u00e6ngeligt via f\u00f8lgende link:\u00a0<a href=\"https:\/\/tools.google.com\/dlpage\/gaoptout?hl=de\">https:\/\/tools.google.com\/dlpage\/gaoptout?hl=de<\/a>.<\/p><p>indsigelse mod dataindsamling<\/p><p>Du kan forhindre Google Analytics i at indsamle dine data ved at klikke p\u00e5 f\u00f8lgende link. Der vil blive sat en opt-out-cookie, som forhindrer indsamling af dine data ved fremtidige bes\u00f8g p\u00e5 vores hjemmeside: Deaktiver Google Analytics.<\/p><p>For detaljer om, hvordan Google Analytics h\u00e5ndterer brugerdata, se venligst Googles privatlivspolitik:\u00a0<a href=\"https:\/\/support.google.com\/analytics\/answer\/6004245?hl=de\">https:\/\/support.google.com\/analytics\/answer\/6004245?hl=de<\/a>.<\/p><p>ordrebehandling<\/p><p>For fuldt ud at overholde de lovpligtige databeskyttelseskrav har vi indg\u00e5et en kontrakt om ordrebehandling med Google.<\/p><p>Demografiske karakteristika i Google Analytics<\/p><p>Vores hjemmeside bruger funktionen &quot;demografiske karakteristika&quot; i Google Analytics. Det kan bruges til at oprette rapporter, der indeholder oplysninger om alder, k\u00f8n og interesser hos bes\u00f8gende p\u00e5 webstedet. Disse data kommer fra interessebaseret annoncering fra Google samt fra bes\u00f8gsdata fra tredjeparter. Det er ikke muligt at tildele dataene til en bestemt person. Du kan til enhver tid deaktivere denne funktion. Dette er muligt via annonceindstillingerne p\u00e5 din Google-konto eller ved generelt at forbyde indsamling af dine data af Google Analytics, som forklaret i afsnittet &quot;Indsigelse mod dataindsamling&quot;.<\/p><\/div><div class=\"s3-t s3-t15\"><p><strong>PayPal<\/strong><\/p><p>Vores hjemmeside tillader betaling via PayPal. Udbyderen af betalingstjenesten er PayPal (Europe) S.\u00e0.rl et Cie, SCA, 22-24 Boulevard Royal, L-2449 Luxembourg.<\/p><p>Hvis du betaler med PayPal, vil de betalingsdata, du har indtastet, blive overf\u00f8rt til PayPal.<\/p><p>Overf\u00f8rslen af dine data til PayPal er baseret p\u00e5 art. 6 stk. GDPR (samtykke) og art. Du kan til enhver tid tilbagekalde dit samtykke. Databehandlingsoperationer, der fandt sted i fortiden, forbliver effektive i tilf\u00e6lde af tilbagekaldelse.<\/p><\/div><div class=\"s3-t s3-t16\"><p><strong>Klarna<\/strong><\/p><p>Vores hjemmeside tillader betaling via Klarna. Udbyderen af betalingstjenesten er Klarna AB, Sveav\u00e4gen 46, 111 34 Stockholm, Sverige.<\/p><p>N\u00e5r du betaler med Klarna (Klarna kassel\u00f8sning), indsamler Klarna forskellige personlige data fra dig. For detaljer, se Klarnas privatlivspolitik p\u00e5:\u00a0<a href=\"https:\/\/www.klarna.com\/de\/datenschutz\/\">https:\/\/www.klarna.com\/de\/datenschutz\/<\/a>.<\/p><p>Klarna bruger cookies til at optimere Klarnas betalingsl\u00f8sning. Denne optimering repr\u00e6senterer en legitim interesse i henhold til artikel 6 (1) (f) GDPR Cookies er sm\u00e5 tekstfiler, som din webbrowser gemmer p\u00e5 din enhed. Klarna cookies forbliver p\u00e5 din enhed, indtil du sletter dem. Detaljer om brugen af Klarna cookies kan findes p\u00e5:\u00a0<a href=\"https:\/\/cdn.klarna.com\/1.0\/shared\/content\/policy\/cookie\/de_de\/checkout.pdf\">https:\/\/cdn.klarna.com\/1.0\/shared\/content\/policy\/cookie\/de_de\/checkout.pdf<\/a>.<\/p><p>Overf\u00f8rslen af dine data til Klarna er baseret p\u00e5 art. 6 stk. GDPR (samtykke) og art. Du kan til enhver tid tilbagekalde dit samtykke. Databehandlingsoperationer, der fandt sted i fortiden, forbliver effektive i tilf\u00e6lde af tilbagekaldelse.<\/p><\/div><div class=\"s3-t s3-t23\"><p><strong>Google AdWords og Google Konverteringssporing<\/strong><\/p><p>Vores hjemmeside bruger Google AdWords. Udbyderen er Google Inc., 1600 Amphitheatre Parkway, Mountain View, CA 94043, USA.<\/p><p>AdWords er et online annonceringsprogram. Som en del af online annonceringsprogrammet arbejder vi med konverteringssporing. Efter at have klikket p\u00e5 en annonce placeret af Google, indstilles en cookie til konverteringssporing. Cookies er sm\u00e5 tekstfiler, som din webbrowser gemmer p\u00e5 din enhed. Google AdWords-cookies udl\u00f8ber efter 30 dage og bruges ikke til personligt at identificere brugere. Cookien giver Google og os mulighed for at genkende, at du har klikket p\u00e5 en annonce og er blevet omdirigeret til vores hjemmeside.<\/p><p>Hver Google AdWords-kunde modtager en anden cookie. Cookies kan ikke spores p\u00e5 tv\u00e6rs af AdWords-kunders websteder. Konverteringscookies bruges til at lave konverteringsstatistik for AdWords-kunder, der bruger konverteringssporing. Adwords-kunder finder ud af, hvor mange brugere der klikkede p\u00e5 deres annonce og blev omdirigeret til sider med et konverteringssporingstag. AdWords-kunder modtager dog ingen information, der muligg\u00f8r personlig identifikation af brugere. Hvis du ikke \u00f8nsker at deltage i sporing, kan du g\u00f8re indsigelse mod brugen af det. Konverteringscookien skal deaktiveres i browserens brugerindstillinger. Det betyder, at det ikke er inkluderet i konverteringssporingsstatistikken.<\/p><p>Opbevaringen af &quot;konverteringscookies&quot; er baseret p\u00e5 art 6 (1) lit f GDPR. Som webstedsoperat\u00f8rer har vi en legitim interesse i at analysere brugeradf\u00e6rd for at optimere vores websted og vores annoncering.<\/p><p><a href=\"https:\/\/www.jolivelo.com\/da\/privat-salg\/\">https:\/\/www.jolivelo.com\/privat-verkauf\/<\/a><\/p><p>For detaljer om Google AdWords og Google Konverteringssporing, se venligst Googles privatlivspolitik:\u00a0<a href=\"https:\/\/www.google.de\/policies\/privacy\/\">https:\/\/www.google.de\/policies\/privacy\/<\/a>.<\/p><p>Med en moderne webbrowser kan du overv\u00e5ge, begr\u00e6nse eller forhindre indstilling af cookies. Deaktivering af cookies kan resultere i begr\u00e6nset funktionalitet p\u00e5 vores hjemmeside.<\/p><\/div><div class=\"s3-t s3-t0\"><p><small>Kilde: Databeskyttelseskonfigurator fra\u00a0<a href=\"http:\/\/www.mein-datenschutzbeauftragter.de\/\" target=\"_blank\" rel=\"noopener\">mein-datenschutzbeauftragter.de<\/a><\/small><\/p><\/div>\t\t\t\t\t\t\t\t<\/div>\n\t\t\t\t<\/div>\n\t\t\t\t\t<\/div>\n\t\t<\/div>\n\t\t\t\t\t<\/div>\n\t\t<\/section>\n\t\t\t\t<\/div>","protected":false},"excerpt":{"rendered":"<p>Datenschutzerkl\u00e4rung Allgemeiner Hinweis und Pflichtinformationen Benennung der verantwortlichen Stelle Die verantwortliche Stelle f\u00fcr die Datenverarbeitung auf dieser Website ist: Joli V\u00e9loChristopher LaliatKleiststrasse, 2524105\u00a0Schleswig-Holstein &#8211; Kiel Die verantwortliche Stelle entscheidet allein oder gemeinsam mit anderen \u00fcber die Zwecke und Mittel der Verarbeitung von personenbezogenen Daten (z.B. Namen, Kontaktdaten o. \u00c4.). Widerruf Ihrer Einwilligung zur Datenverarbeitung Nur [&hellip;]<\/p>\n","protected":false},"author":1,"featured_media":0,"parent":0,"menu_order":0,"comment_status":"closed","ping_status":"closed","template":"elementor_header_footer","meta":{"_seopress_robots_primary_cat":"","_seopress_titles_title":"","_seopress_titles_desc":"","_seopress_robots_index":"","_monsterinsights_skip_tracking":false,"_monsterinsights_sitenote_active":false,"_monsterinsights_sitenote_note":"","_monsterinsights_sitenote_category":0,"footnotes":""},"class_list":["post-52","page","type-page","status-publish","hentry"],"blocksy_meta":{"styles_descriptor":{"styles":{"desktop":"","tablet":"","mobile":""},"google_fonts":[],"version":6}},"_links":{"self":[{"href":"https:\/\/www.jolivelo.com\/da\/wp-json\/wp\/v2\/pages\/52","targetHints":{"allow":["GET"]}}],"collection":[{"href":"https:\/\/www.jolivelo.com\/da\/wp-json\/wp\/v2\/pages"}],"about":[{"href":"https:\/\/www.jolivelo.com\/da\/wp-json\/wp\/v2\/types\/page"}],"author":[{"embeddable":true,"href":"https:\/\/www.jolivelo.com\/da\/wp-json\/wp\/v2\/users\/1"}],"replies":[{"embeddable":true,"href":"https:\/\/www.jolivelo.com\/da\/wp-json\/wp\/v2\/comments?post=52"}],"version-history":[{"count":0,"href":"https:\/\/www.jolivelo.com\/da\/wp-json\/wp\/v2\/pages\/52\/revisions"}],"wp:attachment":[{"href":"https:\/\/www.jolivelo.com\/da\/wp-json\/wp\/v2\/media?parent=52"}],"curies":[{"name":"wp","href":"https:\/\/api.w.org\/{rel}","templated":true}]}}