{"id":511,"date":"2023-02-01T09:08:53","date_gmt":"2023-02-01T09:08:53","guid":{"rendered":"https:\/\/www.jolivelo.com\/?page_id=511"},"modified":"2026-01-08T10:40:34","modified_gmt":"2026-01-08T10:40:34","slug":"forsendelse","status":"publish","type":"page","link":"https:\/\/www.jolivelo.com\/da\/forsendelse\/","title":{"rendered":"Forsendelse"},"content":{"rendered":"\t\t<div data-elementor-type=\"wp-page\" data-elementor-id=\"511\" class=\"elementor elementor-511\" data-elementor-post-type=\"page\">\n\t\t\t\t\t\t<section class=\"elementor-section elementor-top-section elementor-element elementor-element-fb3aafd elementor-section-boxed elementor-section-height-default elementor-section-height-default\" data-id=\"fb3aafd\" data-element_type=\"section\" data-e-type=\"section\" data-settings=\"{&quot;background_background&quot;:&quot;classic&quot;}\">\n\t\t\t\t\t\t<div class=\"elementor-container elementor-column-gap-default\">\n\t\t\t\t\t<div class=\"elementor-column elementor-col-100 elementor-top-column elementor-element elementor-element-67af76e\" data-id=\"67af76e\" data-element_type=\"column\" data-e-type=\"column\">\n\t\t\t<div class=\"elementor-widget-wrap elementor-element-populated\">\n\t\t\t\t\t\t<div class=\"elementor-element elementor-element-e76ceb2 elementor-widget elementor-widget-heading\" data-id=\"e76ceb2\" data-element_type=\"widget\" data-e-type=\"widget\" data-widget_type=\"heading.default\">\n\t\t\t\t<div class=\"elementor-widget-container\">\n\t\t\t\t\t<h1 class=\"elementor-heading-title elementor-size-default\">Versand<\/h1>\t\t\t\t<\/div>\n\t\t\t\t<\/div>\n\t\t\t\t<div class=\"elementor-element elementor-element-b204415 elementor-widget elementor-widget-text-editor\" data-id=\"b204415\" data-element_type=\"widget\" data-e-type=\"widget\" data-widget_type=\"text-editor.default\">\n\t\t\t\t<div class=\"elementor-widget-container\">\n\t\t\t\t\t\t\t\t\t<p>Alles \u00fcber den Versand deines zuk\u00fcnftigen Vintage-Fahrrads \ud83d\ude42<\/p>\t\t\t\t\t\t\t\t<\/div>\n\t\t\t\t<\/div>\n\t\t\t\t\t<\/div>\n\t\t<\/div>\n\t\t\t\t\t<\/div>\n\t\t<\/section>\n\t\t\t\t<section class=\"elementor-section elementor-top-section elementor-element elementor-element-15890df elementor-section-boxed elementor-section-height-default elementor-section-height-default\" data-id=\"15890df\" data-element_type=\"section\" data-e-type=\"section\">\n\t\t\t\t\t\t<div class=\"elementor-container elementor-column-gap-default\">\n\t\t\t\t\t<div class=\"elementor-column elementor-col-100 elementor-top-column elementor-element elementor-element-3124491\" data-id=\"3124491\" data-element_type=\"column\" data-e-type=\"column\">\n\t\t\t<div class=\"elementor-widget-wrap elementor-element-populated\">\n\t\t\t\t\t\t<div class=\"elementor-element elementor-element-1413dc4 elementor-widget elementor-widget-heading\" data-id=\"1413dc4\" data-element_type=\"widget\" data-e-type=\"widget\" data-widget_type=\"heading.default\">\n\t\t\t\t<div class=\"elementor-widget-container\">\n\t\t\t\t\t<h2 class=\"elementor-heading-title elementor-size-default\">Demontage und Schutz des Fahrrads\n\n<\/h2>\t\t\t\t<\/div>\n\t\t\t\t<\/div>\n\t\t\t\t<div class=\"elementor-element elementor-element-9a65789 elementor-widget elementor-widget-text-editor\" data-id=\"9a65789\" data-element_type=\"widget\" data-e-type=\"widget\" data-widget_type=\"text-editor.default\">\n\t\t\t\t<div class=\"elementor-widget-container\">\n\t\t\t\t\t\t\t\t\t<p><strong>Joli V\u00e9lo versendet seine restaurierten Vintage-Fahrr\u00e4der weltweit.<\/strong><\/p><p>Einige Teile werden abmontiert und das Fahrrad wird sorgf\u00e4ltig gesch\u00fctzt, damit es beim Transport nicht besch\u00e4digt wird. Es werden Kartons verwendet, die speziell f\u00fcr den Versand von Fahrr\u00e4dern bestimmt sind.<\/p><p><strong>Die Teile, die f\u00fcr den Versand von Fahrr\u00e4dern demontiert werden, sind :<\/strong><\/p><p>&#8211; Die Pedale<br \/>&#8211; Die Schnellspanner R\u00e4der<br \/>&#8211; Das Vorderrad<br \/>&#8211; Der vordere Schutzblech (falls erforderlich)<br \/>&#8211; Der Sattel und das Sattelrohr<br \/>&#8211; Der Lenker und der Vorbau werden gelockert, damit sie gedreht werden k\u00f6nnen<\/p><p>F\u00fcr den Versand nach Europa und in den Rest der Welt werden auch das Hinterrad und das hintere Schaltwerk ausgebaut. Wenn n\u00f6tig, kann manchmal auch der vordere Bremssattel abmontiert werden, damit die Gabel geschwenkt werden kann (eine Einstellung der Bremse ist beim Zusammenbau nicht erforderlich).<\/p><p><strong>Nur grundlegende Werkzeuge werden ben\u00f6tigt<\/strong>, um die auseinandergenommenen Teile wieder zusammenzusetzen.<br \/>Im Allgemeinen werden ben\u00f6tigt:<\/p><p>&#8211; Maulschl\u00fcssel mit den Ma\u00dfen 12, 13, 14, 15, 16 und 18<br \/>&#8211; Innensechskantschl\u00fcssel<\/p><p>Neoprenschl\u00e4uche sch\u00fctzen den Rahmen, ebenso wie Luftpolsterfolie, Karton und Plastikfolie in mehreren Schichten. Zerlegte Teile werden ebenfalls gesch\u00fctzt oder in kleineren Kartons verpackt, damit sie das Fahrrad w\u00e4hrend des Transports nicht besch\u00e4digen.<\/p>\t\t\t\t\t\t\t\t<\/div>\n\t\t\t\t<\/div>\n\t\t\t\t<div class=\"elementor-element elementor-element-5f93442 gallery-spacing-custom elementor-widget elementor-widget-image-gallery\" data-id=\"5f93442\" data-element_type=\"widget\" data-e-type=\"widget\" data-widget_type=\"image-gallery.default\">\n\t\t\t\t<div class=\"elementor-widget-container\">\n\t\t\t\t\t\t\t<div class=\"elementor-image-gallery\">\n\t\t\t<div id='gallery-1' class='gallery galleryid-511 gallery-columns-3 gallery-size-full'><figure class='gallery-item'>\n\t\t\t<div class='gallery-icon landscape'>\n\t\t\t\t<a data-elementor-open-lightbox=\"yes\" data-elementor-lightbox-slideshow=\"5f93442\" data-elementor-lightbox-title=\"PXL_20250305_172906736.PORTRAIT (1)\" data-e-action-hash=\"#elementor-action%3Aaction%3Dlightbox%26settings%3DeyJpZCI6NDE4OSwidXJsIjoiaHR0cHM6XC9cL3d3dy5qb2xpdmVsby5jb21cL3dwLWNvbnRlbnRcL3VwbG9hZHNcLzIwMjVcLzAzXC9QWExfMjAyNTAzMDVfMTcyOTA2NzM2LlBPUlRSQUlULTEuanBnIiwic2xpZGVzaG93IjoiNWY5MzQ0MiJ9\" href='https:\/\/www.jolivelo.com\/wp-content\/uploads\/2025\/03\/PXL_20250305_172906736.PORTRAIT-1.jpg'><img fetchpriority=\"high\" decoding=\"async\" width=\"900\" height=\"676\" src=\"https:\/\/www.jolivelo.com\/wp-content\/uploads\/2025\/03\/PXL_20250305_172906736.PORTRAIT-1.jpg\" class=\"attachment-full size-full\" alt=\"\" srcset=\"https:\/\/www.jolivelo.com\/wp-content\/uploads\/2025\/03\/PXL_20250305_172906736.PORTRAIT-1.jpg 900w, https:\/\/www.jolivelo.com\/wp-content\/uploads\/2025\/03\/PXL_20250305_172906736.PORTRAIT-1-300x225.jpg 300w, https:\/\/www.jolivelo.com\/wp-content\/uploads\/2025\/03\/PXL_20250305_172906736.PORTRAIT-1-768x577.jpg 768w, https:\/\/www.jolivelo.com\/wp-content\/uploads\/2025\/03\/PXL_20250305_172906736.PORTRAIT-1-16x12.jpg 16w\" sizes=\"(max-width: 900px) 100vw, 900px\" \/><\/a>\n\t\t\t<\/div><\/figure><figure class='gallery-item'>\n\t\t\t<div class='gallery-icon landscape'>\n\t\t\t\t<a data-elementor-open-lightbox=\"yes\" data-elementor-lightbox-slideshow=\"5f93442\" data-elementor-lightbox-title=\"PXL_20250311_185714098.PORTRAIT.ORIGINAL (1)\" data-e-action-hash=\"#elementor-action%3Aaction%3Dlightbox%26settings%3DeyJpZCI6NDE5MCwidXJsIjoiaHR0cHM6XC9cL3d3dy5qb2xpdmVsby5jb21cL3dwLWNvbnRlbnRcL3VwbG9hZHNcLzIwMjVcLzAzXC9QWExfMjAyNTAzMTFfMTg1NzE0MDk4LlBPUlRSQUlULk9SSUdJTkFMLTEuanBnIiwic2xpZGVzaG93IjoiNWY5MzQ0MiJ9\" href='https:\/\/www.jolivelo.com\/wp-content\/uploads\/2025\/03\/PXL_20250311_185714098.PORTRAIT.ORIGINAL-1.jpg'><img decoding=\"async\" width=\"900\" height=\"676\" src=\"https:\/\/www.jolivelo.com\/wp-content\/uploads\/2025\/03\/PXL_20250311_185714098.PORTRAIT.ORIGINAL-1.jpg\" class=\"attachment-full size-full\" alt=\"\" srcset=\"https:\/\/www.jolivelo.com\/wp-content\/uploads\/2025\/03\/PXL_20250311_185714098.PORTRAIT.ORIGINAL-1.jpg 900w, https:\/\/www.jolivelo.com\/wp-content\/uploads\/2025\/03\/PXL_20250311_185714098.PORTRAIT.ORIGINAL-1-300x225.jpg 300w, https:\/\/www.jolivelo.com\/wp-content\/uploads\/2025\/03\/PXL_20250311_185714098.PORTRAIT.ORIGINAL-1-768x577.jpg 768w, https:\/\/www.jolivelo.com\/wp-content\/uploads\/2025\/03\/PXL_20250311_185714098.PORTRAIT.ORIGINAL-1-16x12.jpg 16w\" sizes=\"(max-width: 900px) 100vw, 900px\" \/><\/a>\n\t\t\t<\/div><\/figure><figure class='gallery-item'>\n\t\t\t<div class='gallery-icon landscape'>\n\t\t\t\t<a data-elementor-open-lightbox=\"yes\" data-elementor-lightbox-slideshow=\"5f93442\" data-elementor-lightbox-title=\"PXL_20250311_190423072.RAW-01.COVER (2)\" data-e-action-hash=\"#elementor-action%3Aaction%3Dlightbox%26settings%3DeyJpZCI6NDE5MiwidXJsIjoiaHR0cHM6XC9cL3d3dy5qb2xpdmVsby5jb21cL3dwLWNvbnRlbnRcL3VwbG9hZHNcLzIwMjVcLzAzXC9QWExfMjAyNTAzMTFfMTkwNDIzMDcyLlJBVy0wMS5DT1ZFUi0yLmpwZyIsInNsaWRlc2hvdyI6IjVmOTM0NDIifQ%3D%3D\" href='https:\/\/www.jolivelo.com\/wp-content\/uploads\/2025\/03\/PXL_20250311_190423072.RAW-01.COVER-2.jpg'><img decoding=\"async\" width=\"901\" height=\"676\" src=\"https:\/\/www.jolivelo.com\/wp-content\/uploads\/2025\/03\/PXL_20250311_190423072.RAW-01.COVER-2.jpg\" class=\"attachment-full size-full\" alt=\"\" srcset=\"https:\/\/www.jolivelo.com\/wp-content\/uploads\/2025\/03\/PXL_20250311_190423072.RAW-01.COVER-2.jpg 901w, https:\/\/www.jolivelo.com\/wp-content\/uploads\/2025\/03\/PXL_20250311_190423072.RAW-01.COVER-2-300x225.jpg 300w, https:\/\/www.jolivelo.com\/wp-content\/uploads\/2025\/03\/PXL_20250311_190423072.RAW-01.COVER-2-768x576.jpg 768w, https:\/\/www.jolivelo.com\/wp-content\/uploads\/2025\/03\/PXL_20250311_190423072.RAW-01.COVER-2-16x12.jpg 16w\" sizes=\"(max-width: 901px) 100vw, 901px\" \/><\/a>\n\t\t\t<\/div><\/figure>\n\t\t<\/div>\n\t\t<\/div>\n\t\t\t\t\t\t<\/div>\n\t\t\t\t<\/div>\n\t\t\t\t<div class=\"elementor-element elementor-element-b1868dd elementor-widget elementor-widget-heading\" data-id=\"b1868dd\" data-element_type=\"widget\" data-e-type=\"widget\" data-widget_type=\"heading.default\">\n\t\t\t\t<div class=\"elementor-widget-container\">\n\t\t\t\t\t<h2 class=\"elementor-heading-title elementor-size-default\">Versandkosten\n<\/h2>\t\t\t\t<\/div>\n\t\t\t\t<\/div>\n\t\t\t\t<div class=\"elementor-element elementor-element-088a721 elementor-widget elementor-widget-text-editor\" data-id=\"088a721\" data-element_type=\"widget\" data-e-type=\"widget\" data-widget_type=\"text-editor.default\">\n\t\t\t\t<div class=\"elementor-widget-container\">\n\t\t\t\t\t\t\t\t\t<p>Fahrr\u00e4der werden \u00fcber DHL versendet.<\/p>\n<ul>\n<li><strong>Deutschland : 65\u20ac<\/strong><\/li>\n<li><strong>EU \/ Europa : 90\u20ac<\/strong><\/li>\n<li><strong>Rest der Welt : 230\u20ac<\/strong><\/li>\n<\/ul>\n<p>Nach dem Kauf dauert es maximal 5 Tage, bis das Fahrrad verschickt wird. <br>Nach dem Versand betr\u00e4gt die Lieferzeit in Deutschland zwischen 2 und 4 Tagen.<\/p>\n<p>Die Lieferzeit f\u00fcr Europa betr\u00e4gt 5-7 Werktage.<\/p>\n<p>F\u00fcr die folgenden St\u00e4dte und ihre Umgebung ist es <strong>manchmal m\u00f6glich, eine kostenlose Lieferung zu erhalten.<\/strong><\/p>\t\t\t\t\t\t\t\t<\/div>\n\t\t\t\t<\/div>\n\t\t\t\t<div class=\"elementor-element elementor-element-6547d26 elementor-widget elementor-widget-text-editor\" data-id=\"6547d26\" data-element_type=\"widget\" data-e-type=\"widget\" data-widget_type=\"text-editor.default\">\n\t\t\t\t<div class=\"elementor-widget-container\">\n\t\t\t\t\t\t\t\t\t<ul><li>Hamburg<\/li><li>Flensburg<\/li><li>L\u00fcbeck<\/li><li>Rostock<\/li><li>Schwerin<\/li><li>Berlin<\/li><li>Bremen<\/li><li>M\u00fcnster<\/li><li>Osnabr\u00fcck<\/li><li>Dortmund<\/li><li>D\u00fcsseldorf<\/li><li>Essen<\/li><li>K\u00f6ln<\/li><li>Aachen<\/li><li>Bonn<\/li><li>Trier<\/li><li>Stettin (PL)<\/li><li>L\u00fcttich (BE)<\/li><li>Reims<\/li><li>Charleville-M\u00e9zi\u00e8res<\/li><li>Maastricht<\/li><\/ul>\t\t\t\t\t\t\t\t<\/div>\n\t\t\t\t<\/div>\n\t\t\t\t<div class=\"elementor-element elementor-element-9bf81af elementor-widget elementor-widget-text-editor\" data-id=\"9bf81af\" data-element_type=\"widget\" data-e-type=\"widget\" data-widget_type=\"text-editor.default\">\n\t\t\t\t<div class=\"elementor-widget-container\">\n\t\t\t\t\t\t\t\t\t<p>Wenn du in diesen Gebieten wohnst und ein Fahrrad bestellen m\u00f6chtest, kontaktiere mich bitte per E-Mail oder Telefon, um die M\u00f6glichkeit einer kostenlosen Lieferung zu besprechen.<\/p>\t\t\t\t\t\t\t\t<\/div>\n\t\t\t\t<\/div>\n\t\t\t\t\t<\/div>\n\t\t<\/div>\n\t\t\t\t\t<\/div>\n\t\t<\/section>\n\t\t\t\t<section class=\"elementor-section elementor-top-section elementor-element elementor-element-4a6a93b elementor-section-boxed elementor-section-height-default elementor-section-height-default\" data-id=\"4a6a93b\" data-element_type=\"section\" data-e-type=\"section\" data-settings=\"{&quot;background_background&quot;:&quot;slideshow&quot;,&quot;background_slideshow_gallery&quot;:[{&quot;id&quot;:3674,&quot;url&quot;:&quot;https:\\\/\\\/www.jolivelo.com\\\/wp-content\\\/uploads\\\/2025\\\/02\\\/PXL_20250225_150830842.PORTRAIT.jpg&quot;},{&quot;id&quot;:3644,&quot;url&quot;:&quot;https:\\\/\\\/www.jolivelo.com\\\/wp-content\\\/uploads\\\/2025\\\/02\\\/PXL_20250225_145817428.PORTRAIT.jpg&quot;},{&quot;id&quot;:3598,&quot;url&quot;:&quot;https:\\\/\\\/www.jolivelo.com\\\/wp-content\\\/uploads\\\/2025\\\/01\\\/PXL_20250102_120642259.PORTRAIT-scaled.jpg&quot;}],&quot;background_slideshow_ken_burns&quot;:&quot;yes&quot;,&quot;background_slideshow_loop&quot;:&quot;yes&quot;,&quot;background_slideshow_slide_duration&quot;:5000,&quot;background_slideshow_slide_transition&quot;:&quot;fade&quot;,&quot;background_slideshow_transition_duration&quot;:500,&quot;background_slideshow_ken_burns_zoom_direction&quot;:&quot;in&quot;}\">\n\t\t\t\t\t\t<div class=\"elementor-container elementor-column-gap-default\">\n\t\t\t\t\t<div class=\"elementor-column elementor-col-100 elementor-top-column elementor-element elementor-element-ec99da2\" data-id=\"ec99da2\" data-element_type=\"column\" data-e-type=\"column\">\n\t\t\t<div class=\"elementor-widget-wrap elementor-element-populated\">\n\t\t\t\t\t\t<div class=\"elementor-element elementor-element-a18372a elementor-align-center elementor-widget elementor-widget-button\" data-id=\"a18372a\" data-element_type=\"widget\" data-e-type=\"widget\" data-widget_type=\"button.default\">\n\t\t\t\t<div class=\"elementor-widget-container\">\n\t\t\t\t\t\t\t\t\t<div class=\"elementor-button-wrapper\">\n\t\t\t\t\t<a class=\"elementor-button elementor-button-link elementor-size-sm elementor-animation-grow\" href=\"https:\/\/www.jolivelo.com\/kategorien-fahrraeder\/vintage-fahrraeder\/\">\n\t\t\t\t\t\t<span class=\"elementor-button-content-wrapper\">\n\t\t\t\t\t\t\t\t\t<span class=\"elementor-button-text\">Alle Fahrr\u00e4der ansehen<\/span>\n\t\t\t\t\t<\/span>\n\t\t\t\t\t<\/a>\n\t\t\t\t<\/div>\n\t\t\t\t\t\t\t\t<\/div>\n\t\t\t\t<\/div>\n\t\t\t\t\t<\/div>\n\t\t<\/div>\n\t\t\t\t\t<\/div>\n\t\t<\/section>\n\t\t\t\t<\/div>\n\t\t","protected":false},"excerpt":{"rendered":"<p>Versand Alles \u00fcber den Versand deines zuk\u00fcnftigen Vintage-Fahrrads \ud83d\ude42 Demontage und Schutz des Fahrrads Joli V\u00e9lo versendet seine restaurierten Vintage-Fahrr\u00e4der weltweit. Einige Teile werden abmontiert und das Fahrrad wird sorgf\u00e4ltig gesch\u00fctzt, damit es beim Transport nicht besch\u00e4digt wird. Es werden Kartons verwendet, die speziell f\u00fcr den Versand von Fahrr\u00e4dern bestimmt sind. Die Teile, die f\u00fcr [&hellip;]<\/p>\n","protected":false},"author":1,"featured_media":0,"parent":0,"menu_order":0,"comment_status":"closed","ping_status":"closed","template":"elementor_header_footer","meta":{"_seopress_robots_primary_cat":"","_seopress_titles_title":"","_seopress_titles_desc":"","_seopress_robots_index":"","_monsterinsights_skip_tracking":false,"_monsterinsights_sitenote_active":false,"_monsterinsights_sitenote_note":"","_monsterinsights_sitenote_category":0,"footnotes":""},"class_list":["post-511","page","type-page","status-publish","hentry"],"blocksy_meta":{"styles_descriptor":{"styles":{"desktop":"","tablet":"","mobile":""},"google_fonts":[],"version":6}},"_links":{"self":[{"href":"https:\/\/www.jolivelo.com\/da\/wp-json\/wp\/v2\/pages\/511","targetHints":{"allow":["GET"]}}],"collection":[{"href":"https:\/\/www.jolivelo.com\/da\/wp-json\/wp\/v2\/pages"}],"about":[{"href":"https:\/\/www.jolivelo.com\/da\/wp-json\/wp\/v2\/types\/page"}],"author":[{"embeddable":true,"href":"https:\/\/www.jolivelo.com\/da\/wp-json\/wp\/v2\/users\/1"}],"replies":[{"embeddable":true,"href":"https:\/\/www.jolivelo.com\/da\/wp-json\/wp\/v2\/comments?post=511"}],"version-history":[{"count":0,"href":"https:\/\/www.jolivelo.com\/da\/wp-json\/wp\/v2\/pages\/511\/revisions"}],"wp:attachment":[{"href":"https:\/\/www.jolivelo.com\/da\/wp-json\/wp\/v2\/media?parent=511"}],"curies":[{"name":"wp","href":"https:\/\/api.w.org\/{rel}","templated":true}]}}