{"id":49,"date":"2022-11-08T15:23:01","date_gmt":"2022-11-08T15:23:01","guid":{"rendered":"https:\/\/www.jolivelo.com\/?page_id=49"},"modified":"2023-02-01T13:25:47","modified_gmt":"2023-02-01T13:25:47","slug":"vilkar-og-betingelser","status":"publish","type":"page","link":"https:\/\/www.jolivelo.com\/da\/vilkar-og-betingelser\/","title":{"rendered":"Vilk\u00e5r og betingelser"},"content":{"rendered":"<div data-elementor-type=\"wp-page\" data-elementor-id=\"49\" class=\"elementor elementor-49\" data-elementor-post-type=\"page\">\n\t\t\t\t\t\t<section class=\"elementor-section elementor-top-section elementor-element elementor-element-0c3b3aa elementor-section-boxed elementor-section-height-default elementor-section-height-default\" data-id=\"0c3b3aa\" data-element_type=\"section\" data-e-type=\"section\">\n\t\t\t\t\t\t<div class=\"elementor-container elementor-column-gap-default\">\n\t\t\t\t\t<div class=\"elementor-column elementor-col-100 elementor-top-column elementor-element elementor-element-e647dc9\" data-id=\"e647dc9\" data-element_type=\"column\" data-e-type=\"column\">\n\t\t\t<div class=\"elementor-widget-wrap elementor-element-populated\">\n\t\t\t\t\t\t<div class=\"elementor-element elementor-element-ca2eeb6 elementor-widget elementor-widget-heading\" data-id=\"ca2eeb6\" data-element_type=\"widget\" data-e-type=\"widget\" data-widget_type=\"heading.default\">\n\t\t\t\t<div class=\"elementor-widget-container\">\n\t\t\t\t\t<h1 class=\"elementor-heading-title elementor-size-default\">Generelle vilk\u00e5r og betingelser (GTC)<\/h1>\t\t\t\t<\/div>\n\t\t\t\t<\/div>\n\t\t\t\t<div class=\"elementor-element elementor-element-fcf296a elementor-widget elementor-widget-text-editor\" data-id=\"fcf296a\" data-element_type=\"widget\" data-e-type=\"widget\" data-widget_type=\"text-editor.default\">\n\t\t\t\t<div class=\"elementor-widget-container\">\n\t\t\t\t\t\t\t\t\t<h4>1. Omfang<\/h4><p><strong>1.1<\/strong> Disse generelle vilk\u00e5r og betingelser (herefter &quot;GTC&quot;) for &quot;Christopher Laliat&quot; (herefter &quot;s\u00e6lger&quot;) g\u00e6lder for alle kontrakter indg\u00e5et mellem en forbruger eller iv\u00e6rks\u00e6tter (herefter &quot;kunden&quot;) og s\u00e6lgeren vedr\u00f8rende alle varer, der pr\u00e6senteres i s\u00e6lgers onlinebutik. Medtagelsen af kundens egne vilk\u00e5r og betingelser afvises hermed, medmindre andet er aftalt.<\/p><p><strong>1.2<\/strong> En forbruger i henhold til disse generelle vilk\u00e5r og betingelser er enhver fysisk person, der indg\u00e5r en juridisk transaktion til form\u00e5l, der overvejende hverken kan henf\u00f8res til deres kommercielle eller til deres selvst\u00e6ndige professionelle aktivitet.<\/p><p><strong>1.3<\/strong> En iv\u00e6rks\u00e6tter i henhold til disse generelle vilk\u00e5r og betingelser er en fysisk eller juridisk person eller et partnerskab med retsevne, som ved indg\u00e5else af en juridisk transaktion handler i ud\u00f8velsen af sin kommercielle eller selvst\u00e6ndige erhvervsm\u00e6ssige aktivitet.<\/p><p>\u00a0<\/p><h4>2. Indg\u00e5else af kontrakt<\/h4><p><strong>2.1<\/strong> Produktpr\u00e6sentationerne i s\u00e6lgers onlineshop udg\u00f8r ikke bindende tilbud fra s\u00e6lgers side, men tjener til at afgive et bindende tilbud fra kunden.<br \/><br \/><strong>2.2<\/strong> Kunden kan afgive tilbuddet via online bestillingsformularen integreret i s\u00e6lgers netbutik. Efter at have lagt de valgte varer i den virtuelle indk\u00f8bskurv og gennemf\u00f8rt den elektroniske bestillingsproces, afgiver kunden et juridisk bindende kontraktligt tilbud med hensyn til varerne i indk\u00f8bskurven ved at klikke p\u00e5 knappen, der afslutter bestillingsprocessen. Kunden kan endvidere afgive tilbuddet til s\u00e6lger via telefon, fax, e-mail eller post.<br \/><br \/><strong>2.3<\/strong> S\u00e6lger kan acceptere kundens tilbud inden for fem dage,<br \/>\u2013 ved at sende kunden en skriftlig ordrebekr\u00e6ftelse eller en ordrebekr\u00e6ftelse i tekstform (fax eller e-mail), hvorved kundens modtagelse af ordrebekr\u00e6ftelsen er afg\u00f8rende, eller<br \/>\u2013 ved at levere de bestilte varer til kunden, hvorved kundens modtagelse af varerne er afg\u00f8rende, eller<br \/>\u2013 ved at anmode om betaling fra kunden efter at have afgivet sin ordre.<\/p><p>Hvis der findes flere af de n\u00e6vnte alternativer, indg\u00e5s aftalen p\u00e5 det tidspunkt, hvor et af de f\u00f8rn\u00e6vnte alternativer indtr\u00e6ffer f\u00f8rst. Fristen for at acceptere tilbuddet begynder dagen efter, at tilbuddet er sendt af kunden og slutter ved udl\u00f8bet af den femte dag efter afsendelsen af tilbuddet. Accepterer s\u00e6lger ikke kundens tilbud inden for den n\u00e6vnte frist, anses dette for at v\u00e6re en afvisning af tilbuddet med den konsekvens, at kunden ikke l\u00e6ngere er bundet af sin hensigtserkl\u00e6ring.<br \/><br \/><strong>2.4<\/strong> Ved afgivelse af tilbud via s\u00e6lgers online bestillingsformular gemmes kontraktteksten af s\u00e6lger og sendes til kunden i tekstform (f.eks. e-mail, fax eller brev), efter at ordren er afsendt, sammen med disse generelle vilk\u00e5r og betingelser. Kunden kan dog ikke l\u00e6ngere tilg\u00e5 kontraktteksten via s\u00e6lgers hjemmeside efter afsendelse af sin ordre.<br \/><br \/><strong>2.5<\/strong> Inden afgivelse af en bindende ordre via S\u00e6lgers online bestillingsformular, kan Kunden identificere mulige indtastningsfejl ved omhyggeligt at l\u00e6se de oplysninger, der vises p\u00e5 sk\u00e6rmen. Et effektivt teknisk middel til bedre opdagelse af inputfejl kan v\u00e6re browserens forst\u00f8rrelsesfunktion, som forst\u00f8rrer visningen p\u00e5 sk\u00e6rmen. Inden bestillingen afgives, kan kunden til enhver tid rette sine indtastninger under den elektroniske bestillingsproces ved hj\u00e6lp af de s\u00e6dvanlige tastatur- og musefunktioner. Derudover vises alle indtastninger igen i et bekr\u00e6ftelsesvindue inden bestillingen afgives og kan ogs\u00e5 rettes der ved hj\u00e6lp af de s\u00e6dvanlige tastatur- og musefunktioner.<br \/><br \/><strong>2.6<\/strong> Kun det tyske sprog er tilg\u00e6ngeligt for indg\u00e5else af kontrakten.<br \/><br \/><strong>2.7<\/strong> Ordrebehandling og kontakt foreg\u00e5r normalt via e-mail og automatiseret ordrebehandling. Kunden skal sikre sig, at den oplyste e-mailadresse til ordrebehandling er korrekt, s\u00e5ledes at e-mails sendt af s\u00e6lger kan modtages p\u00e5 denne adresse. Specielt ved brug af SPAM-filtre skal kunden sikre, at alle e-mails sendt af s\u00e6lger eller af tredjeparter bestilt af s\u00e6lger til at behandle ordren kan leveres.<br \/><br \/><\/p><h4>3. Fortrydelsesret<\/h4><p><strong>3.1<\/strong> Forbrugere har generelt fortrydelsesret.<br \/><br \/><strong>3.2<\/strong> Yderligere information om fortrydelsesretten kan findes i s\u00e6lgers fortrydelsespolitik.<br \/><br \/><strong>3.3<\/strong> Fortrydelsesretten g\u00e6lder ikke for forbrugere, der p\u00e5 tidspunktet for aftalens indg\u00e5else ikke er medlem af et medlemsland af Den Europ\u00e6iske Union, og hvis eneste bop\u00e6l og leveringsadresse er uden for Den Europ\u00e6iske Union p\u00e5 tidspunktet for aftalens indg\u00e5else.<br \/><br \/><\/p><h4>4. Priser og betalingsbetingelser<\/h4><p><strong>4.1<\/strong> Med mindre andet er angivet i s\u00e6lgers produktbeskrivelse, er de angivne priser totalpriser inklusive lovpligtig moms. Eventuelle yderligere leverings- og fragtomkostninger, der m\u00e5tte opst\u00e5, vil fremg\u00e5 s\u00e6rskilt i den respektive produktbeskrivelse.<br \/><br \/><strong>4.2<\/strong> Ved leverancer til lande uden for EU kan der i enkelte tilf\u00e6lde opst\u00e5 yderligere omkostninger, som s\u00e6lger ikke er ansvarlig for, og som skal afholdes af kunden. Disse omfatter for eksempel omkostninger til kreditinstitutters overf\u00f8rsel af penge (f.eks. overf\u00f8rselsgebyrer, valutakursgebyrer) eller importafgifter eller skatter (f.eks. told). S\u00e5danne omkostninger kan ogs\u00e5 opst\u00e5 i forbindelse med overf\u00f8rsel af penge, hvis leveringen ikke sker til et land uden for EU, men kunden foretager betalingen fra et land uden for EU.<br \/><br \/><strong>4.3<\/strong> Kunden har forskellige betalingsmuligheder til r\u00e5dighed, som er specificeret i s\u00e6lgers online shop.<br \/><br \/><strong>4.4<\/strong> S\u00e5fremt der er aftalt forudbetaling ved bankoverf\u00f8rsel, forfalder betaling umiddelbart efter indg\u00e5else af kontrakten, medmindre parterne har aftalt en senere forfaldsdato.<br \/><br \/><strong>4.5<\/strong> Hvis du v\u00e6lger betalingsmetoden &quot;PayPal&quot;, vil betalingen blive behandlet via betalingstjenesteudbyderen PayPal (Europe) S.\u00e0 rl et Cie, SCA, 22-24 Boulevard Royal, L-2449 Luxembourg, underlagt PayPals vilk\u00e5r for brug, som kan ses p\u00e5 https:\/\/www.paypal.com\/de\/webapps\/useragreement-ua\/. Det kr\u00e6ver blandt andet, at kunden opretter en PayPal-konto eller allerede har en s\u00e5dan.<br \/><br \/><\/p><h4>5. Leverings- og forsendelsesbetingelser<\/h4><p><strong>5.1<\/strong> Varer leveres normalt med posten til den leveringsadresse, som kunden har oplyst. Ved behandling af handlen er den leveringsadresse, der er angivet i s\u00e6lgers k\u00f8bsproces, afg\u00f8rende. Uanset dette, hvis betalingsmetoden PayPal v\u00e6lges, er leveringsadressen, som kunden har oplyst til PayPal p\u00e5 betalingstidspunktet, afg\u00f8rende.<br \/><br \/><strong>5.2<\/strong> Hvis transportfirmaet returnerer de afsendte varer til s\u00e6lger, fordi levering til kunden ikke var mulig, afholder kunden omkostningerne for den mislykkede forsendelse. Dette g\u00e6lder ikke, s\u00e5fremt kunden ikke er ansvarlig for de forhold, der har medf\u00f8rt, at leveringen ikke var mulig, eller hvis han midlertidigt var forhindret i at acceptere den tilbudte ydelse, medmindre s\u00e6lger har meddelt ham ydelsen i rimelig tid i forvejen.<br \/><br \/><strong>5.3<\/strong> For varer leveret ved fragtforsendelse sker levering &quot;fri kantsten&quot;, det vil sige op til den offentlige kantsten n\u00e6rmest leveringsadressen, medmindre andet er angivet i forsendelsesoplysningerne i s\u00e6lgers netbutik og med mindre andet er aftalt.<br \/><br \/><strong>5.4<\/strong> Ved selvafhentning vil s\u00e6lger f\u00f8rst informere kunden p\u00e5 mail om, at de bestilte varer er klar til afhentning. Efter at have modtaget denne e-mail, kan kunden efter samr\u00e5d med s\u00e6lger afhente varerne fra s\u00e6lgers lokaler. I dette tilf\u00e6lde vil der ikke blive opkr\u00e6vet forsendelsesomkostninger.<br \/><br \/><\/p><h4>6. Ejendomsforbehold<\/h4><p>Hvis s\u00e6lger foretager forudbetalinger, bevarer han ejendomsretten til det leverede, indtil den skyldige k\u00f8besum er betalt fuldt ud.<br \/><br \/><\/p><h4>7. Ansvar for mangler<\/h4><p><strong>7.1<\/strong> Er den k\u00f8bte vare defekt, g\u00e6lder det lovpligtige ansvar for mangler.<br \/><br \/><strong>7.2<\/strong> For brugte varer g\u00e6lder f\u00f8lgende: Reklamation for mangler er udelukket, hvis manglen f\u00f8rst indtr\u00e6der efter et \u00e5r fra varens levering. Mangler, der opst\u00e5r inden for et \u00e5r efter varens levering, kan g\u00f8res g\u00e6ldende inden for den lovbestemte for\u00e6ldelsesfrist. Neds\u00e6ttelsen af h\u00e6ftelsesperioden til et \u00e5r g\u00e6lder dog ikke<\/p><p>\u2013 for genstande, der har v\u00e6ret brugt til en bygning i overensstemmelse med deres s\u00e6dvanlige form\u00e5l, og som har for\u00e5rsaget dens mangel,<\/p><p>\u2013 for erstatningskrav og refusion af udgifter fra kunden, samt<\/p><p>\u2013 i tilf\u00e6lde af, at s\u00e6lger svigagtigt har skjult manglen.<br \/><br \/><strong>7.3<\/strong> Kunden opfordres til at klage til leverand\u00f8ren over eventuelle leverede varer med \u00e5benlyse transportskader og at informere s\u00e6lger herom. Hvis kunden undlader at g\u00f8re dette, har dette ingen indflydelse p\u00e5 hans lovm\u00e6ssige eller kontraktm\u00e6ssige krav om mangler.<br \/><br \/><\/p><h4>8. Godtg\u00f8relse i tilf\u00e6lde af kr\u00e6nkelse af tredjemands rettigheder<\/h4><p>Hvis s\u00e6lger i henhold til kontraktens indhold er forpligtet til ikke blot at levere varerne, men ogs\u00e5 at behandle varerne i henhold til kundens specifikke specifikationer, skal kunden sikre sig, at det indhold, der leveres til s\u00e6lgeren med henblik p\u00e5 forarbejdning, ikke kr\u00e6nker tredjemands rettigheder (f.eks. ophavsrettigheder eller varem\u00e6rkerettigheder). Kunden fritager s\u00e6lger mod ethvert krav fremsat af tredjemand i forbindelse med en kr\u00e6nkelse af deres rettigheder gennem s\u00e6lgers kontraktm\u00e6ssige brug af kundens indhold. Kunden skal ogs\u00e5 p\u00e5tage sig de rimelige omkostninger til ethvert n\u00f8dvendigt juridisk forsvar, herunder alle rets- og advokatsal\u00e6rer til det lovbestemte bel\u00f8b. Dette g\u00e6lder ikke, hvis kunden ikke er ansvarlig for overtr\u00e6delsen. I tilf\u00e6lde af et krav fra tredjemand er kunden forpligtet til at give s\u00e6lger omg\u00e5ende, sandf\u00e6rdigt og fuldst\u00e6ndigt alle oplysninger, der er n\u00f8dvendige for unders\u00f8gelsen af kravene og til forsvar.<br \/><br \/><\/p><h4>9. G\u00e6ldende lov<\/h4><p><strong>9.1<\/strong> Alle juridiske forhold mellem parterne er underlagt lovene i Forbundsrepublikken Tyskland, undtagen lovene om internationalt salg af l\u00f8s\u00f8re. For forbrugeres vedkommende g\u00e6lder dette lovvalg kun i det omfang, den ydede beskyttelse ikke tr\u00e6kkes tilbage af ufravigelige bestemmelser i loven i det land, hvor forbrugeren har sit s\u00e6dvanlige opholdssted.<br \/><br \/><strong>9.2<\/strong> Endvidere g\u00e6lder dette lovvalg med hensyn til den lovbestemte fortrydelsesret ikke for forbrugere, som p\u00e5 tidspunktet for aftalens indg\u00e5else ikke er medlemmer af en medlemsstat i Den Europ\u00e6iske Union, og hvis eneste bop\u00e6l og leveringsadresse er uden for Den Europ\u00e6iske Union p\u00e5 tidspunktet for aftalens indg\u00e5else.<br \/><br \/><\/p><h4>10. Oplysninger om online tvistbil\u00e6ggelse<\/h4><p><strong>10.1<\/strong> EU-Kommissionen tilbyder en platform til online tvistbil\u00e6ggelse p\u00e5 internettet p\u00e5 f\u00f8lgende link: https:\/\/ec.europa.eu\/consumers\/odr<\/p><p>Denne platform fungerer som et kontaktpunkt for udenretslig bil\u00e6ggelse af tvister, der opst\u00e5r fra onlinesalg eller servicekontrakter, der involverer en forbruger.<\/p><p><strong>10.2<\/strong> S\u00e6lger er hverken forpligtet eller villig til at deltage i tvistbil\u00e6ggelsessager ved en forbrugervoldgiftsn\u00e6vn.<\/p>\t\t\t\t\t\t\t\t<\/div>\n\t\t\t\t<\/div>\n\t\t\t\t\t<\/div>\n\t\t<\/div>\n\t\t\t\t\t<\/div>\n\t\t<\/section>\n\t\t\t\t<\/div>","protected":false},"excerpt":{"rendered":"<p>Allgemeine Gesch\u00e4ftsbedingungen (AGB) 1. Geltungsbereich 1.1 Diese Allgemeinen Gesch\u00e4ftsbedingungen (nachfolgend &#8222;AGB&#8220;) von &#8222;Christopher Laliat&#8220; (nachfolgend &#8222;Verk\u00e4ufer&#8220;), gelten f\u00fcr alle Vertr\u00e4ge, die ein Verbraucher oder Unternehmer (nachfolgend &#8222;Kunde&#8220;) mit dem Verk\u00e4ufer hinsichtlich der vom Verk\u00e4ufer in seinem Online-Shop dargestellten Waren abschlie\u00dft. Hiermit wird der Einbeziehung von eigenen Bedingungen des Kunden widersprochen, es sei denn, es ist [&hellip;]<\/p>\n","protected":false},"author":1,"featured_media":0,"parent":0,"menu_order":0,"comment_status":"closed","ping_status":"closed","template":"elementor_header_footer","meta":{"_seopress_robots_primary_cat":"","_seopress_titles_title":"","_seopress_titles_desc":"","_seopress_robots_index":"","_monsterinsights_skip_tracking":false,"_monsterinsights_sitenote_active":false,"_monsterinsights_sitenote_note":"","_monsterinsights_sitenote_category":0,"footnotes":""},"class_list":["post-49","page","type-page","status-publish","hentry"],"blocksy_meta":{"styles_descriptor":{"styles":{"desktop":"","tablet":"","mobile":""},"google_fonts":[],"version":6}},"_links":{"self":[{"href":"https:\/\/www.jolivelo.com\/da\/wp-json\/wp\/v2\/pages\/49","targetHints":{"allow":["GET"]}}],"collection":[{"href":"https:\/\/www.jolivelo.com\/da\/wp-json\/wp\/v2\/pages"}],"about":[{"href":"https:\/\/www.jolivelo.com\/da\/wp-json\/wp\/v2\/types\/page"}],"author":[{"embeddable":true,"href":"https:\/\/www.jolivelo.com\/da\/wp-json\/wp\/v2\/users\/1"}],"replies":[{"embeddable":true,"href":"https:\/\/www.jolivelo.com\/da\/wp-json\/wp\/v2\/comments?post=49"}],"version-history":[{"count":0,"href":"https:\/\/www.jolivelo.com\/da\/wp-json\/wp\/v2\/pages\/49\/revisions"}],"wp:attachment":[{"href":"https:\/\/www.jolivelo.com\/da\/wp-json\/wp\/v2\/media?parent=49"}],"curies":[{"name":"wp","href":"https:\/\/api.w.org\/{rel}","templated":true}]}}