{"id":4413,"date":"2025-03-20T10:05:03","date_gmt":"2025-03-20T10:05:03","guid":{"rendered":"https:\/\/www.jolivelo.com\/?page_id=4413"},"modified":"2025-03-20T10:06:43","modified_gmt":"2025-03-20T10:06:43","slug":"retten-til-at-vende-tilbage","status":"publish","type":"page","link":"https:\/\/www.jolivelo.com\/da\/retten-til-at-vende-tilbage\/","title":{"rendered":"Ret til at vende tilbage"},"content":{"rendered":"<div data-elementor-type=\"wp-page\" data-elementor-id=\"4413\" class=\"elementor elementor-4413\" data-elementor-post-type=\"page\">\n\t\t\t\t\t\t<section class=\"elementor-section elementor-top-section elementor-element elementor-element-772c471 elementor-section-boxed elementor-section-height-default elementor-section-height-default\" data-id=\"772c471\" data-element_type=\"section\" data-e-type=\"section\">\n\t\t\t\t\t\t<div class=\"elementor-container elementor-column-gap-default\">\n\t\t\t\t\t<div class=\"elementor-column elementor-col-100 elementor-top-column elementor-element elementor-element-8d15cf1\" data-id=\"8d15cf1\" data-element_type=\"column\" data-e-type=\"column\">\n\t\t\t<div class=\"elementor-widget-wrap elementor-element-populated\">\n\t\t\t\t\t\t<div class=\"elementor-element elementor-element-f28713e elementor-widget elementor-widget-text-editor\" data-id=\"f28713e\" data-element_type=\"widget\" data-e-type=\"widget\" data-widget_type=\"text-editor.default\">\n\t\t\t\t<div class=\"elementor-widget-container\">\n\t\t\t\t\t\t\t\t\t<h1>Politik for returnering og ombytning<\/h1><h2><br \/>K\u00f8b p\u00e5 nettet<\/h2><p>Hvis du ikke er tilfreds med din cykel, kan du returnere den under f\u00f8lgende betingelser og f\u00e5 pengene tilbage eller ombyttet:<\/p><p>Cyklen <strong>skal v\u00e6re modtaget inden for 14 dage efter leveringsdatoen<\/strong> blive returneret.<br \/>Den skal v\u00e6re i ubrugt stand og m\u00e5 ikke vise tegn p\u00e5 slitage p\u00e5 d\u00e6k, k\u00e6de eller bremseklodser.<br \/><strong>Cyklen m\u00e5 ikke v\u00e6re specialfremstillet.<\/strong><br \/>Hvis du vil fortryde dit k\u00f8b inden for fortrydelsesfristen, skal du returnere cyklen inden for 14 dage efter levering og sikre, at den er i sin oprindelige stand, som fastsat i EU's direktiv om forbrugerrettigheder (2011\/83\/EU).<\/p><p>Alle returnerede cykler skal v\u00e6re i deres originale emballage. <strong>Bem\u00e6rk, at forsendelsesomkostningerne ikke kan refunderes.<\/strong>. Desuden kan specialfremstillede varer ikke returneres i henhold til EU's forbrugerrettighedsdirektiv.<\/p><p>Tilbagebetaling sker til samme PayPal-konto, bankkonto eller kredit-\/debetkort, som blev brugt ved k\u00f8bet.<\/p><p><strong>Returadresse:<\/strong><br \/>Christopher Laliat<br \/>Kleiststrasse 25<br \/>24105 Kiel<br \/>Tyskland<\/p><p>\u00a0<\/p><h2>K\u00f8b i butik\/lager<\/h2><p>Cykler og dele k\u00f8bt i butikken <strong>kan kun udveksles<\/strong> (under samme betingelser som for onlinek\u00f8b). Ombytning sker i form af en v\u00e6rdikupon til vores butik. <strong>Det er ikke muligt at f\u00e5 pengene tilbage.<\/strong><\/p>\t\t\t\t\t\t\t\t<\/div>\n\t\t\t\t<\/div>\n\t\t\t\t\t<\/div>\n\t\t<\/div>\n\t\t\t\t\t<\/div>\n\t\t<\/section>\n\t\t\t\t<\/div>","protected":false},"excerpt":{"rendered":"<p>R\u00fcckgabe- und Umtauschbestimmungen Online-K\u00e4ufe Wenn Sie mit Ihrem Fahrrad nicht zufrieden sind, k\u00f6nnen Sie es unter den folgenden Bedingungen zur\u00fcckgeben und erhalten eine volle R\u00fcckerstattung oder einen Umtausch: Das Fahrrad muss innerhalb von 14 Tagen nach dem Lieferdatum zur\u00fcckgegeben werden.Es muss sich in unbenutztem Zustand befinden und darf keine Anzeichen von Abnutzung an Reifen, Kette [&hellip;]<\/p>\n","protected":false},"author":1,"featured_media":0,"parent":0,"menu_order":0,"comment_status":"closed","ping_status":"closed","template":"elementor_header_footer","meta":{"_seopress_robots_primary_cat":"","_seopress_titles_title":"","_seopress_titles_desc":"","_seopress_robots_index":"","_monsterinsights_skip_tracking":false,"_monsterinsights_sitenote_active":false,"_monsterinsights_sitenote_note":"","_monsterinsights_sitenote_category":0,"footnotes":""},"class_list":["post-4413","page","type-page","status-publish","hentry"],"blocksy_meta":[],"_links":{"self":[{"href":"https:\/\/www.jolivelo.com\/da\/wp-json\/wp\/v2\/pages\/4413","targetHints":{"allow":["GET"]}}],"collection":[{"href":"https:\/\/www.jolivelo.com\/da\/wp-json\/wp\/v2\/pages"}],"about":[{"href":"https:\/\/www.jolivelo.com\/da\/wp-json\/wp\/v2\/types\/page"}],"author":[{"embeddable":true,"href":"https:\/\/www.jolivelo.com\/da\/wp-json\/wp\/v2\/users\/1"}],"replies":[{"embeddable":true,"href":"https:\/\/www.jolivelo.com\/da\/wp-json\/wp\/v2\/comments?post=4413"}],"version-history":[{"count":0,"href":"https:\/\/www.jolivelo.com\/da\/wp-json\/wp\/v2\/pages\/4413\/revisions"}],"wp:attachment":[{"href":"https:\/\/www.jolivelo.com\/da\/wp-json\/wp\/v2\/media?parent=4413"}],"curies":[{"name":"wp","href":"https:\/\/api.w.org\/{rel}","templated":true}]}}